{"id":4778,"date":"2019-06-04T13:56:04","date_gmt":"2019-06-04T10:56:04","guid":{"rendered":"https:\/\/challengesforum.org\/?page_id=4778"},"modified":"2020-09-30T12:36:04","modified_gmt":"2020-09-30T09:36:04","slug":"home","status":"publish","type":"page","link":"https:\/\/challengesforum.org\/es\/","title":{"rendered":"Configurando el debate"},"content":{"rendered":"\n<p>El Challenges Forum es una plataforma estrat\u00e9gica y din\u00e1mica para el di\u00e1logo constructivo entre los principales pol\u00edticos, profesionales y acad\u00e9micos sobre cuestiones y evoluciones claves en operaciones de paz.<\/p>\n","protected":false},"excerpt":{"rendered":"<p>El Challenges Forum es una plataforma estrat\u00e9gica y din\u00e1mica para el di\u00e1logo constructivo entre los principales pol\u00edticos, profesionales y acad\u00e9micos sobre cuestiones y evoluciones claves en operaciones de paz.<\/p>\n","protected":false},"author":14,"featured_media":2785,"parent":0,"menu_order":0,"comment_status":"closed","ping_status":"closed","template":"page-templates\/homepage.php","meta":{"_acf_changed":false,"ghostkit_customizer_options":"","ghostkit_custom_css":"","ghostkit_custom_js_head":"","ghostkit_custom_js_foot":"","ghostkit_typography":"","footnotes":""},"class_list":["post-4778","page","type-page","status-publish","has-post-thumbnail","hentry"],"acf":[],"yoast_head":"<!-- This site is optimized with the Yoast SEO plugin v26.8 - https:\/\/yoast.com\/product\/yoast-seo-wordpress\/ -->\n<title>Configurando el debate - ChallengesForum<\/title>\n<meta name=\"description\" content=\"The Challenges Forum is a strategic and dynamic platform for constructive dialogue among leading policymakers, practitioners and academics on key issues and developments in peace operations.\" \/>\n<meta name=\"robots\" content=\"index, follow, max-snippet:-1, max-image-preview:large, max-video-preview:-1\" \/>\n<link rel=\"canonical\" href=\"https:\/\/challengesforum.org\/es\/\" \/>\n<meta property=\"og:locale\" content=\"es_ES\" \/>\n<meta property=\"og:type\" content=\"article\" \/>\n<meta property=\"og:title\" content=\"Configurando el debate - ChallengesForum\" \/>\n<meta property=\"og:description\" content=\"The Challenges Forum is a strategic and dynamic platform for constructive dialogue among leading policymakers, practitioners and academics on key issues and developments in peace operations.\" \/>\n<meta property=\"og:url\" content=\"https:\/\/challengesforum.org\/es\/\" \/>\n<meta property=\"og:site_name\" content=\"ChallengesForum\" \/>\n<meta property=\"article:publisher\" content=\"https:\/\/www.facebook.com\/challengesforum\/\" \/>\n<meta property=\"article:modified_time\" content=\"2020-09-30T09:36:04+00:00\" \/>\n<meta property=\"og:image\" content=\"https:\/\/challengesforum.org\/wp-content\/uploads\/2019\/06\/top-main-info-bg.jpg\" \/>\n\t<meta property=\"og:image:width\" content=\"1440\" \/>\n\t<meta property=\"og:image:height\" content=\"592\" \/>\n\t<meta property=\"og:image:type\" content=\"image\/jpeg\" \/>\n<meta name=\"twitter:card\" content=\"summary_large_image\" \/>\n<meta name=\"twitter:site\" content=\"@challengesforum\" \/>\n<script type=\"application\/ld+json\" class=\"yoast-schema-graph\">{\"@context\":\"https:\/\/schema.org\",\"@graph\":[{\"@type\":\"WebPage\",\"@id\":\"https:\/\/challengesforum.org\/es\/\",\"url\":\"https:\/\/challengesforum.org\/es\/\",\"name\":\"Configurando el debate - ChallengesForum\",\"isPartOf\":{\"@id\":\"https:\/\/challengesforum.org\/#website\"},\"primaryImageOfPage\":{\"@id\":\"https:\/\/challengesforum.org\/es\/#primaryimage\"},\"image\":{\"@id\":\"https:\/\/challengesforum.org\/es\/#primaryimage\"},\"thumbnailUrl\":\"https:\/\/fbaprodcontent.blob.core.windows.net\/challengesforum-prod\/2019\/06\/top-main-info-bg.jpg\",\"datePublished\":\"2019-06-04T10:56:04+00:00\",\"dateModified\":\"2020-09-30T09:36:04+00:00\",\"description\":\"The Challenges Forum is a strategic and dynamic platform for constructive dialogue among leading policymakers, practitioners and academics on key issues and developments in peace operations.\",\"breadcrumb\":{\"@id\":\"https:\/\/challengesforum.org\/es\/#breadcrumb\"},\"inLanguage\":\"es-ES\",\"potentialAction\":[{\"@type\":\"ReadAction\",\"target\":[\"https:\/\/challengesforum.org\/es\/\"]}]},{\"@type\":\"ImageObject\",\"inLanguage\":\"es-ES\",\"@id\":\"https:\/\/challengesforum.org\/es\/#primaryimage\",\"url\":\"https:\/\/fbaprodcontent.blob.core.windows.net\/challengesforum-prod\/2019\/06\/top-main-info-bg.jpg\",\"contentUrl\":\"https:\/\/fbaprodcontent.blob.core.windows.net\/challengesforum-prod\/2019\/06\/top-main-info-bg.jpg\",\"width\":1440,\"height\":592},{\"@type\":\"BreadcrumbList\",\"@id\":\"https:\/\/challengesforum.org\/es\/#breadcrumb\",\"itemListElement\":[{\"@type\":\"ListItem\",\"position\":1,\"name\":\"Home\",\"item\":\"https:\/\/challengesforum.org\/es\/\"},{\"@type\":\"ListItem\",\"position\":2,\"name\":\"Configurando el debate\"}]},{\"@type\":\"WebSite\",\"@id\":\"https:\/\/challengesforum.org\/#website\",\"url\":\"https:\/\/challengesforum.org\/\",\"name\":\"ChallengesForum\",\"description\":\"International forum for the challenges of peace operations\",\"potentialAction\":[{\"@type\":\"SearchAction\",\"target\":{\"@type\":\"EntryPoint\",\"urlTemplate\":\"https:\/\/challengesforum.org\/?s={search_term_string}\"},\"query-input\":{\"@type\":\"PropertyValueSpecification\",\"valueRequired\":true,\"valueName\":\"search_term_string\"}}],\"inLanguage\":\"es-ES\"}]}<\/script>\n<!-- \/ Yoast SEO plugin. -->","yoast_head_json":{"title":"Configurando el debate - ChallengesForum","description":"The Challenges Forum is a strategic and dynamic platform for constructive dialogue among leading policymakers, practitioners and academics on key issues and developments in peace operations.","robots":{"index":"index","follow":"follow","max-snippet":"max-snippet:-1","max-image-preview":"max-image-preview:large","max-video-preview":"max-video-preview:-1"},"canonical":"https:\/\/challengesforum.org\/es\/","og_locale":"es_ES","og_type":"article","og_title":"Configurando el debate - ChallengesForum","og_description":"The Challenges Forum is a strategic and dynamic platform for constructive dialogue among leading policymakers, practitioners and academics on key issues and developments in peace operations.","og_url":"https:\/\/challengesforum.org\/es\/","og_site_name":"ChallengesForum","article_publisher":"https:\/\/www.facebook.com\/challengesforum\/","article_modified_time":"2020-09-30T09:36:04+00:00","og_image":[{"width":1440,"height":592,"url":"https:\/\/challengesforum.org\/wp-content\/uploads\/2019\/06\/top-main-info-bg.jpg","type":"image\/jpeg"}],"twitter_card":"summary_large_image","twitter_site":"@challengesforum","schema":{"@context":"https:\/\/schema.org","@graph":[{"@type":"WebPage","@id":"https:\/\/challengesforum.org\/es\/","url":"https:\/\/challengesforum.org\/es\/","name":"Configurando el debate - ChallengesForum","isPartOf":{"@id":"https:\/\/challengesforum.org\/#website"},"primaryImageOfPage":{"@id":"https:\/\/challengesforum.org\/es\/#primaryimage"},"image":{"@id":"https:\/\/challengesforum.org\/es\/#primaryimage"},"thumbnailUrl":"https:\/\/fbaprodcontent.blob.core.windows.net\/challengesforum-prod\/2019\/06\/top-main-info-bg.jpg","datePublished":"2019-06-04T10:56:04+00:00","dateModified":"2020-09-30T09:36:04+00:00","description":"The Challenges Forum is a strategic and dynamic platform for constructive dialogue among leading policymakers, practitioners and academics on key issues and developments in peace operations.","breadcrumb":{"@id":"https:\/\/challengesforum.org\/es\/#breadcrumb"},"inLanguage":"es-ES","potentialAction":[{"@type":"ReadAction","target":["https:\/\/challengesforum.org\/es\/"]}]},{"@type":"ImageObject","inLanguage":"es-ES","@id":"https:\/\/challengesforum.org\/es\/#primaryimage","url":"https:\/\/fbaprodcontent.blob.core.windows.net\/challengesforum-prod\/2019\/06\/top-main-info-bg.jpg","contentUrl":"https:\/\/fbaprodcontent.blob.core.windows.net\/challengesforum-prod\/2019\/06\/top-main-info-bg.jpg","width":1440,"height":592},{"@type":"BreadcrumbList","@id":"https:\/\/challengesforum.org\/es\/#breadcrumb","itemListElement":[{"@type":"ListItem","position":1,"name":"Home","item":"https:\/\/challengesforum.org\/es\/"},{"@type":"ListItem","position":2,"name":"Configurando el debate"}]},{"@type":"WebSite","@id":"https:\/\/challengesforum.org\/#website","url":"https:\/\/challengesforum.org\/","name":"ChallengesForum","description":"International forum for the challenges of peace operations","potentialAction":[{"@type":"SearchAction","target":{"@type":"EntryPoint","urlTemplate":"https:\/\/challengesforum.org\/?s={search_term_string}"},"query-input":{"@type":"PropertyValueSpecification","valueRequired":true,"valueName":"search_term_string"}}],"inLanguage":"es-ES"}]}},"_links":{"self":[{"href":"https:\/\/challengesforum.org\/es\/wp-json\/wp\/v2\/pages\/4778","targetHints":{"allow":["GET"]}}],"collection":[{"href":"https:\/\/challengesforum.org\/es\/wp-json\/wp\/v2\/pages"}],"about":[{"href":"https:\/\/challengesforum.org\/es\/wp-json\/wp\/v2\/types\/page"}],"author":[{"embeddable":true,"href":"https:\/\/challengesforum.org\/es\/wp-json\/wp\/v2\/users\/14"}],"replies":[{"embeddable":true,"href":"https:\/\/challengesforum.org\/es\/wp-json\/wp\/v2\/comments?post=4778"}],"version-history":[{"count":0,"href":"https:\/\/challengesforum.org\/es\/wp-json\/wp\/v2\/pages\/4778\/revisions"}],"wp:featuredmedia":[{"embeddable":true,"href":"https:\/\/challengesforum.org\/es\/wp-json\/wp\/v2\/media\/2785"}],"wp:attachment":[{"href":"https:\/\/challengesforum.org\/es\/wp-json\/wp\/v2\/media?parent=4778"}],"curies":[{"name":"wp","href":"https:\/\/api.w.org\/{rel}","templated":true}]}}