{"id":4783,"date":"2020-05-19T17:07:02","date_gmt":"2020-05-19T14:07:02","guid":{"rendered":"https:\/\/challengesforum.org\/?page_id=4783"},"modified":"2020-05-19T17:07:03","modified_gmt":"2020-05-19T14:07:03","slug":"quienes-somos","status":"publish","type":"page","link":"https:\/\/challengesforum.org\/es\/quienes-somos\/","title":{"rendered":"Qui\u00e9nes somos"},"content":{"rendered":"\n<p>Challenges Forum es una red que invita a la reflexi\u00f3n, es innovadora, inclusiva y orientada a resultados, con el objetivo de compartir conocimientos y experiencias. Invita a actores clave para deliberar sobre las distintas dimensiones y enfoques de las operaciones de paz, a trav\u00e9s de eventos, talleres y publicaciones.<\/p>\n\n\n\n<p>Proporcionamos una plataforma imparcial e informal para el di\u00e1logo. Nuestro objetivo es contribuir a mejorar la habilidad y capacidad internacional para planificar, realizar y evaluar operaciones de paz multilaterales. Con este fin generamos recomendaciones sobre pol\u00edticas espec\u00edficas y orientaci\u00f3n, para que sean consideradas por los principales pol\u00edticos, profesionales y expertos.<\/p>\n\n\n\n<figure class=\"wp-block-image\"><img loading=\"lazy\" decoding=\"async\" width=\"1024\" height=\"1024\" src=\"https:\/\/fbaprodcontent.blob.core.windows.net\/challengesforum-prod\/2019\/06\/CAF19PICMAPSMALL-1024x1024.jpg\" alt=\"\" class=\"wp-image-2483\" srcset=\"https:\/\/fbaprodcontent.blob.core.windows.net\/challengesforum-prod\/2019\/06\/CAF19PICMAPSMALL-1024x1024.jpg 1024w, https:\/\/fbaprodcontent.blob.core.windows.net\/challengesforum-prod\/2019\/06\/CAF19PICMAPSMALL-150x150.jpg 150w, https:\/\/fbaprodcontent.blob.core.windows.net\/challengesforum-prod\/2019\/06\/CAF19PICMAPSMALL-300x300.jpg 300w, https:\/\/fbaprodcontent.blob.core.windows.net\/challengesforum-prod\/2019\/06\/CAF19PICMAPSMALL-768x768.jpg 768w, https:\/\/fbaprodcontent.blob.core.windows.net\/challengesforum-prod\/2019\/06\/CAF19PICMAPSMALL.jpg 1200w\" sizes=\"(max-width: 1024px) 100vw, 1024px\" \/><figcaption>Picture from Challenges Annual Forum 2019 in Montreal, Canada. Hosted by the Government of Canada, it brought together 130 participants from all over the globe representing the UN, AU, the Challenges Forum Partnership and expert institutions. Find out more about the resulting recommendations on how to improve effectiveness of peace operations <a href=\"https:\/\/challengesforum.org\/event\/challenges-annual-forum-2019-politics-peacabuilding-transition-and-leadership\/\">here<\/a>.<\/figcaption><\/figure>\n\n\n\n<p>Fundamental en nuestro esfuerzo es cerrar la brecha entre los niveles pol\u00edtico y operacional; crear entendimiento compartido entre la ONU y las organizaciones regionales, los estados miembros, pa\u00edses que aportan contingentes de soldados y polic\u00edas; y los pa\u00edses receptores.<\/p>\n\n\n\n<div class=\"ghostkit-button-wrapper ghostkit-button-wrapper-gap-md\">\n<a class=\"ghostkit-button ghostkit-button-md ghostkit-button-single-k0l52\" href=\"https:\/\/challengesforum.org\/about\/what-we-do\/\" data-ghostkit-styles=\".ghostkit-button-single-k0l52 { background-color: #0366d6; color: #ffffff; border-radius: 2px; }\"><span class=\"ghostkit-button-text\">For more on &#8220;What we do&#8221;<\/span><\/a>\n<\/div>\n","protected":false},"excerpt":{"rendered":"<p>Challenges Forum es una red que invita a la reflexi\u00f3n, es innovadora, inclusiva y orientada a resultados, con el objetivo de compartir conocimientos y experiencias. Invita a actores clave para&#8230; <span class=\"more-link\">Read more &raquo;<\/span><\/p>\n","protected":false},"author":14,"featured_media":0,"parent":0,"menu_order":1,"comment_status":"closed","ping_status":"closed","template":"","meta":{"_acf_changed":false,"ghostkit_customizer_options":"","ghostkit_custom_css":"","ghostkit_custom_js_head":"","ghostkit_custom_js_foot":"","ghostkit_typography":"","footnotes":""},"class_list":["post-4783","page","type-page","status-publish","hentry"],"acf":[],"yoast_head":"<!-- This site is optimized with the Yoast SEO plugin v26.8 - https:\/\/yoast.com\/product\/yoast-seo-wordpress\/ -->\n<title>Qui\u00e9nes somos - ChallengesForum<\/title>\n<meta name=\"robots\" content=\"index, follow, max-snippet:-1, max-image-preview:large, max-video-preview:-1\" \/>\n<link rel=\"canonical\" href=\"https:\/\/challengesforum.org\/es\/quienes-somos\/\" \/>\n<meta property=\"og:locale\" content=\"es_ES\" \/>\n<meta property=\"og:type\" content=\"article\" \/>\n<meta property=\"og:title\" content=\"Qui\u00e9nes somos - ChallengesForum\" \/>\n<meta property=\"og:description\" content=\"Challenges Forum es una red que invita a la reflexi\u00f3n, es innovadora, inclusiva y orientada a resultados, con el objetivo de compartir conocimientos y experiencias. Invita a actores clave para... Read more &raquo;\" \/>\n<meta property=\"og:url\" content=\"https:\/\/challengesforum.org\/es\/quienes-somos\/\" \/>\n<meta property=\"og:site_name\" content=\"ChallengesForum\" \/>\n<meta property=\"article:publisher\" content=\"https:\/\/www.facebook.com\/challengesforum\/\" \/>\n<meta property=\"article:modified_time\" content=\"2020-05-19T14:07:03+00:00\" \/>\n<meta property=\"og:image\" content=\"https:\/\/challengesforum.org\/wp-content\/uploads\/2019\/06\/CAF19PICMAPSMALL-1024x1024.jpg\" \/>\n<meta name=\"twitter:card\" content=\"summary_large_image\" \/>\n<meta name=\"twitter:site\" content=\"@challengesforum\" \/>\n<meta name=\"twitter:label1\" content=\"Est. reading time\" \/>\n\t<meta name=\"twitter:data1\" content=\"1 minute\" \/>\n<script type=\"application\/ld+json\" class=\"yoast-schema-graph\">{\"@context\":\"https:\/\/schema.org\",\"@graph\":[{\"@type\":\"WebPage\",\"@id\":\"https:\/\/challengesforum.org\/es\/quienes-somos\/\",\"url\":\"https:\/\/challengesforum.org\/es\/quienes-somos\/\",\"name\":\"Qui\u00e9nes somos - ChallengesForum\",\"isPartOf\":{\"@id\":\"https:\/\/challengesforum.org\/#website\"},\"primaryImageOfPage\":{\"@id\":\"https:\/\/challengesforum.org\/es\/quienes-somos\/#primaryimage\"},\"image\":{\"@id\":\"https:\/\/challengesforum.org\/es\/quienes-somos\/#primaryimage\"},\"thumbnailUrl\":\"https:\/\/fbaprodcontent.blob.core.windows.net\/challengesforum-prod\/2019\/06\/CAF19PICMAPSMALL-1024x1024.jpg\",\"datePublished\":\"2020-05-19T14:07:02+00:00\",\"dateModified\":\"2020-05-19T14:07:03+00:00\",\"breadcrumb\":{\"@id\":\"https:\/\/challengesforum.org\/es\/quienes-somos\/#breadcrumb\"},\"inLanguage\":\"es-ES\",\"potentialAction\":[{\"@type\":\"ReadAction\",\"target\":[\"https:\/\/challengesforum.org\/es\/quienes-somos\/\"]}]},{\"@type\":\"ImageObject\",\"inLanguage\":\"es-ES\",\"@id\":\"https:\/\/challengesforum.org\/es\/quienes-somos\/#primaryimage\",\"url\":\"https:\/\/fbaprodcontent.blob.core.windows.net\/challengesforum-prod\/2019\/06\/CAF19PICMAPSMALL-1024x1024.jpg\",\"contentUrl\":\"https:\/\/fbaprodcontent.blob.core.windows.net\/challengesforum-prod\/2019\/06\/CAF19PICMAPSMALL-1024x1024.jpg\"},{\"@type\":\"BreadcrumbList\",\"@id\":\"https:\/\/challengesforum.org\/es\/quienes-somos\/#breadcrumb\",\"itemListElement\":[{\"@type\":\"ListItem\",\"position\":1,\"name\":\"Home\",\"item\":\"https:\/\/challengesforum.org\/es\/\"},{\"@type\":\"ListItem\",\"position\":2,\"name\":\"Qui\u00e9nes somos\"}]},{\"@type\":\"WebSite\",\"@id\":\"https:\/\/challengesforum.org\/#website\",\"url\":\"https:\/\/challengesforum.org\/\",\"name\":\"ChallengesForum\",\"description\":\"International forum for the challenges of peace operations\",\"potentialAction\":[{\"@type\":\"SearchAction\",\"target\":{\"@type\":\"EntryPoint\",\"urlTemplate\":\"https:\/\/challengesforum.org\/?s={search_term_string}\"},\"query-input\":{\"@type\":\"PropertyValueSpecification\",\"valueRequired\":true,\"valueName\":\"search_term_string\"}}],\"inLanguage\":\"es-ES\"}]}<\/script>\n<!-- \/ Yoast SEO plugin. -->","yoast_head_json":{"title":"Qui\u00e9nes somos - ChallengesForum","robots":{"index":"index","follow":"follow","max-snippet":"max-snippet:-1","max-image-preview":"max-image-preview:large","max-video-preview":"max-video-preview:-1"},"canonical":"https:\/\/challengesforum.org\/es\/quienes-somos\/","og_locale":"es_ES","og_type":"article","og_title":"Qui\u00e9nes somos - ChallengesForum","og_description":"Challenges Forum es una red que invita a la reflexi\u00f3n, es innovadora, inclusiva y orientada a resultados, con el objetivo de compartir conocimientos y experiencias. Invita a actores clave para... Read more &raquo;","og_url":"https:\/\/challengesforum.org\/es\/quienes-somos\/","og_site_name":"ChallengesForum","article_publisher":"https:\/\/www.facebook.com\/challengesforum\/","article_modified_time":"2020-05-19T14:07:03+00:00","og_image":[{"url":"https:\/\/challengesforum.org\/wp-content\/uploads\/2019\/06\/CAF19PICMAPSMALL-1024x1024.jpg","type":"","width":"","height":""}],"twitter_card":"summary_large_image","twitter_site":"@challengesforum","twitter_misc":{"Est. reading time":"1 minute"},"schema":{"@context":"https:\/\/schema.org","@graph":[{"@type":"WebPage","@id":"https:\/\/challengesforum.org\/es\/quienes-somos\/","url":"https:\/\/challengesforum.org\/es\/quienes-somos\/","name":"Qui\u00e9nes somos - ChallengesForum","isPartOf":{"@id":"https:\/\/challengesforum.org\/#website"},"primaryImageOfPage":{"@id":"https:\/\/challengesforum.org\/es\/quienes-somos\/#primaryimage"},"image":{"@id":"https:\/\/challengesforum.org\/es\/quienes-somos\/#primaryimage"},"thumbnailUrl":"https:\/\/fbaprodcontent.blob.core.windows.net\/challengesforum-prod\/2019\/06\/CAF19PICMAPSMALL-1024x1024.jpg","datePublished":"2020-05-19T14:07:02+00:00","dateModified":"2020-05-19T14:07:03+00:00","breadcrumb":{"@id":"https:\/\/challengesforum.org\/es\/quienes-somos\/#breadcrumb"},"inLanguage":"es-ES","potentialAction":[{"@type":"ReadAction","target":["https:\/\/challengesforum.org\/es\/quienes-somos\/"]}]},{"@type":"ImageObject","inLanguage":"es-ES","@id":"https:\/\/challengesforum.org\/es\/quienes-somos\/#primaryimage","url":"https:\/\/fbaprodcontent.blob.core.windows.net\/challengesforum-prod\/2019\/06\/CAF19PICMAPSMALL-1024x1024.jpg","contentUrl":"https:\/\/fbaprodcontent.blob.core.windows.net\/challengesforum-prod\/2019\/06\/CAF19PICMAPSMALL-1024x1024.jpg"},{"@type":"BreadcrumbList","@id":"https:\/\/challengesforum.org\/es\/quienes-somos\/#breadcrumb","itemListElement":[{"@type":"ListItem","position":1,"name":"Home","item":"https:\/\/challengesforum.org\/es\/"},{"@type":"ListItem","position":2,"name":"Qui\u00e9nes somos"}]},{"@type":"WebSite","@id":"https:\/\/challengesforum.org\/#website","url":"https:\/\/challengesforum.org\/","name":"ChallengesForum","description":"International forum for the challenges of peace operations","potentialAction":[{"@type":"SearchAction","target":{"@type":"EntryPoint","urlTemplate":"https:\/\/challengesforum.org\/?s={search_term_string}"},"query-input":{"@type":"PropertyValueSpecification","valueRequired":true,"valueName":"search_term_string"}}],"inLanguage":"es-ES"}]}},"_links":{"self":[{"href":"https:\/\/challengesforum.org\/es\/wp-json\/wp\/v2\/pages\/4783","targetHints":{"allow":["GET"]}}],"collection":[{"href":"https:\/\/challengesforum.org\/es\/wp-json\/wp\/v2\/pages"}],"about":[{"href":"https:\/\/challengesforum.org\/es\/wp-json\/wp\/v2\/types\/page"}],"author":[{"embeddable":true,"href":"https:\/\/challengesforum.org\/es\/wp-json\/wp\/v2\/users\/14"}],"replies":[{"embeddable":true,"href":"https:\/\/challengesforum.org\/es\/wp-json\/wp\/v2\/comments?post=4783"}],"version-history":[{"count":0,"href":"https:\/\/challengesforum.org\/es\/wp-json\/wp\/v2\/pages\/4783\/revisions"}],"wp:attachment":[{"href":"https:\/\/challengesforum.org\/es\/wp-json\/wp\/v2\/media?parent=4783"}],"curies":[{"name":"wp","href":"https:\/\/api.w.org\/{rel}","templated":true}]}}