{"id":4785,"date":"2020-05-19T17:07:42","date_gmt":"2020-05-19T14:07:42","guid":{"rendered":"https:\/\/challengesforum.org\/?page_id=4785"},"modified":"2024-05-29T10:28:11","modified_gmt":"2024-05-29T08:28:11","slug":"vision-y-mision","status":"publish","type":"page","link":"https:\/\/challengesforum.org\/es\/quienes-somos\/vision-y-mision\/","title":{"rendered":"Visi\u00f3n y Misi\u00f3n"},"content":{"rendered":"\n<h2 class=\"wp-block-heading\" id=\"vision\"><strong>Visi\u00f3n<\/strong><\/h2>\n\n\n\n<p>Nuestra visi\u00f3n es la paz y la seguridad en todo el mundo mediante alianzas multilaterales s\u00f3lidas y operaciones de paz que sean m\u00e1s efectivas.&nbsp;<\/p>\n\n\n\n<h2 class=\"wp-block-heading\" id=\"mision-1\"><strong>Misi\u00f3n<\/strong><\/h2>\n\n\n\n<p>Challenges Forum es una alianza global, que a trav\u00e9s de su poder de convocatoria, genera ideas innovadoras y promueve operaciones de paz m\u00e1s efectivas.<\/p>\n\n\n\n<p>Para obtener m\u00e1s informaci\u00f3n sobre la estructura del Challenges Forum y futuras acciones de la alianza, acceda o descargue nuestra estrategia que encontrar\u00e1 a continuaci\u00f3n:<br><br><a href=\"https:\/\/fbaprodcontent.blob.core.windows.net\/challengesforum-prod\/2024\/03\/Challenges-Strategy-2024-2028.pdf\"><strong>Estrategia del Challenges Forum para 2024-2028<\/strong><\/a> (en Ingl\u00e9s)<\/p>\n\n\n\n<h2 class=\"wp-block-heading\"><\/h2>\n\n\n\n<figure class=\"wp-block-image\"><img loading=\"lazy\" decoding=\"async\" width=\"1024\" height=\"683\" src=\"https:\/\/fbaprodcontent.blob.core.windows.net\/challengesforum-prod\/2019\/06\/Colombia_children_peace_small-1024x683.jpg\" alt=\"\" class=\"wp-image-2664\" srcset=\"https:\/\/fbaprodcontent.blob.core.windows.net\/challengesforum-prod\/2019\/06\/Colombia_children_peace_small-1024x683.jpg 1024w, https:\/\/fbaprodcontent.blob.core.windows.net\/challengesforum-prod\/2019\/06\/Colombia_children_peace_small-300x200.jpg 300w, https:\/\/fbaprodcontent.blob.core.windows.net\/challengesforum-prod\/2019\/06\/Colombia_children_peace_small-768x512.jpg 768w, https:\/\/fbaprodcontent.blob.core.windows.net\/challengesforum-prod\/2019\/06\/Colombia_children_peace_small.jpg 1200w\" sizes=\"(max-width: 1024px) 100vw, 1024px\" \/><figcaption class=\"wp-element-caption\">UN Photo\/Jennifer Moreno. The United Nations Mission in Colombia celebrated the International Day of Peace in 2017 by inviting people to light a candle for the 2,769 lives that according to CERAC, were saved during the first 10 months of the ceasefire between the Government and the FARC-EP. Here the Choir of the  Hacienda Los Alcaparros College, signing two songs with message of Peace.<\/figcaption><\/figure>\n","protected":false},"excerpt":{"rendered":"<p>Visi\u00f3n Nuestra visi\u00f3n es la paz y la seguridad en todo el mundo mediante alianzas multilaterales s\u00f3lidas y operaciones de paz que sean m\u00e1s efectivas.&nbsp; Misi\u00f3n Challenges Forum es una&#8230; <span class=\"more-link\">Read more &raquo;<\/span><\/p>\n","protected":false},"author":14,"featured_media":0,"parent":4783,"menu_order":0,"comment_status":"closed","ping_status":"closed","template":"","meta":{"_acf_changed":false,"ghostkit_customizer_options":"","ghostkit_custom_css":"","ghostkit_custom_js_head":"","ghostkit_custom_js_foot":"","ghostkit_typography":"","footnotes":""},"class_list":["post-4785","page","type-page","status-publish","hentry"],"acf":[],"yoast_head":"<!-- This site is optimized with the Yoast SEO plugin v26.8 - https:\/\/yoast.com\/product\/yoast-seo-wordpress\/ -->\n<title>Visi\u00f3n y Misi\u00f3n - ChallengesForum<\/title>\n<meta name=\"robots\" content=\"index, follow, max-snippet:-1, max-image-preview:large, max-video-preview:-1\" \/>\n<link rel=\"canonical\" href=\"https:\/\/challengesforum.org\/es\/quienes-somos\/vision-y-mision\/\" \/>\n<meta property=\"og:locale\" content=\"es_ES\" \/>\n<meta property=\"og:type\" content=\"article\" \/>\n<meta property=\"og:title\" content=\"Visi\u00f3n y Misi\u00f3n - ChallengesForum\" \/>\n<meta property=\"og:description\" content=\"Visi\u00f3n Nuestra visi\u00f3n es la paz y la seguridad en todo el mundo mediante alianzas multilaterales s\u00f3lidas y operaciones de paz que sean m\u00e1s efectivas.&nbsp; Misi\u00f3n Challenges Forum es una... Read more &raquo;\" \/>\n<meta property=\"og:url\" content=\"https:\/\/challengesforum.org\/es\/quienes-somos\/vision-y-mision\/\" \/>\n<meta property=\"og:site_name\" content=\"ChallengesForum\" \/>\n<meta property=\"article:publisher\" content=\"https:\/\/www.facebook.com\/challengesforum\/\" \/>\n<meta property=\"article:modified_time\" content=\"2024-05-29T08:28:11+00:00\" \/>\n<meta property=\"og:image\" content=\"https:\/\/challengesforum.org\/wp-content\/uploads\/2019\/06\/Colombia_children_peace_small-1024x683.jpg\" \/>\n<meta name=\"twitter:card\" content=\"summary_large_image\" \/>\n<meta name=\"twitter:site\" content=\"@challengesforum\" \/>\n<meta name=\"twitter:label1\" content=\"Est. reading time\" \/>\n\t<meta name=\"twitter:data1\" content=\"1 minute\" \/>\n<script type=\"application\/ld+json\" class=\"yoast-schema-graph\">{\"@context\":\"https:\/\/schema.org\",\"@graph\":[{\"@type\":\"WebPage\",\"@id\":\"https:\/\/challengesforum.org\/es\/quienes-somos\/vision-y-mision\/\",\"url\":\"https:\/\/challengesforum.org\/es\/quienes-somos\/vision-y-mision\/\",\"name\":\"Visi\u00f3n y Misi\u00f3n - ChallengesForum\",\"isPartOf\":{\"@id\":\"https:\/\/challengesforum.org\/#website\"},\"primaryImageOfPage\":{\"@id\":\"https:\/\/challengesforum.org\/es\/quienes-somos\/vision-y-mision\/#primaryimage\"},\"image\":{\"@id\":\"https:\/\/challengesforum.org\/es\/quienes-somos\/vision-y-mision\/#primaryimage\"},\"thumbnailUrl\":\"https:\/\/fbaprodcontent.blob.core.windows.net\/challengesforum-prod\/2019\/06\/Colombia_children_peace_small-1024x683.jpg\",\"datePublished\":\"2020-05-19T14:07:42+00:00\",\"dateModified\":\"2024-05-29T08:28:11+00:00\",\"breadcrumb\":{\"@id\":\"https:\/\/challengesforum.org\/es\/quienes-somos\/vision-y-mision\/#breadcrumb\"},\"inLanguage\":\"es-ES\",\"potentialAction\":[{\"@type\":\"ReadAction\",\"target\":[\"https:\/\/challengesforum.org\/es\/quienes-somos\/vision-y-mision\/\"]}]},{\"@type\":\"ImageObject\",\"inLanguage\":\"es-ES\",\"@id\":\"https:\/\/challengesforum.org\/es\/quienes-somos\/vision-y-mision\/#primaryimage\",\"url\":\"https:\/\/fbaprodcontent.blob.core.windows.net\/challengesforum-prod\/2019\/06\/Colombia_children_peace_small-1024x683.jpg\",\"contentUrl\":\"https:\/\/fbaprodcontent.blob.core.windows.net\/challengesforum-prod\/2019\/06\/Colombia_children_peace_small-1024x683.jpg\"},{\"@type\":\"BreadcrumbList\",\"@id\":\"https:\/\/challengesforum.org\/es\/quienes-somos\/vision-y-mision\/#breadcrumb\",\"itemListElement\":[{\"@type\":\"ListItem\",\"position\":1,\"name\":\"Home\",\"item\":\"https:\/\/challengesforum.org\/es\/\"},{\"@type\":\"ListItem\",\"position\":2,\"name\":\"Qui\u00e9nes somos\",\"item\":\"https:\/\/challengesforum.org\/es\/quienes-somos\/\"},{\"@type\":\"ListItem\",\"position\":3,\"name\":\"Visi\u00f3n y Misi\u00f3n\"}]},{\"@type\":\"WebSite\",\"@id\":\"https:\/\/challengesforum.org\/#website\",\"url\":\"https:\/\/challengesforum.org\/\",\"name\":\"ChallengesForum\",\"description\":\"International forum for the challenges of peace operations\",\"potentialAction\":[{\"@type\":\"SearchAction\",\"target\":{\"@type\":\"EntryPoint\",\"urlTemplate\":\"https:\/\/challengesforum.org\/?s={search_term_string}\"},\"query-input\":{\"@type\":\"PropertyValueSpecification\",\"valueRequired\":true,\"valueName\":\"search_term_string\"}}],\"inLanguage\":\"es-ES\"}]}<\/script>\n<!-- \/ Yoast SEO plugin. -->","yoast_head_json":{"title":"Visi\u00f3n y Misi\u00f3n - ChallengesForum","robots":{"index":"index","follow":"follow","max-snippet":"max-snippet:-1","max-image-preview":"max-image-preview:large","max-video-preview":"max-video-preview:-1"},"canonical":"https:\/\/challengesforum.org\/es\/quienes-somos\/vision-y-mision\/","og_locale":"es_ES","og_type":"article","og_title":"Visi\u00f3n y Misi\u00f3n - ChallengesForum","og_description":"Visi\u00f3n Nuestra visi\u00f3n es la paz y la seguridad en todo el mundo mediante alianzas multilaterales s\u00f3lidas y operaciones de paz que sean m\u00e1s efectivas.&nbsp; Misi\u00f3n Challenges Forum es una... Read more &raquo;","og_url":"https:\/\/challengesforum.org\/es\/quienes-somos\/vision-y-mision\/","og_site_name":"ChallengesForum","article_publisher":"https:\/\/www.facebook.com\/challengesforum\/","article_modified_time":"2024-05-29T08:28:11+00:00","og_image":[{"url":"https:\/\/challengesforum.org\/wp-content\/uploads\/2019\/06\/Colombia_children_peace_small-1024x683.jpg","type":"","width":"","height":""}],"twitter_card":"summary_large_image","twitter_site":"@challengesforum","twitter_misc":{"Est. reading time":"1 minute"},"schema":{"@context":"https:\/\/schema.org","@graph":[{"@type":"WebPage","@id":"https:\/\/challengesforum.org\/es\/quienes-somos\/vision-y-mision\/","url":"https:\/\/challengesforum.org\/es\/quienes-somos\/vision-y-mision\/","name":"Visi\u00f3n y Misi\u00f3n - ChallengesForum","isPartOf":{"@id":"https:\/\/challengesforum.org\/#website"},"primaryImageOfPage":{"@id":"https:\/\/challengesforum.org\/es\/quienes-somos\/vision-y-mision\/#primaryimage"},"image":{"@id":"https:\/\/challengesforum.org\/es\/quienes-somos\/vision-y-mision\/#primaryimage"},"thumbnailUrl":"https:\/\/fbaprodcontent.blob.core.windows.net\/challengesforum-prod\/2019\/06\/Colombia_children_peace_small-1024x683.jpg","datePublished":"2020-05-19T14:07:42+00:00","dateModified":"2024-05-29T08:28:11+00:00","breadcrumb":{"@id":"https:\/\/challengesforum.org\/es\/quienes-somos\/vision-y-mision\/#breadcrumb"},"inLanguage":"es-ES","potentialAction":[{"@type":"ReadAction","target":["https:\/\/challengesforum.org\/es\/quienes-somos\/vision-y-mision\/"]}]},{"@type":"ImageObject","inLanguage":"es-ES","@id":"https:\/\/challengesforum.org\/es\/quienes-somos\/vision-y-mision\/#primaryimage","url":"https:\/\/fbaprodcontent.blob.core.windows.net\/challengesforum-prod\/2019\/06\/Colombia_children_peace_small-1024x683.jpg","contentUrl":"https:\/\/fbaprodcontent.blob.core.windows.net\/challengesforum-prod\/2019\/06\/Colombia_children_peace_small-1024x683.jpg"},{"@type":"BreadcrumbList","@id":"https:\/\/challengesforum.org\/es\/quienes-somos\/vision-y-mision\/#breadcrumb","itemListElement":[{"@type":"ListItem","position":1,"name":"Home","item":"https:\/\/challengesforum.org\/es\/"},{"@type":"ListItem","position":2,"name":"Qui\u00e9nes somos","item":"https:\/\/challengesforum.org\/es\/quienes-somos\/"},{"@type":"ListItem","position":3,"name":"Visi\u00f3n y Misi\u00f3n"}]},{"@type":"WebSite","@id":"https:\/\/challengesforum.org\/#website","url":"https:\/\/challengesforum.org\/","name":"ChallengesForum","description":"International forum for the challenges of peace operations","potentialAction":[{"@type":"SearchAction","target":{"@type":"EntryPoint","urlTemplate":"https:\/\/challengesforum.org\/?s={search_term_string}"},"query-input":{"@type":"PropertyValueSpecification","valueRequired":true,"valueName":"search_term_string"}}],"inLanguage":"es-ES"}]}},"_links":{"self":[{"href":"https:\/\/challengesforum.org\/es\/wp-json\/wp\/v2\/pages\/4785","targetHints":{"allow":["GET"]}}],"collection":[{"href":"https:\/\/challengesforum.org\/es\/wp-json\/wp\/v2\/pages"}],"about":[{"href":"https:\/\/challengesforum.org\/es\/wp-json\/wp\/v2\/types\/page"}],"author":[{"embeddable":true,"href":"https:\/\/challengesforum.org\/es\/wp-json\/wp\/v2\/users\/14"}],"replies":[{"embeddable":true,"href":"https:\/\/challengesforum.org\/es\/wp-json\/wp\/v2\/comments?post=4785"}],"version-history":[{"count":2,"href":"https:\/\/challengesforum.org\/es\/wp-json\/wp\/v2\/pages\/4785\/revisions"}],"predecessor-version":[{"id":11597,"href":"https:\/\/challengesforum.org\/es\/wp-json\/wp\/v2\/pages\/4785\/revisions\/11597"}],"up":[{"embeddable":true,"href":"https:\/\/challengesforum.org\/es\/wp-json\/wp\/v2\/pages\/4783"}],"wp:attachment":[{"href":"https:\/\/challengesforum.org\/es\/wp-json\/wp\/v2\/media?parent=4785"}],"curies":[{"name":"wp","href":"https:\/\/api.w.org\/{rel}","templated":true}]}}