{"id":4787,"date":"2020-05-19T17:09:57","date_gmt":"2020-05-19T14:09:57","guid":{"rendered":"https:\/\/challengesforum.org\/?page_id=4787"},"modified":"2024-05-29T11:23:17","modified_gmt":"2024-05-29T09:23:17","slug":"que-hacemos","status":"publish","type":"page","link":"https:\/\/challengesforum.org\/es\/quienes-somos\/que-hacemos\/","title":{"rendered":"Qu\u00e9 hacemos"},"content":{"rendered":"\n<p>Bas\u00e1ndonos en la visi\u00f3n del Challenges Forum de \u201d<em>paz y seguridad global a trav\u00e9s de alianzas multilaterales s\u00f3lidas y operaciones de paz m\u00e1s efectivas\u201d<\/em>, tenemos el objetivo de facilitar la creaci\u00f3n de redes de contacto y di\u00e1logos para influir en la agenda mundial sobre las operaciones de paz.<\/p>\n\n\n\n<p>Como alianza global, ofrecemos un espacio \u00fanico para que nuestros aliados puedan participar en cuestiones relacionadas con los desaf\u00edos de las operaciones de paz en contextos fr\u00e1giles, poniendo de lado las agendas nacionales de sus pa\u00edses respectivos.<\/p>\n\n\n\n<figure class=\"wp-block-image\"><img loading=\"lazy\" decoding=\"async\" width=\"1024\" height=\"683\" src=\"https:\/\/fbaprodcontent.blob.core.windows.net\/challengesforum-prod\/2019\/06\/782277two_female_peacekeepers-1024x683.jpg\" alt=\"\" class=\"wp-image-2761\" srcset=\"https:\/\/fbaprodcontent.blob.core.windows.net\/challengesforum-prod\/2019\/06\/782277two_female_peacekeepers-1024x683.jpg 1024w, https:\/\/fbaprodcontent.blob.core.windows.net\/challengesforum-prod\/2019\/06\/782277two_female_peacekeepers-300x200.jpg 300w, https:\/\/fbaprodcontent.blob.core.windows.net\/challengesforum-prod\/2019\/06\/782277two_female_peacekeepers-768x512.jpg 768w, https:\/\/fbaprodcontent.blob.core.windows.net\/challengesforum-prod\/2019\/06\/782277two_female_peacekeepers.jpg 1200w\" sizes=\"(max-width: 1024px) 100vw, 1024px\" \/><figcaption class=\"wp-element-caption\">MINUSMA Peacekeepers  helping to secure the population of Timbuktu and around several patrols of short and long stature. UN Photo\/Harandane Dicko<\/figcaption><\/figure>\n\n\n\n<h2 class=\"wp-block-heading\" id=\"planteamientos-y-principios\"><strong>Planteamientos y principios<\/strong><\/h2>\n\n\n\n<p><strong>Principios rectores y planteamientos del Challenges Forum:<\/strong><\/p>\n\n\n\n<ul class=\"wp-block-list\">\n<li>Convocar a un espacio imparcial e informal para dialogar de manera profunda y sincera, compartir conocimientos y experiencias, y generar ideas innovadoras para desarrollar operaciones de paz m\u00e1s eficaces.&nbsp;<\/li>\n\n\n\n<li>Contribuir al desarrollo de las operaciones de paz, al mismo tiempo que se incorporan perspectivas intersectoriales como desarrollo t\u00e9cnico, la participaci\u00f3n de los j\u00f3venes, y los riesgos de seguridad relacionados con el clima, la desinformaci\u00f3n y la informaci\u00f3n err\u00f3nea.&nbsp;<\/li>\n\n\n\n<li>Contribuir a generar operaciones de paz m\u00e1s sensibles a las cuestiones de g\u00e9nero, a trav\u00e9s de la agenda de Mujeres, Paz y Seguridad.<\/li>\n\n\n\n<li>Ser una plataforma inclusiva que tenga una representaci\u00f3n amplia y equilibrada, y que sirva para facilitar puentes entre actores, dimensiones y planteamientos, como:\n<ul class=\"wp-block-list\">\n<li style=\"margin-left: 60px\">componentes civiles \u2013 militares \u2013 policiales.&nbsp;<\/li>\n\n\n\n<li style=\"margin-left: 60px\">Naciones Unidas \u2013 organizaciones regionales \u2013 pa\u00edses anfitriones.&nbsp;<\/li>\n\n\n\n<li style=\"margin-left: 60px\">teor\u00eda \u2013 pol\u00edtica \u2013 pr\u00e1ctica.&nbsp;<\/li>\n<\/ul>\n<\/li>\n<\/ul>\n\n\n\n<p><\/p>\n","protected":false},"excerpt":{"rendered":"<p>Bas\u00e1ndonos en la visi\u00f3n del Challenges Forum de \u201dpaz y seguridad global a trav\u00e9s de alianzas multilaterales s\u00f3lidas y operaciones de paz m\u00e1s efectivas\u201d, tenemos el objetivo de facilitar la&#8230; <span class=\"more-link\">Read more &raquo;<\/span><\/p>\n","protected":false},"author":14,"featured_media":0,"parent":4783,"menu_order":0,"comment_status":"closed","ping_status":"closed","template":"","meta":{"_acf_changed":false,"ghostkit_customizer_options":"","ghostkit_custom_css":"","ghostkit_custom_js_head":"","ghostkit_custom_js_foot":"","ghostkit_typography":"","footnotes":""},"class_list":["post-4787","page","type-page","status-publish","hentry"],"acf":[],"yoast_head":"<!-- This site is optimized with the Yoast SEO plugin v26.8 - https:\/\/yoast.com\/product\/yoast-seo-wordpress\/ -->\n<title>Qu\u00e9 hacemos - ChallengesForum<\/title>\n<meta name=\"robots\" content=\"index, follow, max-snippet:-1, max-image-preview:large, max-video-preview:-1\" \/>\n<link rel=\"canonical\" href=\"https:\/\/challengesforum.org\/es\/quienes-somos\/que-hacemos\/\" \/>\n<meta property=\"og:locale\" content=\"es_ES\" \/>\n<meta property=\"og:type\" content=\"article\" \/>\n<meta property=\"og:title\" content=\"Qu\u00e9 hacemos - ChallengesForum\" \/>\n<meta property=\"og:description\" content=\"Bas\u00e1ndonos en la visi\u00f3n del Challenges Forum de \u201dpaz y seguridad global a trav\u00e9s de alianzas multilaterales s\u00f3lidas y operaciones de paz m\u00e1s efectivas\u201d, tenemos el objetivo de facilitar la... Read more &raquo;\" \/>\n<meta property=\"og:url\" content=\"https:\/\/challengesforum.org\/es\/quienes-somos\/que-hacemos\/\" \/>\n<meta property=\"og:site_name\" content=\"ChallengesForum\" \/>\n<meta property=\"article:publisher\" content=\"https:\/\/www.facebook.com\/challengesforum\/\" \/>\n<meta property=\"article:modified_time\" content=\"2024-05-29T09:23:17+00:00\" \/>\n<meta property=\"og:image\" content=\"https:\/\/challengesforum.org\/wp-content\/uploads\/2019\/06\/782277two_female_peacekeepers-1024x683.jpg\" \/>\n<meta name=\"twitter:card\" content=\"summary_large_image\" \/>\n<meta name=\"twitter:site\" content=\"@challengesforum\" \/>\n<meta name=\"twitter:label1\" content=\"Est. reading time\" \/>\n\t<meta name=\"twitter:data1\" content=\"2 minutes\" \/>\n<script type=\"application\/ld+json\" class=\"yoast-schema-graph\">{\"@context\":\"https:\/\/schema.org\",\"@graph\":[{\"@type\":\"WebPage\",\"@id\":\"https:\/\/challengesforum.org\/es\/quienes-somos\/que-hacemos\/\",\"url\":\"https:\/\/challengesforum.org\/es\/quienes-somos\/que-hacemos\/\",\"name\":\"Qu\u00e9 hacemos - ChallengesForum\",\"isPartOf\":{\"@id\":\"https:\/\/challengesforum.org\/#website\"},\"primaryImageOfPage\":{\"@id\":\"https:\/\/challengesforum.org\/es\/quienes-somos\/que-hacemos\/#primaryimage\"},\"image\":{\"@id\":\"https:\/\/challengesforum.org\/es\/quienes-somos\/que-hacemos\/#primaryimage\"},\"thumbnailUrl\":\"https:\/\/fbaprodcontent.blob.core.windows.net\/challengesforum-prod\/2019\/06\/782277two_female_peacekeepers-1024x683.jpg\",\"datePublished\":\"2020-05-19T14:09:57+00:00\",\"dateModified\":\"2024-05-29T09:23:17+00:00\",\"breadcrumb\":{\"@id\":\"https:\/\/challengesforum.org\/es\/quienes-somos\/que-hacemos\/#breadcrumb\"},\"inLanguage\":\"es-ES\",\"potentialAction\":[{\"@type\":\"ReadAction\",\"target\":[\"https:\/\/challengesforum.org\/es\/quienes-somos\/que-hacemos\/\"]}]},{\"@type\":\"ImageObject\",\"inLanguage\":\"es-ES\",\"@id\":\"https:\/\/challengesforum.org\/es\/quienes-somos\/que-hacemos\/#primaryimage\",\"url\":\"https:\/\/fbaprodcontent.blob.core.windows.net\/challengesforum-prod\/2019\/06\/782277two_female_peacekeepers-1024x683.jpg\",\"contentUrl\":\"https:\/\/fbaprodcontent.blob.core.windows.net\/challengesforum-prod\/2019\/06\/782277two_female_peacekeepers-1024x683.jpg\"},{\"@type\":\"BreadcrumbList\",\"@id\":\"https:\/\/challengesforum.org\/es\/quienes-somos\/que-hacemos\/#breadcrumb\",\"itemListElement\":[{\"@type\":\"ListItem\",\"position\":1,\"name\":\"Home\",\"item\":\"https:\/\/challengesforum.org\/es\/\"},{\"@type\":\"ListItem\",\"position\":2,\"name\":\"Qui\u00e9nes somos\",\"item\":\"https:\/\/challengesforum.org\/es\/quienes-somos\/\"},{\"@type\":\"ListItem\",\"position\":3,\"name\":\"Qu\u00e9 hacemos\"}]},{\"@type\":\"WebSite\",\"@id\":\"https:\/\/challengesforum.org\/#website\",\"url\":\"https:\/\/challengesforum.org\/\",\"name\":\"ChallengesForum\",\"description\":\"International forum for the challenges of peace operations\",\"potentialAction\":[{\"@type\":\"SearchAction\",\"target\":{\"@type\":\"EntryPoint\",\"urlTemplate\":\"https:\/\/challengesforum.org\/?s={search_term_string}\"},\"query-input\":{\"@type\":\"PropertyValueSpecification\",\"valueRequired\":true,\"valueName\":\"search_term_string\"}}],\"inLanguage\":\"es-ES\"}]}<\/script>\n<!-- \/ Yoast SEO plugin. -->","yoast_head_json":{"title":"Qu\u00e9 hacemos - ChallengesForum","robots":{"index":"index","follow":"follow","max-snippet":"max-snippet:-1","max-image-preview":"max-image-preview:large","max-video-preview":"max-video-preview:-1"},"canonical":"https:\/\/challengesforum.org\/es\/quienes-somos\/que-hacemos\/","og_locale":"es_ES","og_type":"article","og_title":"Qu\u00e9 hacemos - ChallengesForum","og_description":"Bas\u00e1ndonos en la visi\u00f3n del Challenges Forum de \u201dpaz y seguridad global a trav\u00e9s de alianzas multilaterales s\u00f3lidas y operaciones de paz m\u00e1s efectivas\u201d, tenemos el objetivo de facilitar la... Read more &raquo;","og_url":"https:\/\/challengesforum.org\/es\/quienes-somos\/que-hacemos\/","og_site_name":"ChallengesForum","article_publisher":"https:\/\/www.facebook.com\/challengesforum\/","article_modified_time":"2024-05-29T09:23:17+00:00","og_image":[{"url":"https:\/\/challengesforum.org\/wp-content\/uploads\/2019\/06\/782277two_female_peacekeepers-1024x683.jpg","type":"","width":"","height":""}],"twitter_card":"summary_large_image","twitter_site":"@challengesforum","twitter_misc":{"Est. reading time":"2 minutes"},"schema":{"@context":"https:\/\/schema.org","@graph":[{"@type":"WebPage","@id":"https:\/\/challengesforum.org\/es\/quienes-somos\/que-hacemos\/","url":"https:\/\/challengesforum.org\/es\/quienes-somos\/que-hacemos\/","name":"Qu\u00e9 hacemos - ChallengesForum","isPartOf":{"@id":"https:\/\/challengesforum.org\/#website"},"primaryImageOfPage":{"@id":"https:\/\/challengesforum.org\/es\/quienes-somos\/que-hacemos\/#primaryimage"},"image":{"@id":"https:\/\/challengesforum.org\/es\/quienes-somos\/que-hacemos\/#primaryimage"},"thumbnailUrl":"https:\/\/fbaprodcontent.blob.core.windows.net\/challengesforum-prod\/2019\/06\/782277two_female_peacekeepers-1024x683.jpg","datePublished":"2020-05-19T14:09:57+00:00","dateModified":"2024-05-29T09:23:17+00:00","breadcrumb":{"@id":"https:\/\/challengesforum.org\/es\/quienes-somos\/que-hacemos\/#breadcrumb"},"inLanguage":"es-ES","potentialAction":[{"@type":"ReadAction","target":["https:\/\/challengesforum.org\/es\/quienes-somos\/que-hacemos\/"]}]},{"@type":"ImageObject","inLanguage":"es-ES","@id":"https:\/\/challengesforum.org\/es\/quienes-somos\/que-hacemos\/#primaryimage","url":"https:\/\/fbaprodcontent.blob.core.windows.net\/challengesforum-prod\/2019\/06\/782277two_female_peacekeepers-1024x683.jpg","contentUrl":"https:\/\/fbaprodcontent.blob.core.windows.net\/challengesforum-prod\/2019\/06\/782277two_female_peacekeepers-1024x683.jpg"},{"@type":"BreadcrumbList","@id":"https:\/\/challengesforum.org\/es\/quienes-somos\/que-hacemos\/#breadcrumb","itemListElement":[{"@type":"ListItem","position":1,"name":"Home","item":"https:\/\/challengesforum.org\/es\/"},{"@type":"ListItem","position":2,"name":"Qui\u00e9nes somos","item":"https:\/\/challengesforum.org\/es\/quienes-somos\/"},{"@type":"ListItem","position":3,"name":"Qu\u00e9 hacemos"}]},{"@type":"WebSite","@id":"https:\/\/challengesforum.org\/#website","url":"https:\/\/challengesforum.org\/","name":"ChallengesForum","description":"International forum for the challenges of peace operations","potentialAction":[{"@type":"SearchAction","target":{"@type":"EntryPoint","urlTemplate":"https:\/\/challengesforum.org\/?s={search_term_string}"},"query-input":{"@type":"PropertyValueSpecification","valueRequired":true,"valueName":"search_term_string"}}],"inLanguage":"es-ES"}]}},"_links":{"self":[{"href":"https:\/\/challengesforum.org\/es\/wp-json\/wp\/v2\/pages\/4787","targetHints":{"allow":["GET"]}}],"collection":[{"href":"https:\/\/challengesforum.org\/es\/wp-json\/wp\/v2\/pages"}],"about":[{"href":"https:\/\/challengesforum.org\/es\/wp-json\/wp\/v2\/types\/page"}],"author":[{"embeddable":true,"href":"https:\/\/challengesforum.org\/es\/wp-json\/wp\/v2\/users\/14"}],"replies":[{"embeddable":true,"href":"https:\/\/challengesforum.org\/es\/wp-json\/wp\/v2\/comments?post=4787"}],"version-history":[{"count":5,"href":"https:\/\/challengesforum.org\/es\/wp-json\/wp\/v2\/pages\/4787\/revisions"}],"predecessor-version":[{"id":11627,"href":"https:\/\/challengesforum.org\/es\/wp-json\/wp\/v2\/pages\/4787\/revisions\/11627"}],"up":[{"embeddable":true,"href":"https:\/\/challengesforum.org\/es\/wp-json\/wp\/v2\/pages\/4783"}],"wp:attachment":[{"href":"https:\/\/challengesforum.org\/es\/wp-json\/wp\/v2\/media?parent=4787"}],"curies":[{"name":"wp","href":"https:\/\/api.w.org\/{rel}","templated":true}]}}