{"id":4789,"date":"2020-05-19T17:11:05","date_gmt":"2020-05-19T14:11:05","guid":{"rendered":"https:\/\/challengesforum.org\/?page_id=4789"},"modified":"2024-04-05T11:32:36","modified_gmt":"2024-04-05T09:32:36","slug":"gobernanza","status":"publish","type":"page","link":"https:\/\/challengesforum.org\/es\/quienes-somos\/gobernanza\/","title":{"rendered":"Gobernanza"},"content":{"rendered":"\n<p>La Reuni\u00f3n de Socios es el \u00f3rgano de gobierno del Challenges Forum. Su prop\u00f3sito, en primer lugar, es fijar los objetivos generales y a largo plazo de la asociaci\u00f3n, y, en segundo lugar, evaluar los resultados y consecuencias de su trabajo. A la a Reuni\u00f3n de Socios asisten representantes de las organizaciones socias del Challenges Forum.<\/p>\n\n\n\n<figure class=\"wp-block-gallery has-nested-images columns-default is-cropped wp-block-gallery-1 is-layout-flex wp-block-gallery-is-layout-flex\">\n<figure class=\"wp-block-image size-large\"><img loading=\"lazy\" decoding=\"async\" width=\"1024\" height=\"401\" data-id=\"10174\" src=\"https:\/\/fbaprodcontent.blob.core.windows.net\/challengesforum-prod\/2023\/02\/partner_twitter-1024x401.jpg\" alt=\"Challenges Forum Partners at the Partners' meeting\" class=\"wp-image-10174\" srcset=\"https:\/\/fbaprodcontent.blob.core.windows.net\/challengesforum-prod\/2023\/02\/partner_twitter-1024x401.jpg 1024w, https:\/\/fbaprodcontent.blob.core.windows.net\/challengesforum-prod\/2023\/02\/partner_twitter-300x117.jpg 300w, https:\/\/fbaprodcontent.blob.core.windows.net\/challengesforum-prod\/2023\/02\/partner_twitter-768x301.jpg 768w, https:\/\/fbaprodcontent.blob.core.windows.net\/challengesforum-prod\/2023\/02\/partner_twitter-1536x602.jpg 1536w, https:\/\/fbaprodcontent.blob.core.windows.net\/challengesforum-prod\/2023\/02\/partner_twitter-1568x614.jpg 1568w, https:\/\/fbaprodcontent.blob.core.windows.net\/challengesforum-prod\/2023\/02\/partner_twitter.jpg 1823w\" sizes=\"(max-width: 1024px) 100vw, 1024px\" \/><figcaption class=\"wp-element-caption\"> <\/figcaption><\/figure>\n<\/figure>\n\n\n\n<p>El Presidente de la Reuni\u00f3n de Socios es el Director General de la <a href=\"https:\/\/challengesforum.org\/partners\/sweden\/\">Folke Bernadotte Academy<\/a> (FBA). La Reuni\u00f3n de Socios se celebra una vez al a\u00f1o para revisar la progresi\u00f3n de la implementaci\u00f3n de la estrategia a largo plazo (<a href=\"https:\/\/challengesforum.org\/about\/what-we-do\/\">Challenges Forum long term strategy<\/a>), dar seguimiento al plan operacional anual y decidir el plan para el a\u00f1o siguiente. Desde el 2003, la CFIS es acogida por la FBA.<\/p>\n\n\n\n<p><strong>CFIS<\/strong><br>Con mandato de la Reuni\u00f3n de Socios, la Secretar\u00eda Internacional del Challenges Forum (CFIS) es el \u00f3rgano ejecutivo del Challenges Forum. La CFIS conduce, planifica y coordina el trabajo diario de la Asociaci\u00f3n Challenges Forum. Tambi\u00e9n es responsable de formular la agenda y las propuestas para el Challenges Forum y de apoyar a la Asociaci\u00f3n para conseguir los objetivos estrat\u00e9gicos fijados en la Reuni\u00f3n de Socios. El Director conduce el trabajo de la CFIS y se lo presenta a la Reuni\u00f3n de Socios.<br><br><strong>POAC<\/strong><br>El Comit\u00e9 Asesor de las Organizaciones Socias (POAC) es el \u00f3rgano asesor de la asociaci\u00f3n a la CFIS, liderado por el Director de la CFIS.<br><br><strong>Patr\u00f3n<\/strong><\/p>\n\n\n<div class=\"wp-block-image\">\n<figure class=\"alignleft is-resized\"><img loading=\"lazy\" decoding=\"async\" src=\"https:\/\/fbaprodcontent.blob.core.windows.net\/challengesforum-prod\/2019\/06\/guehenno-jean-marie-mr-small.png\" alt=\"\" class=\"wp-image-2522\" width=\"142\" height=\"163\" srcset=\"https:\/\/fbaprodcontent.blob.core.windows.net\/challengesforum-prod\/2019\/06\/guehenno-jean-marie-mr-small.png 284w, https:\/\/fbaprodcontent.blob.core.windows.net\/challengesforum-prod\/2019\/06\/guehenno-jean-marie-mr-small-262x300.png 262w\" sizes=\"(max-width: 142px) 100vw, 142px\" \/><figcaption class=\"wp-element-caption\">Challenges Forum Patron Mr Jean-Marie Gu\u00e9henno<\/figcaption><\/figure>\n<\/div>\n\n\n<p>El Patr\u00f3n del Challenges Forum es el Sr. Jean-Marie Gu\u00e9henno, ex Subsecretario General del Mantenimiento de la Paz de las Naciones Unidas (2000-2008). Su papel es compartir su extensa experiencia y dominio \u00fanico de las operaciones de paz con la Asociacion Challenges, y asesorar al Director de la Secretar\u00eda Internacional en temas estrat\u00e9gicos y operacionales relevantes para el Challenges Forum.<\/p>\n\n\n\n<figure class=\"wp-block-image size-large\"><img loading=\"lazy\" decoding=\"async\" width=\"1024\" height=\"576\" src=\"https:\/\/fbaprodcontent.blob.core.windows.net\/challengesforum-prod\/2020\/06\/20200528-Governance-Organigram-Challenges-Forum-1-1024x576.jpg\" alt=\"\" class=\"wp-image-4886\" srcset=\"https:\/\/fbaprodcontent.blob.core.windows.net\/challengesforum-prod\/2020\/06\/20200528-Governance-Organigram-Challenges-Forum-1-1024x576.jpg 1024w, https:\/\/fbaprodcontent.blob.core.windows.net\/challengesforum-prod\/2020\/06\/20200528-Governance-Organigram-Challenges-Forum-1-300x169.jpg 300w, https:\/\/fbaprodcontent.blob.core.windows.net\/challengesforum-prod\/2020\/06\/20200528-Governance-Organigram-Challenges-Forum-1-768x432.jpg 768w, https:\/\/fbaprodcontent.blob.core.windows.net\/challengesforum-prod\/2020\/06\/20200528-Governance-Organigram-Challenges-Forum-1.jpg 1200w\" sizes=\"(max-width: 1024px) 100vw, 1024px\" \/><figcaption class=\"wp-element-caption\">Governance structure of the Challenges Forum Partnership<\/figcaption><\/figure>\n\n\n\n<p>Los Estatutos del Challenges Forum es el Marco de Referencia de la Asociaci\u00f3n adoptado por la Reuni\u00f3n de Socios en 2012.<\/p>\n\n\n\n<div class=\"wp-block-file\"><a id=\"wp-block-file--media-c9a02052-24ff-4696-b25b-03c3d1bdd05b\" href=\"https:\/\/fbaprodcontent.blob.core.windows.net\/challengesforum-prod\/2019\/06\/Partnership-Framework_11Feb2012.pdf\">Challenges Forum Partnership Framework 2012<\/a><a href=\"https:\/\/fbaprodcontent.blob.core.windows.net\/challengesforum-prod\/2019\/06\/Partnership-Framework_11Feb2012.pdf\" class=\"wp-block-file__button wp-element-button\" download aria-describedby=\"wp-block-file--media-c9a02052-24ff-4696-b25b-03c3d1bdd05b\">Download<\/a><\/div>\n","protected":false},"excerpt":{"rendered":"<p>La Reuni\u00f3n de Socios es el \u00f3rgano de gobierno del Challenges Forum. Su prop\u00f3sito, en primer lugar, es fijar los objetivos generales y a largo plazo de la asociaci\u00f3n, y,&#8230; <span class=\"more-link\">Read more &raquo;<\/span><\/p>\n","protected":false},"author":14,"featured_media":0,"parent":4783,"menu_order":0,"comment_status":"closed","ping_status":"closed","template":"","meta":{"_acf_changed":false,"ghostkit_customizer_options":"","ghostkit_custom_css":"","ghostkit_custom_js_head":"","ghostkit_custom_js_foot":"","ghostkit_typography":"","footnotes":""},"class_list":["post-4789","page","type-page","status-publish","hentry"],"acf":[],"yoast_head":"<!-- This site is optimized with the Yoast SEO plugin v26.8 - https:\/\/yoast.com\/product\/yoast-seo-wordpress\/ -->\n<title>Gobernanza - ChallengesForum<\/title>\n<meta name=\"robots\" content=\"index, follow, max-snippet:-1, max-image-preview:large, max-video-preview:-1\" \/>\n<link rel=\"canonical\" href=\"https:\/\/challengesforum.org\/es\/quienes-somos\/gobernanza\/\" \/>\n<meta property=\"og:locale\" content=\"es_ES\" \/>\n<meta property=\"og:type\" content=\"article\" \/>\n<meta property=\"og:title\" content=\"Gobernanza - ChallengesForum\" \/>\n<meta property=\"og:description\" content=\"La Reuni\u00f3n de Socios es el \u00f3rgano de gobierno del Challenges Forum. Su prop\u00f3sito, en primer lugar, es fijar los objetivos generales y a largo plazo de la asociaci\u00f3n, y,... Read more &raquo;\" \/>\n<meta property=\"og:url\" content=\"https:\/\/challengesforum.org\/es\/quienes-somos\/gobernanza\/\" \/>\n<meta property=\"og:site_name\" content=\"ChallengesForum\" \/>\n<meta property=\"article:publisher\" content=\"https:\/\/www.facebook.com\/challengesforum\/\" \/>\n<meta property=\"article:modified_time\" content=\"2024-04-05T09:32:36+00:00\" \/>\n<meta property=\"og:image\" content=\"https:\/\/challengesforum.org\/wp-content\/uploads\/2023\/02\/partner_twitter-1024x401.jpg\" \/>\n<meta name=\"twitter:card\" content=\"summary_large_image\" \/>\n<meta name=\"twitter:site\" content=\"@challengesforum\" \/>\n<meta name=\"twitter:label1\" content=\"Est. reading time\" \/>\n\t<meta name=\"twitter:data1\" content=\"3 minutes\" \/>\n<script type=\"application\/ld+json\" class=\"yoast-schema-graph\">{\"@context\":\"https:\/\/schema.org\",\"@graph\":[{\"@type\":\"WebPage\",\"@id\":\"https:\/\/challengesforum.org\/es\/quienes-somos\/gobernanza\/\",\"url\":\"https:\/\/challengesforum.org\/es\/quienes-somos\/gobernanza\/\",\"name\":\"Gobernanza - ChallengesForum\",\"isPartOf\":{\"@id\":\"https:\/\/challengesforum.org\/#website\"},\"primaryImageOfPage\":{\"@id\":\"https:\/\/challengesforum.org\/es\/quienes-somos\/gobernanza\/#primaryimage\"},\"image\":{\"@id\":\"https:\/\/challengesforum.org\/es\/quienes-somos\/gobernanza\/#primaryimage\"},\"thumbnailUrl\":\"https:\/\/fbaprodcontent.blob.core.windows.net\/challengesforum-prod\/2023\/02\/partner_twitter-1024x401.jpg\",\"datePublished\":\"2020-05-19T14:11:05+00:00\",\"dateModified\":\"2024-04-05T09:32:36+00:00\",\"breadcrumb\":{\"@id\":\"https:\/\/challengesforum.org\/es\/quienes-somos\/gobernanza\/#breadcrumb\"},\"inLanguage\":\"es-ES\",\"potentialAction\":[{\"@type\":\"ReadAction\",\"target\":[\"https:\/\/challengesforum.org\/es\/quienes-somos\/gobernanza\/\"]}]},{\"@type\":\"ImageObject\",\"inLanguage\":\"es-ES\",\"@id\":\"https:\/\/challengesforum.org\/es\/quienes-somos\/gobernanza\/#primaryimage\",\"url\":\"https:\/\/fbaprodcontent.blob.core.windows.net\/challengesforum-prod\/2023\/02\/partner_twitter-1024x401.jpg\",\"contentUrl\":\"https:\/\/fbaprodcontent.blob.core.windows.net\/challengesforum-prod\/2023\/02\/partner_twitter-1024x401.jpg\"},{\"@type\":\"BreadcrumbList\",\"@id\":\"https:\/\/challengesforum.org\/es\/quienes-somos\/gobernanza\/#breadcrumb\",\"itemListElement\":[{\"@type\":\"ListItem\",\"position\":1,\"name\":\"Home\",\"item\":\"https:\/\/challengesforum.org\/es\/\"},{\"@type\":\"ListItem\",\"position\":2,\"name\":\"Qui\u00e9nes somos\",\"item\":\"https:\/\/challengesforum.org\/es\/quienes-somos\/\"},{\"@type\":\"ListItem\",\"position\":3,\"name\":\"Gobernanza\"}]},{\"@type\":\"WebSite\",\"@id\":\"https:\/\/challengesforum.org\/#website\",\"url\":\"https:\/\/challengesforum.org\/\",\"name\":\"ChallengesForum\",\"description\":\"International forum for the challenges of peace operations\",\"potentialAction\":[{\"@type\":\"SearchAction\",\"target\":{\"@type\":\"EntryPoint\",\"urlTemplate\":\"https:\/\/challengesforum.org\/?s={search_term_string}\"},\"query-input\":{\"@type\":\"PropertyValueSpecification\",\"valueRequired\":true,\"valueName\":\"search_term_string\"}}],\"inLanguage\":\"es-ES\"}]}<\/script>\n<!-- \/ Yoast SEO plugin. -->","yoast_head_json":{"title":"Gobernanza - ChallengesForum","robots":{"index":"index","follow":"follow","max-snippet":"max-snippet:-1","max-image-preview":"max-image-preview:large","max-video-preview":"max-video-preview:-1"},"canonical":"https:\/\/challengesforum.org\/es\/quienes-somos\/gobernanza\/","og_locale":"es_ES","og_type":"article","og_title":"Gobernanza - ChallengesForum","og_description":"La Reuni\u00f3n de Socios es el \u00f3rgano de gobierno del Challenges Forum. Su prop\u00f3sito, en primer lugar, es fijar los objetivos generales y a largo plazo de la asociaci\u00f3n, y,... Read more &raquo;","og_url":"https:\/\/challengesforum.org\/es\/quienes-somos\/gobernanza\/","og_site_name":"ChallengesForum","article_publisher":"https:\/\/www.facebook.com\/challengesforum\/","article_modified_time":"2024-04-05T09:32:36+00:00","og_image":[{"url":"https:\/\/challengesforum.org\/wp-content\/uploads\/2023\/02\/partner_twitter-1024x401.jpg","type":"","width":"","height":""}],"twitter_card":"summary_large_image","twitter_site":"@challengesforum","twitter_misc":{"Est. reading time":"3 minutes"},"schema":{"@context":"https:\/\/schema.org","@graph":[{"@type":"WebPage","@id":"https:\/\/challengesforum.org\/es\/quienes-somos\/gobernanza\/","url":"https:\/\/challengesforum.org\/es\/quienes-somos\/gobernanza\/","name":"Gobernanza - ChallengesForum","isPartOf":{"@id":"https:\/\/challengesforum.org\/#website"},"primaryImageOfPage":{"@id":"https:\/\/challengesforum.org\/es\/quienes-somos\/gobernanza\/#primaryimage"},"image":{"@id":"https:\/\/challengesforum.org\/es\/quienes-somos\/gobernanza\/#primaryimage"},"thumbnailUrl":"https:\/\/fbaprodcontent.blob.core.windows.net\/challengesforum-prod\/2023\/02\/partner_twitter-1024x401.jpg","datePublished":"2020-05-19T14:11:05+00:00","dateModified":"2024-04-05T09:32:36+00:00","breadcrumb":{"@id":"https:\/\/challengesforum.org\/es\/quienes-somos\/gobernanza\/#breadcrumb"},"inLanguage":"es-ES","potentialAction":[{"@type":"ReadAction","target":["https:\/\/challengesforum.org\/es\/quienes-somos\/gobernanza\/"]}]},{"@type":"ImageObject","inLanguage":"es-ES","@id":"https:\/\/challengesforum.org\/es\/quienes-somos\/gobernanza\/#primaryimage","url":"https:\/\/fbaprodcontent.blob.core.windows.net\/challengesforum-prod\/2023\/02\/partner_twitter-1024x401.jpg","contentUrl":"https:\/\/fbaprodcontent.blob.core.windows.net\/challengesforum-prod\/2023\/02\/partner_twitter-1024x401.jpg"},{"@type":"BreadcrumbList","@id":"https:\/\/challengesforum.org\/es\/quienes-somos\/gobernanza\/#breadcrumb","itemListElement":[{"@type":"ListItem","position":1,"name":"Home","item":"https:\/\/challengesforum.org\/es\/"},{"@type":"ListItem","position":2,"name":"Qui\u00e9nes somos","item":"https:\/\/challengesforum.org\/es\/quienes-somos\/"},{"@type":"ListItem","position":3,"name":"Gobernanza"}]},{"@type":"WebSite","@id":"https:\/\/challengesforum.org\/#website","url":"https:\/\/challengesforum.org\/","name":"ChallengesForum","description":"International forum for the challenges of peace operations","potentialAction":[{"@type":"SearchAction","target":{"@type":"EntryPoint","urlTemplate":"https:\/\/challengesforum.org\/?s={search_term_string}"},"query-input":{"@type":"PropertyValueSpecification","valueRequired":true,"valueName":"search_term_string"}}],"inLanguage":"es-ES"}]}},"_links":{"self":[{"href":"https:\/\/challengesforum.org\/es\/wp-json\/wp\/v2\/pages\/4789","targetHints":{"allow":["GET"]}}],"collection":[{"href":"https:\/\/challengesforum.org\/es\/wp-json\/wp\/v2\/pages"}],"about":[{"href":"https:\/\/challengesforum.org\/es\/wp-json\/wp\/v2\/types\/page"}],"author":[{"embeddable":true,"href":"https:\/\/challengesforum.org\/es\/wp-json\/wp\/v2\/users\/14"}],"replies":[{"embeddable":true,"href":"https:\/\/challengesforum.org\/es\/wp-json\/wp\/v2\/comments?post=4789"}],"version-history":[{"count":2,"href":"https:\/\/challengesforum.org\/es\/wp-json\/wp\/v2\/pages\/4789\/revisions"}],"predecessor-version":[{"id":11447,"href":"https:\/\/challengesforum.org\/es\/wp-json\/wp\/v2\/pages\/4789\/revisions\/11447"}],"up":[{"embeddable":true,"href":"https:\/\/challengesforum.org\/es\/wp-json\/wp\/v2\/pages\/4783"}],"wp:attachment":[{"href":"https:\/\/challengesforum.org\/es\/wp-json\/wp\/v2\/media?parent=4789"}],"curies":[{"name":"wp","href":"https:\/\/api.w.org\/{rel}","templated":true}]}}