{"id":4793,"date":"2020-05-19T17:12:38","date_gmt":"2020-05-19T14:12:38","guid":{"rendered":"https:\/\/challengesforum.org\/?page_id=4793"},"modified":"2024-03-19T15:24:10","modified_gmt":"2024-03-19T14:24:10","slug":"socios","status":"publish","type":"page","link":"https:\/\/challengesforum.org\/es\/quienes-somos\/socios\/","title":{"rendered":"Socios"},"content":{"rendered":"\n<p>El Challenges Forum es una asociaci\u00f3n global de 50 organizaciones y departamentos dedicados a las operaciones de paz, provenientes de 24 pa\u00edses. Los miembros provienen de pa\u00edses que hacen grandes aportaciones de soldados, polic\u00edas y recursos financieros a operaciones de paz e incluyen los cinco miembros permanentes del Consejo de Seguridad de la ONU.<\/p>\n\n\n\n<p>Siendo una asociaci\u00f3n plural de agencias gubernamentales, centros de entrenamiento para el mantenimiento de la paz, grupos de expertos e instituciones de investigaci\u00f3n de todo el mundo, proporcionamos un espacio imparcial e informal para el di\u00e1logo. Reflejando los componentes centrales y claves del mantenimiento de la paz multidimensional, la asociaci\u00f3n incluye actores militares, policiales y civiles, as\u00ed como pa\u00edses receptores y pa\u00edses que aportan contingentes de soldados y polic\u00edas.<\/p>\n\n\n\n<p>Principalmente, ofrecemos un espacio \u00fanico a los miembros, en el que pueden alejarse de las posturas nacionales e involucrarse en temas relacionados a los desaf\u00edos a las operaciones de paz en contextos fr\u00e1giles. Continuamente intentamos fortalecer nuestra asociaci\u00f3n con respecto a la igualdad de representaci\u00f3n geogr\u00e1fica.<\/p>\n\n\n\n<h3 class=\"wp-block-heading\" id=\"read-more-about-our-partners\"><br><a href=\"https:\/\/challengesforum.org\/partners\/\">Read more about our partners<\/a><\/h3>\n","protected":false},"excerpt":{"rendered":"<p>El Challenges Forum es una asociaci\u00f3n global de 50 organizaciones y departamentos dedicados a las operaciones de paz, provenientes de 24 pa\u00edses. Los miembros provienen de pa\u00edses que hacen grandes&#8230; <span class=\"more-link\">Read more &raquo;<\/span><\/p>\n","protected":false},"author":14,"featured_media":0,"parent":4783,"menu_order":-3,"comment_status":"closed","ping_status":"closed","template":"","meta":{"_acf_changed":false,"ghostkit_customizer_options":"","ghostkit_custom_css":"","ghostkit_custom_js_head":"","ghostkit_custom_js_foot":"","ghostkit_typography":"","footnotes":""},"class_list":["post-4793","page","type-page","status-publish","hentry"],"acf":[],"yoast_head":"<!-- This site is optimized with the Yoast SEO plugin v26.8 - https:\/\/yoast.com\/product\/yoast-seo-wordpress\/ -->\n<title>Socios - ChallengesForum<\/title>\n<meta name=\"robots\" content=\"index, follow, max-snippet:-1, max-image-preview:large, max-video-preview:-1\" \/>\n<link rel=\"canonical\" href=\"https:\/\/challengesforum.org\/es\/quienes-somos\/socios\/\" \/>\n<meta property=\"og:locale\" content=\"es_ES\" \/>\n<meta property=\"og:type\" content=\"article\" \/>\n<meta property=\"og:title\" content=\"Socios - ChallengesForum\" \/>\n<meta property=\"og:description\" content=\"El Challenges Forum es una asociaci\u00f3n global de 50 organizaciones y departamentos dedicados a las operaciones de paz, provenientes de 24 pa\u00edses. Los miembros provienen de pa\u00edses que hacen grandes... Read more &raquo;\" \/>\n<meta property=\"og:url\" content=\"https:\/\/challengesforum.org\/es\/quienes-somos\/socios\/\" \/>\n<meta property=\"og:site_name\" content=\"ChallengesForum\" \/>\n<meta property=\"article:publisher\" content=\"https:\/\/www.facebook.com\/challengesforum\/\" \/>\n<meta property=\"article:modified_time\" content=\"2024-03-19T14:24:10+00:00\" \/>\n<meta name=\"twitter:card\" content=\"summary_large_image\" \/>\n<meta name=\"twitter:site\" content=\"@challengesforum\" \/>\n<script type=\"application\/ld+json\" class=\"yoast-schema-graph\">{\"@context\":\"https:\/\/schema.org\",\"@graph\":[{\"@type\":\"WebPage\",\"@id\":\"https:\/\/challengesforum.org\/es\/quienes-somos\/socios\/\",\"url\":\"https:\/\/challengesforum.org\/es\/quienes-somos\/socios\/\",\"name\":\"Socios - ChallengesForum\",\"isPartOf\":{\"@id\":\"https:\/\/challengesforum.org\/#website\"},\"datePublished\":\"2020-05-19T14:12:38+00:00\",\"dateModified\":\"2024-03-19T14:24:10+00:00\",\"breadcrumb\":{\"@id\":\"https:\/\/challengesforum.org\/es\/quienes-somos\/socios\/#breadcrumb\"},\"inLanguage\":\"es-ES\",\"potentialAction\":[{\"@type\":\"ReadAction\",\"target\":[\"https:\/\/challengesforum.org\/es\/quienes-somos\/socios\/\"]}]},{\"@type\":\"BreadcrumbList\",\"@id\":\"https:\/\/challengesforum.org\/es\/quienes-somos\/socios\/#breadcrumb\",\"itemListElement\":[{\"@type\":\"ListItem\",\"position\":1,\"name\":\"Home\",\"item\":\"https:\/\/challengesforum.org\/es\/\"},{\"@type\":\"ListItem\",\"position\":2,\"name\":\"Qui\u00e9nes somos\",\"item\":\"https:\/\/challengesforum.org\/es\/quienes-somos\/\"},{\"@type\":\"ListItem\",\"position\":3,\"name\":\"Socios\"}]},{\"@type\":\"WebSite\",\"@id\":\"https:\/\/challengesforum.org\/#website\",\"url\":\"https:\/\/challengesforum.org\/\",\"name\":\"ChallengesForum\",\"description\":\"International forum for the challenges of peace operations\",\"potentialAction\":[{\"@type\":\"SearchAction\",\"target\":{\"@type\":\"EntryPoint\",\"urlTemplate\":\"https:\/\/challengesforum.org\/?s={search_term_string}\"},\"query-input\":{\"@type\":\"PropertyValueSpecification\",\"valueRequired\":true,\"valueName\":\"search_term_string\"}}],\"inLanguage\":\"es-ES\"}]}<\/script>\n<!-- \/ Yoast SEO plugin. -->","yoast_head_json":{"title":"Socios - ChallengesForum","robots":{"index":"index","follow":"follow","max-snippet":"max-snippet:-1","max-image-preview":"max-image-preview:large","max-video-preview":"max-video-preview:-1"},"canonical":"https:\/\/challengesforum.org\/es\/quienes-somos\/socios\/","og_locale":"es_ES","og_type":"article","og_title":"Socios - ChallengesForum","og_description":"El Challenges Forum es una asociaci\u00f3n global de 50 organizaciones y departamentos dedicados a las operaciones de paz, provenientes de 24 pa\u00edses. Los miembros provienen de pa\u00edses que hacen grandes... Read more &raquo;","og_url":"https:\/\/challengesforum.org\/es\/quienes-somos\/socios\/","og_site_name":"ChallengesForum","article_publisher":"https:\/\/www.facebook.com\/challengesforum\/","article_modified_time":"2024-03-19T14:24:10+00:00","twitter_card":"summary_large_image","twitter_site":"@challengesforum","schema":{"@context":"https:\/\/schema.org","@graph":[{"@type":"WebPage","@id":"https:\/\/challengesforum.org\/es\/quienes-somos\/socios\/","url":"https:\/\/challengesforum.org\/es\/quienes-somos\/socios\/","name":"Socios - ChallengesForum","isPartOf":{"@id":"https:\/\/challengesforum.org\/#website"},"datePublished":"2020-05-19T14:12:38+00:00","dateModified":"2024-03-19T14:24:10+00:00","breadcrumb":{"@id":"https:\/\/challengesforum.org\/es\/quienes-somos\/socios\/#breadcrumb"},"inLanguage":"es-ES","potentialAction":[{"@type":"ReadAction","target":["https:\/\/challengesforum.org\/es\/quienes-somos\/socios\/"]}]},{"@type":"BreadcrumbList","@id":"https:\/\/challengesforum.org\/es\/quienes-somos\/socios\/#breadcrumb","itemListElement":[{"@type":"ListItem","position":1,"name":"Home","item":"https:\/\/challengesforum.org\/es\/"},{"@type":"ListItem","position":2,"name":"Qui\u00e9nes somos","item":"https:\/\/challengesforum.org\/es\/quienes-somos\/"},{"@type":"ListItem","position":3,"name":"Socios"}]},{"@type":"WebSite","@id":"https:\/\/challengesforum.org\/#website","url":"https:\/\/challengesforum.org\/","name":"ChallengesForum","description":"International forum for the challenges of peace operations","potentialAction":[{"@type":"SearchAction","target":{"@type":"EntryPoint","urlTemplate":"https:\/\/challengesforum.org\/?s={search_term_string}"},"query-input":{"@type":"PropertyValueSpecification","valueRequired":true,"valueName":"search_term_string"}}],"inLanguage":"es-ES"}]}},"_links":{"self":[{"href":"https:\/\/challengesforum.org\/es\/wp-json\/wp\/v2\/pages\/4793","targetHints":{"allow":["GET"]}}],"collection":[{"href":"https:\/\/challengesforum.org\/es\/wp-json\/wp\/v2\/pages"}],"about":[{"href":"https:\/\/challengesforum.org\/es\/wp-json\/wp\/v2\/types\/page"}],"author":[{"embeddable":true,"href":"https:\/\/challengesforum.org\/es\/wp-json\/wp\/v2\/users\/14"}],"replies":[{"embeddable":true,"href":"https:\/\/challengesforum.org\/es\/wp-json\/wp\/v2\/comments?post=4793"}],"version-history":[{"count":1,"href":"https:\/\/challengesforum.org\/es\/wp-json\/wp\/v2\/pages\/4793\/revisions"}],"predecessor-version":[{"id":11410,"href":"https:\/\/challengesforum.org\/es\/wp-json\/wp\/v2\/pages\/4793\/revisions\/11410"}],"up":[{"embeddable":true,"href":"https:\/\/challengesforum.org\/es\/wp-json\/wp\/v2\/pages\/4783"}],"wp:attachment":[{"href":"https:\/\/challengesforum.org\/es\/wp-json\/wp\/v2\/media?parent=4793"}],"curies":[{"name":"wp","href":"https:\/\/api.w.org\/{rel}","templated":true}]}}