{"id":4795,"date":"2020-05-19T17:13:38","date_gmt":"2020-05-19T14:13:38","guid":{"rendered":"https:\/\/challengesforum.org\/?page_id=4795"},"modified":"2020-05-19T17:13:38","modified_gmt":"2020-05-19T14:13:38","slug":"la-secretaria-internacional-del-challenges-forum","status":"publish","type":"page","link":"https:\/\/challengesforum.org\/es\/quienes-somos\/la-secretaria-internacional-del-challenges-forum\/","title":{"rendered":"La Secretar\u00eda Internacional del Challenges Forum"},"content":{"rendered":"\n<p>La Secretar\u00eda Internacional del Challenges Forum (CFIS) es el \u00f3rgano ejecutivo del Challenges Forum y act\u00faa en nombre de toda la Asociaci\u00f3n Challenges Forum. Desde el 2003, la sede de la CFIS est\u00e1 en la Folke Bernadotte Academy \u2013 Agencia Sueca para la Paz y la Seguridad, situada en Estocolmo, Suecia.<\/p>\n\n\n\n<p>La Secretar\u00eda Internacional del Challenges Forum (CFIS) conduce, planifica y coordina el trabajo diario de la Asociaci\u00f3n Challenges Forum. La CFIS es responsable de formular la agenda y las propuestas para el Challenges Forum y de apoyar a la Asociaci\u00f3n para conseguir los objetivos estrat\u00e9gicos fijados en la Reuni\u00f3n de Socios. El Director conduce el trabajo de la CFIS y se lo presenta a la Reuni\u00f3n de Socios.<\/p>\n","protected":false},"excerpt":{"rendered":"<p>La Secretar\u00eda Internacional del Challenges Forum (CFIS) es el \u00f3rgano ejecutivo del Challenges Forum y act\u00faa en nombre de toda la Asociaci\u00f3n Challenges Forum. Desde el 2003, la sede de&#8230; <span class=\"more-link\">Read more &raquo;<\/span><\/p>\n","protected":false},"author":14,"featured_media":0,"parent":4783,"menu_order":2,"comment_status":"closed","ping_status":"closed","template":"","meta":{"_acf_changed":false,"ghostkit_customizer_options":"","ghostkit_custom_css":"","ghostkit_custom_js_head":"","ghostkit_custom_js_foot":"","ghostkit_typography":"","footnotes":""},"class_list":["post-4795","page","type-page","status-publish","hentry"],"acf":[],"yoast_head":"<!-- This site is optimized with the Yoast SEO plugin v26.8 - https:\/\/yoast.com\/product\/yoast-seo-wordpress\/ -->\n<title>La Secretar\u00eda Internacional del Challenges Forum - ChallengesForum<\/title>\n<meta name=\"robots\" content=\"index, follow, max-snippet:-1, max-image-preview:large, max-video-preview:-1\" \/>\n<link rel=\"canonical\" href=\"https:\/\/challengesforum.org\/es\/quienes-somos\/la-secretaria-internacional-del-challenges-forum\/\" \/>\n<meta property=\"og:locale\" content=\"es_ES\" \/>\n<meta property=\"og:type\" content=\"article\" \/>\n<meta property=\"og:title\" content=\"La Secretar\u00eda Internacional del Challenges Forum - ChallengesForum\" \/>\n<meta property=\"og:description\" content=\"La Secretar\u00eda Internacional del Challenges Forum (CFIS) es el \u00f3rgano ejecutivo del Challenges Forum y act\u00faa en nombre de toda la Asociaci\u00f3n Challenges Forum. Desde el 2003, la sede de... Read more &raquo;\" \/>\n<meta property=\"og:url\" content=\"https:\/\/challengesforum.org\/es\/quienes-somos\/la-secretaria-internacional-del-challenges-forum\/\" \/>\n<meta property=\"og:site_name\" content=\"ChallengesForum\" \/>\n<meta property=\"article:publisher\" content=\"https:\/\/www.facebook.com\/challengesforum\/\" \/>\n<meta name=\"twitter:card\" content=\"summary_large_image\" \/>\n<meta name=\"twitter:site\" content=\"@challengesforum\" \/>\n<meta name=\"twitter:label1\" content=\"Est. reading time\" \/>\n\t<meta name=\"twitter:data1\" content=\"1 minute\" \/>\n<script type=\"application\/ld+json\" class=\"yoast-schema-graph\">{\"@context\":\"https:\/\/schema.org\",\"@graph\":[{\"@type\":\"WebPage\",\"@id\":\"https:\/\/challengesforum.org\/es\/quienes-somos\/la-secretaria-internacional-del-challenges-forum\/\",\"url\":\"https:\/\/challengesforum.org\/es\/quienes-somos\/la-secretaria-internacional-del-challenges-forum\/\",\"name\":\"La Secretar\u00eda Internacional del Challenges Forum - ChallengesForum\",\"isPartOf\":{\"@id\":\"https:\/\/challengesforum.org\/#website\"},\"datePublished\":\"2020-05-19T14:13:38+00:00\",\"breadcrumb\":{\"@id\":\"https:\/\/challengesforum.org\/es\/quienes-somos\/la-secretaria-internacional-del-challenges-forum\/#breadcrumb\"},\"inLanguage\":\"es-ES\",\"potentialAction\":[{\"@type\":\"ReadAction\",\"target\":[\"https:\/\/challengesforum.org\/es\/quienes-somos\/la-secretaria-internacional-del-challenges-forum\/\"]}]},{\"@type\":\"BreadcrumbList\",\"@id\":\"https:\/\/challengesforum.org\/es\/quienes-somos\/la-secretaria-internacional-del-challenges-forum\/#breadcrumb\",\"itemListElement\":[{\"@type\":\"ListItem\",\"position\":1,\"name\":\"Home\",\"item\":\"https:\/\/challengesforum.org\/es\/\"},{\"@type\":\"ListItem\",\"position\":2,\"name\":\"Qui\u00e9nes somos\",\"item\":\"https:\/\/challengesforum.org\/es\/quienes-somos\/\"},{\"@type\":\"ListItem\",\"position\":3,\"name\":\"La Secretar\u00eda Internacional del Challenges Forum\"}]},{\"@type\":\"WebSite\",\"@id\":\"https:\/\/challengesforum.org\/#website\",\"url\":\"https:\/\/challengesforum.org\/\",\"name\":\"ChallengesForum\",\"description\":\"International forum for the challenges of peace operations\",\"potentialAction\":[{\"@type\":\"SearchAction\",\"target\":{\"@type\":\"EntryPoint\",\"urlTemplate\":\"https:\/\/challengesforum.org\/?s={search_term_string}\"},\"query-input\":{\"@type\":\"PropertyValueSpecification\",\"valueRequired\":true,\"valueName\":\"search_term_string\"}}],\"inLanguage\":\"es-ES\"}]}<\/script>\n<!-- \/ Yoast SEO plugin. -->","yoast_head_json":{"title":"La Secretar\u00eda Internacional del Challenges Forum - ChallengesForum","robots":{"index":"index","follow":"follow","max-snippet":"max-snippet:-1","max-image-preview":"max-image-preview:large","max-video-preview":"max-video-preview:-1"},"canonical":"https:\/\/challengesforum.org\/es\/quienes-somos\/la-secretaria-internacional-del-challenges-forum\/","og_locale":"es_ES","og_type":"article","og_title":"La Secretar\u00eda Internacional del Challenges Forum - ChallengesForum","og_description":"La Secretar\u00eda Internacional del Challenges Forum (CFIS) es el \u00f3rgano ejecutivo del Challenges Forum y act\u00faa en nombre de toda la Asociaci\u00f3n Challenges Forum. Desde el 2003, la sede de... Read more &raquo;","og_url":"https:\/\/challengesforum.org\/es\/quienes-somos\/la-secretaria-internacional-del-challenges-forum\/","og_site_name":"ChallengesForum","article_publisher":"https:\/\/www.facebook.com\/challengesforum\/","twitter_card":"summary_large_image","twitter_site":"@challengesforum","twitter_misc":{"Est. reading time":"1 minute"},"schema":{"@context":"https:\/\/schema.org","@graph":[{"@type":"WebPage","@id":"https:\/\/challengesforum.org\/es\/quienes-somos\/la-secretaria-internacional-del-challenges-forum\/","url":"https:\/\/challengesforum.org\/es\/quienes-somos\/la-secretaria-internacional-del-challenges-forum\/","name":"La Secretar\u00eda Internacional del Challenges Forum - ChallengesForum","isPartOf":{"@id":"https:\/\/challengesforum.org\/#website"},"datePublished":"2020-05-19T14:13:38+00:00","breadcrumb":{"@id":"https:\/\/challengesforum.org\/es\/quienes-somos\/la-secretaria-internacional-del-challenges-forum\/#breadcrumb"},"inLanguage":"es-ES","potentialAction":[{"@type":"ReadAction","target":["https:\/\/challengesforum.org\/es\/quienes-somos\/la-secretaria-internacional-del-challenges-forum\/"]}]},{"@type":"BreadcrumbList","@id":"https:\/\/challengesforum.org\/es\/quienes-somos\/la-secretaria-internacional-del-challenges-forum\/#breadcrumb","itemListElement":[{"@type":"ListItem","position":1,"name":"Home","item":"https:\/\/challengesforum.org\/es\/"},{"@type":"ListItem","position":2,"name":"Qui\u00e9nes somos","item":"https:\/\/challengesforum.org\/es\/quienes-somos\/"},{"@type":"ListItem","position":3,"name":"La Secretar\u00eda Internacional del Challenges Forum"}]},{"@type":"WebSite","@id":"https:\/\/challengesforum.org\/#website","url":"https:\/\/challengesforum.org\/","name":"ChallengesForum","description":"International forum for the challenges of peace operations","potentialAction":[{"@type":"SearchAction","target":{"@type":"EntryPoint","urlTemplate":"https:\/\/challengesforum.org\/?s={search_term_string}"},"query-input":{"@type":"PropertyValueSpecification","valueRequired":true,"valueName":"search_term_string"}}],"inLanguage":"es-ES"}]}},"_links":{"self":[{"href":"https:\/\/challengesforum.org\/es\/wp-json\/wp\/v2\/pages\/4795","targetHints":{"allow":["GET"]}}],"collection":[{"href":"https:\/\/challengesforum.org\/es\/wp-json\/wp\/v2\/pages"}],"about":[{"href":"https:\/\/challengesforum.org\/es\/wp-json\/wp\/v2\/types\/page"}],"author":[{"embeddable":true,"href":"https:\/\/challengesforum.org\/es\/wp-json\/wp\/v2\/users\/14"}],"replies":[{"embeddable":true,"href":"https:\/\/challengesforum.org\/es\/wp-json\/wp\/v2\/comments?post=4795"}],"version-history":[{"count":0,"href":"https:\/\/challengesforum.org\/es\/wp-json\/wp\/v2\/pages\/4795\/revisions"}],"up":[{"embeddable":true,"href":"https:\/\/challengesforum.org\/es\/wp-json\/wp\/v2\/pages\/4783"}],"wp:attachment":[{"href":"https:\/\/challengesforum.org\/es\/wp-json\/wp\/v2\/media?parent=4795"}],"curies":[{"name":"wp","href":"https:\/\/api.w.org\/{rel}","templated":true}]}}