{"id":4715,"date":"2019-06-04T13:56:04","date_gmt":"2019-06-04T10:56:04","guid":{"rendered":"https:\/\/challengesforum.org\/home\/"},"modified":"2020-09-30T12:37:14","modified_gmt":"2020-09-30T09:37:14","slug":"home","status":"publish","type":"page","link":"https:\/\/challengesforum.org\/fr\/","title":{"rendered":"Fa\u00e7onner le d\u00e9bat"},"content":{"rendered":"\n<p>Le Forum Challenges est une plateforme strat\u00e9gique et dynamique visant \u00e0 la construction d\u2019un dialogue entre des d\u00e9cideurs politiques, des professionnels et des chercheurs sur des questions cl\u00e9s et des \u00e9volutions dans le domaine des op\u00e9rations de paix.<\/p>\n","protected":false},"excerpt":{"rendered":"<p>Le Forum Challenges est une plateforme strat\u00e9gique et dynamique visant \u00e0 la construction d\u2019un dialogue entre des d\u00e9cideurs politiques, des professionnels et des chercheurs sur des questions cl\u00e9s et des&#8230; <span class=\"more-link\">Read more &raquo;<\/span><\/p>\n","protected":false},"author":14,"featured_media":2783,"parent":0,"menu_order":0,"comment_status":"closed","ping_status":"closed","template":"page-templates\/homepage.php","meta":{"_acf_changed":false,"ghostkit_customizer_options":"","ghostkit_custom_css":"","ghostkit_custom_js_head":"","ghostkit_custom_js_foot":"","ghostkit_typography":"","footnotes":""},"class_list":["post-4715","page","type-page","status-publish","has-post-thumbnail","hentry"],"acf":[],"yoast_head":"<!-- This site is optimized with the Yoast SEO plugin v26.8 - https:\/\/yoast.com\/product\/yoast-seo-wordpress\/ -->\n<title>Fa\u00e7onner le d\u00e9bat - ChallengesForum<\/title>\n<meta name=\"description\" content=\"The Challenges Forum is a strategic and dynamic platform for constructive dialogue among leading policymakers, practitioners and academics on key issues and developments in peace operations.\" \/>\n<meta name=\"robots\" content=\"index, follow, max-snippet:-1, max-image-preview:large, max-video-preview:-1\" \/>\n<link rel=\"canonical\" href=\"https:\/\/challengesforum.org\/fr\/\" \/>\n<meta property=\"og:locale\" content=\"fr_FR\" \/>\n<meta property=\"og:type\" content=\"article\" \/>\n<meta property=\"og:title\" content=\"Fa\u00e7onner le d\u00e9bat - ChallengesForum\" \/>\n<meta property=\"og:description\" content=\"The Challenges Forum is a strategic and dynamic platform for constructive dialogue among leading policymakers, practitioners and academics on key issues and developments in peace operations.\" \/>\n<meta property=\"og:url\" content=\"https:\/\/challengesforum.org\/fr\/\" \/>\n<meta property=\"og:site_name\" content=\"ChallengesForum\" \/>\n<meta property=\"article:publisher\" content=\"https:\/\/www.facebook.com\/challengesforum\/\" \/>\n<meta property=\"article:modified_time\" content=\"2020-09-30T09:37:14+00:00\" \/>\n<meta property=\"og:image\" content=\"https:\/\/challengesforum.org\/wp-content\/uploads\/2019\/06\/top-main-info-bg.jpg\" \/>\n\t<meta property=\"og:image:width\" content=\"1440\" \/>\n\t<meta property=\"og:image:height\" content=\"592\" \/>\n\t<meta property=\"og:image:type\" content=\"image\/jpeg\" \/>\n<meta name=\"twitter:card\" content=\"summary_large_image\" \/>\n<meta name=\"twitter:site\" content=\"@challengesforum\" \/>\n<script type=\"application\/ld+json\" class=\"yoast-schema-graph\">{\"@context\":\"https:\/\/schema.org\",\"@graph\":[{\"@type\":\"WebPage\",\"@id\":\"https:\/\/challengesforum.org\/fr\/\",\"url\":\"https:\/\/challengesforum.org\/fr\/\",\"name\":\"Fa\u00e7onner le d\u00e9bat - ChallengesForum\",\"isPartOf\":{\"@id\":\"https:\/\/challengesforum.org\/#website\"},\"primaryImageOfPage\":{\"@id\":\"https:\/\/challengesforum.org\/fr\/#primaryimage\"},\"image\":{\"@id\":\"https:\/\/challengesforum.org\/fr\/#primaryimage\"},\"thumbnailUrl\":\"https:\/\/fbaprodcontent.blob.core.windows.net\/challengesforum-prod\/2019\/06\/top-main-info-bg.jpg\",\"datePublished\":\"2019-06-04T10:56:04+00:00\",\"dateModified\":\"2020-09-30T09:37:14+00:00\",\"description\":\"The Challenges Forum is a strategic and dynamic platform for constructive dialogue among leading policymakers, practitioners and academics on key issues and developments in peace operations.\",\"breadcrumb\":{\"@id\":\"https:\/\/challengesforum.org\/fr\/#breadcrumb\"},\"inLanguage\":\"fr-FR\",\"potentialAction\":[{\"@type\":\"ReadAction\",\"target\":[\"https:\/\/challengesforum.org\/fr\/\"]}]},{\"@type\":\"ImageObject\",\"inLanguage\":\"fr-FR\",\"@id\":\"https:\/\/challengesforum.org\/fr\/#primaryimage\",\"url\":\"https:\/\/fbaprodcontent.blob.core.windows.net\/challengesforum-prod\/2019\/06\/top-main-info-bg.jpg\",\"contentUrl\":\"https:\/\/fbaprodcontent.blob.core.windows.net\/challengesforum-prod\/2019\/06\/top-main-info-bg.jpg\",\"width\":1440,\"height\":592},{\"@type\":\"BreadcrumbList\",\"@id\":\"https:\/\/challengesforum.org\/fr\/#breadcrumb\",\"itemListElement\":[{\"@type\":\"ListItem\",\"position\":1,\"name\":\"Home\",\"item\":\"https:\/\/challengesforum.org\/fr\/\"},{\"@type\":\"ListItem\",\"position\":2,\"name\":\"Fa\u00e7onner le d\u00e9bat\"}]},{\"@type\":\"WebSite\",\"@id\":\"https:\/\/challengesforum.org\/#website\",\"url\":\"https:\/\/challengesforum.org\/\",\"name\":\"ChallengesForum\",\"description\":\"International forum for the challenges of peace operations\",\"potentialAction\":[{\"@type\":\"SearchAction\",\"target\":{\"@type\":\"EntryPoint\",\"urlTemplate\":\"https:\/\/challengesforum.org\/?s={search_term_string}\"},\"query-input\":{\"@type\":\"PropertyValueSpecification\",\"valueRequired\":true,\"valueName\":\"search_term_string\"}}],\"inLanguage\":\"fr-FR\"}]}<\/script>\n<!-- \/ Yoast SEO plugin. -->","yoast_head_json":{"title":"Fa\u00e7onner le d\u00e9bat - ChallengesForum","description":"The Challenges Forum is a strategic and dynamic platform for constructive dialogue among leading policymakers, practitioners and academics on key issues and developments in peace operations.","robots":{"index":"index","follow":"follow","max-snippet":"max-snippet:-1","max-image-preview":"max-image-preview:large","max-video-preview":"max-video-preview:-1"},"canonical":"https:\/\/challengesforum.org\/fr\/","og_locale":"fr_FR","og_type":"article","og_title":"Fa\u00e7onner le d\u00e9bat - ChallengesForum","og_description":"The Challenges Forum is a strategic and dynamic platform for constructive dialogue among leading policymakers, practitioners and academics on key issues and developments in peace operations.","og_url":"https:\/\/challengesforum.org\/fr\/","og_site_name":"ChallengesForum","article_publisher":"https:\/\/www.facebook.com\/challengesforum\/","article_modified_time":"2020-09-30T09:37:14+00:00","og_image":[{"width":1440,"height":592,"url":"https:\/\/challengesforum.org\/wp-content\/uploads\/2019\/06\/top-main-info-bg.jpg","type":"image\/jpeg"}],"twitter_card":"summary_large_image","twitter_site":"@challengesforum","schema":{"@context":"https:\/\/schema.org","@graph":[{"@type":"WebPage","@id":"https:\/\/challengesforum.org\/fr\/","url":"https:\/\/challengesforum.org\/fr\/","name":"Fa\u00e7onner le d\u00e9bat - ChallengesForum","isPartOf":{"@id":"https:\/\/challengesforum.org\/#website"},"primaryImageOfPage":{"@id":"https:\/\/challengesforum.org\/fr\/#primaryimage"},"image":{"@id":"https:\/\/challengesforum.org\/fr\/#primaryimage"},"thumbnailUrl":"https:\/\/fbaprodcontent.blob.core.windows.net\/challengesforum-prod\/2019\/06\/top-main-info-bg.jpg","datePublished":"2019-06-04T10:56:04+00:00","dateModified":"2020-09-30T09:37:14+00:00","description":"The Challenges Forum is a strategic and dynamic platform for constructive dialogue among leading policymakers, practitioners and academics on key issues and developments in peace operations.","breadcrumb":{"@id":"https:\/\/challengesforum.org\/fr\/#breadcrumb"},"inLanguage":"fr-FR","potentialAction":[{"@type":"ReadAction","target":["https:\/\/challengesforum.org\/fr\/"]}]},{"@type":"ImageObject","inLanguage":"fr-FR","@id":"https:\/\/challengesforum.org\/fr\/#primaryimage","url":"https:\/\/fbaprodcontent.blob.core.windows.net\/challengesforum-prod\/2019\/06\/top-main-info-bg.jpg","contentUrl":"https:\/\/fbaprodcontent.blob.core.windows.net\/challengesforum-prod\/2019\/06\/top-main-info-bg.jpg","width":1440,"height":592},{"@type":"BreadcrumbList","@id":"https:\/\/challengesforum.org\/fr\/#breadcrumb","itemListElement":[{"@type":"ListItem","position":1,"name":"Home","item":"https:\/\/challengesforum.org\/fr\/"},{"@type":"ListItem","position":2,"name":"Fa\u00e7onner le d\u00e9bat"}]},{"@type":"WebSite","@id":"https:\/\/challengesforum.org\/#website","url":"https:\/\/challengesforum.org\/","name":"ChallengesForum","description":"International forum for the challenges of peace operations","potentialAction":[{"@type":"SearchAction","target":{"@type":"EntryPoint","urlTemplate":"https:\/\/challengesforum.org\/?s={search_term_string}"},"query-input":{"@type":"PropertyValueSpecification","valueRequired":true,"valueName":"search_term_string"}}],"inLanguage":"fr-FR"}]}},"_links":{"self":[{"href":"https:\/\/challengesforum.org\/fr\/wp-json\/wp\/v2\/pages\/4715","targetHints":{"allow":["GET"]}}],"collection":[{"href":"https:\/\/challengesforum.org\/fr\/wp-json\/wp\/v2\/pages"}],"about":[{"href":"https:\/\/challengesforum.org\/fr\/wp-json\/wp\/v2\/types\/page"}],"author":[{"embeddable":true,"href":"https:\/\/challengesforum.org\/fr\/wp-json\/wp\/v2\/users\/14"}],"replies":[{"embeddable":true,"href":"https:\/\/challengesforum.org\/fr\/wp-json\/wp\/v2\/comments?post=4715"}],"version-history":[{"count":0,"href":"https:\/\/challengesforum.org\/fr\/wp-json\/wp\/v2\/pages\/4715\/revisions"}],"wp:featuredmedia":[{"embeddable":true,"href":"https:\/\/challengesforum.org\/fr\/wp-json\/wp\/v2\/media\/2783"}],"wp:attachment":[{"href":"https:\/\/challengesforum.org\/fr\/wp-json\/wp\/v2\/media?parent=4715"}],"curies":[{"name":"wp","href":"https:\/\/api.w.org\/{rel}","templated":true}]}}