{"id":4748,"date":"2020-05-19T15:20:11","date_gmt":"2020-05-19T12:20:11","guid":{"rendered":"https:\/\/challengesforum.org\/?page_id=4748"},"modified":"2024-05-29T10:18:11","modified_gmt":"2024-05-29T08:18:11","slug":"vision-mission","status":"publish","type":"page","link":"https:\/\/challengesforum.org\/fr\/a-propos\/vision-mission\/","title":{"rendered":"Vision &#038; Mission"},"content":{"rendered":"\n<h2 class=\"wp-block-heading\" id=\"vision\"><strong>Vision<\/strong><\/h2>\n\n\n\n<p>Notre vision est d\u2019atteindre une paix et une s\u00e9curit\u00e9 mondiales \u00e0 travers des partenariats multilat\u00e9raux solides et des op\u00e9rations de paix plus efficaces.&nbsp;<\/p>\n\n\n\n<h2 class=\"wp-block-heading\" id=\"mission\"><strong>Mission<\/strong><\/h2>\n\n\n\n<p>Le Forum Challenges est un partenariat mondial qui se base sur son mandat de rassembler des acteurs, pour d\u00e9velopper des id\u00e9es innovantes et promouvoir des r\u00e9sultats pour des op\u00e9rations de paix plus efficaces. Pour en savoir plus sur le cadre g\u00e9n\u00e9ral du Forum Challenges et sur la feuille de route du Partenariat, lisez ou t\u00e9l\u00e9chargez notre strat\u00e9gie ci-dessous :<br><a href=\"https:\/\/fbaprodcontent.blob.core.windows.net\/challengesforum-prod\/2024\/03\/Challenges-Strategy-2024-2028.pdf\"><strong>Strat\u00e9gie du Forum Challenges 2024-2028<\/strong><\/a> (en anglais.)<\/p>\n\n\n\n<figure class=\"wp-block-image\"><img loading=\"lazy\" decoding=\"async\" width=\"1024\" height=\"683\" src=\"https:\/\/fbaprodcontent.blob.core.windows.net\/challengesforum-prod\/2019\/06\/Colombia_children_peace_small-1024x683.jpg\" alt=\"\" class=\"wp-image-2664\" srcset=\"https:\/\/fbaprodcontent.blob.core.windows.net\/challengesforum-prod\/2019\/06\/Colombia_children_peace_small-1024x683.jpg 1024w, https:\/\/fbaprodcontent.blob.core.windows.net\/challengesforum-prod\/2019\/06\/Colombia_children_peace_small-300x200.jpg 300w, https:\/\/fbaprodcontent.blob.core.windows.net\/challengesforum-prod\/2019\/06\/Colombia_children_peace_small-768x512.jpg 768w, https:\/\/fbaprodcontent.blob.core.windows.net\/challengesforum-prod\/2019\/06\/Colombia_children_peace_small.jpg 1200w\" sizes=\"(max-width: 1024px) 100vw, 1024px\" \/><figcaption class=\"wp-element-caption\">UN Photo\/Jennifer Moreno. The United Nations Mission in Colombia celebrated the International Day of Peace in 2017 by inviting people to light a candle for the 2,769 lives that according to CERAC, were saved during the first 10 months of the ceasefire between the Government and the FARC-EP. Here the Choir of the  Hacienda Los Alcaparros College, signing two songs with message of Peace.<\/figcaption><\/figure>\n","protected":false},"excerpt":{"rendered":"<p>Vision Notre vision est d\u2019atteindre une paix et une s\u00e9curit\u00e9 mondiales \u00e0 travers des partenariats multilat\u00e9raux solides et des op\u00e9rations de paix plus efficaces.&nbsp; Mission Le Forum Challenges est un&#8230; <span class=\"more-link\">Read more &raquo;<\/span><\/p>\n","protected":false},"author":14,"featured_media":0,"parent":4750,"menu_order":0,"comment_status":"closed","ping_status":"closed","template":"","meta":{"_acf_changed":false,"ghostkit_customizer_options":"","ghostkit_custom_css":"","ghostkit_custom_js_head":"","ghostkit_custom_js_foot":"","ghostkit_typography":"","footnotes":""},"class_list":["post-4748","page","type-page","status-publish","hentry"],"acf":[],"yoast_head":"<!-- This site is optimized with the Yoast SEO plugin v26.8 - https:\/\/yoast.com\/product\/yoast-seo-wordpress\/ -->\n<title>Vision &amp; Mission - ChallengesForum<\/title>\n<meta name=\"robots\" content=\"index, follow, max-snippet:-1, max-image-preview:large, max-video-preview:-1\" \/>\n<link rel=\"canonical\" href=\"https:\/\/challengesforum.org\/fr\/a-propos\/vision-mission\/\" \/>\n<meta property=\"og:locale\" content=\"fr_FR\" \/>\n<meta property=\"og:type\" content=\"article\" \/>\n<meta property=\"og:title\" content=\"Vision &amp; Mission - ChallengesForum\" \/>\n<meta property=\"og:description\" content=\"Vision Notre vision est d\u2019atteindre une paix et une s\u00e9curit\u00e9 mondiales \u00e0 travers des partenariats multilat\u00e9raux solides et des op\u00e9rations de paix plus efficaces.&nbsp; Mission Le Forum Challenges est un... Read more &raquo;\" \/>\n<meta property=\"og:url\" content=\"https:\/\/challengesforum.org\/fr\/a-propos\/vision-mission\/\" \/>\n<meta property=\"og:site_name\" content=\"ChallengesForum\" \/>\n<meta property=\"article:publisher\" content=\"https:\/\/www.facebook.com\/challengesforum\/\" \/>\n<meta property=\"article:modified_time\" content=\"2024-05-29T08:18:11+00:00\" \/>\n<meta property=\"og:image\" content=\"https:\/\/challengesforum.org\/wp-content\/uploads\/2019\/06\/Colombia_children_peace_small-1024x683.jpg\" \/>\n<meta name=\"twitter:card\" content=\"summary_large_image\" \/>\n<meta name=\"twitter:site\" content=\"@challengesforum\" \/>\n<meta name=\"twitter:label1\" content=\"Est. reading time\" \/>\n\t<meta name=\"twitter:data1\" content=\"1 minute\" \/>\n<script type=\"application\/ld+json\" class=\"yoast-schema-graph\">{\"@context\":\"https:\/\/schema.org\",\"@graph\":[{\"@type\":\"WebPage\",\"@id\":\"https:\/\/challengesforum.org\/fr\/a-propos\/vision-mission\/\",\"url\":\"https:\/\/challengesforum.org\/fr\/a-propos\/vision-mission\/\",\"name\":\"Vision & Mission - ChallengesForum\",\"isPartOf\":{\"@id\":\"https:\/\/challengesforum.org\/#website\"},\"primaryImageOfPage\":{\"@id\":\"https:\/\/challengesforum.org\/fr\/a-propos\/vision-mission\/#primaryimage\"},\"image\":{\"@id\":\"https:\/\/challengesforum.org\/fr\/a-propos\/vision-mission\/#primaryimage\"},\"thumbnailUrl\":\"https:\/\/fbaprodcontent.blob.core.windows.net\/challengesforum-prod\/2019\/06\/Colombia_children_peace_small-1024x683.jpg\",\"datePublished\":\"2020-05-19T12:20:11+00:00\",\"dateModified\":\"2024-05-29T08:18:11+00:00\",\"breadcrumb\":{\"@id\":\"https:\/\/challengesforum.org\/fr\/a-propos\/vision-mission\/#breadcrumb\"},\"inLanguage\":\"fr-FR\",\"potentialAction\":[{\"@type\":\"ReadAction\",\"target\":[\"https:\/\/challengesforum.org\/fr\/a-propos\/vision-mission\/\"]}]},{\"@type\":\"ImageObject\",\"inLanguage\":\"fr-FR\",\"@id\":\"https:\/\/challengesforum.org\/fr\/a-propos\/vision-mission\/#primaryimage\",\"url\":\"https:\/\/fbaprodcontent.blob.core.windows.net\/challengesforum-prod\/2019\/06\/Colombia_children_peace_small-1024x683.jpg\",\"contentUrl\":\"https:\/\/fbaprodcontent.blob.core.windows.net\/challengesforum-prod\/2019\/06\/Colombia_children_peace_small-1024x683.jpg\"},{\"@type\":\"BreadcrumbList\",\"@id\":\"https:\/\/challengesforum.org\/fr\/a-propos\/vision-mission\/#breadcrumb\",\"itemListElement\":[{\"@type\":\"ListItem\",\"position\":1,\"name\":\"Home\",\"item\":\"https:\/\/challengesforum.org\/fr\/\"},{\"@type\":\"ListItem\",\"position\":2,\"name\":\"\u00c0 propos\",\"item\":\"https:\/\/challengesforum.org\/fr\/a-propos\/\"},{\"@type\":\"ListItem\",\"position\":3,\"name\":\"Vision &#038; Mission\"}]},{\"@type\":\"WebSite\",\"@id\":\"https:\/\/challengesforum.org\/#website\",\"url\":\"https:\/\/challengesforum.org\/\",\"name\":\"ChallengesForum\",\"description\":\"International forum for the challenges of peace operations\",\"potentialAction\":[{\"@type\":\"SearchAction\",\"target\":{\"@type\":\"EntryPoint\",\"urlTemplate\":\"https:\/\/challengesforum.org\/?s={search_term_string}\"},\"query-input\":{\"@type\":\"PropertyValueSpecification\",\"valueRequired\":true,\"valueName\":\"search_term_string\"}}],\"inLanguage\":\"fr-FR\"}]}<\/script>\n<!-- \/ Yoast SEO plugin. -->","yoast_head_json":{"title":"Vision & Mission - ChallengesForum","robots":{"index":"index","follow":"follow","max-snippet":"max-snippet:-1","max-image-preview":"max-image-preview:large","max-video-preview":"max-video-preview:-1"},"canonical":"https:\/\/challengesforum.org\/fr\/a-propos\/vision-mission\/","og_locale":"fr_FR","og_type":"article","og_title":"Vision & Mission - ChallengesForum","og_description":"Vision Notre vision est d\u2019atteindre une paix et une s\u00e9curit\u00e9 mondiales \u00e0 travers des partenariats multilat\u00e9raux solides et des op\u00e9rations de paix plus efficaces.&nbsp; Mission Le Forum Challenges est un... Read more &raquo;","og_url":"https:\/\/challengesforum.org\/fr\/a-propos\/vision-mission\/","og_site_name":"ChallengesForum","article_publisher":"https:\/\/www.facebook.com\/challengesforum\/","article_modified_time":"2024-05-29T08:18:11+00:00","og_image":[{"url":"https:\/\/challengesforum.org\/wp-content\/uploads\/2019\/06\/Colombia_children_peace_small-1024x683.jpg","type":"","width":"","height":""}],"twitter_card":"summary_large_image","twitter_site":"@challengesforum","twitter_misc":{"Est. reading time":"1 minute"},"schema":{"@context":"https:\/\/schema.org","@graph":[{"@type":"WebPage","@id":"https:\/\/challengesforum.org\/fr\/a-propos\/vision-mission\/","url":"https:\/\/challengesforum.org\/fr\/a-propos\/vision-mission\/","name":"Vision & Mission - ChallengesForum","isPartOf":{"@id":"https:\/\/challengesforum.org\/#website"},"primaryImageOfPage":{"@id":"https:\/\/challengesforum.org\/fr\/a-propos\/vision-mission\/#primaryimage"},"image":{"@id":"https:\/\/challengesforum.org\/fr\/a-propos\/vision-mission\/#primaryimage"},"thumbnailUrl":"https:\/\/fbaprodcontent.blob.core.windows.net\/challengesforum-prod\/2019\/06\/Colombia_children_peace_small-1024x683.jpg","datePublished":"2020-05-19T12:20:11+00:00","dateModified":"2024-05-29T08:18:11+00:00","breadcrumb":{"@id":"https:\/\/challengesforum.org\/fr\/a-propos\/vision-mission\/#breadcrumb"},"inLanguage":"fr-FR","potentialAction":[{"@type":"ReadAction","target":["https:\/\/challengesforum.org\/fr\/a-propos\/vision-mission\/"]}]},{"@type":"ImageObject","inLanguage":"fr-FR","@id":"https:\/\/challengesforum.org\/fr\/a-propos\/vision-mission\/#primaryimage","url":"https:\/\/fbaprodcontent.blob.core.windows.net\/challengesforum-prod\/2019\/06\/Colombia_children_peace_small-1024x683.jpg","contentUrl":"https:\/\/fbaprodcontent.blob.core.windows.net\/challengesforum-prod\/2019\/06\/Colombia_children_peace_small-1024x683.jpg"},{"@type":"BreadcrumbList","@id":"https:\/\/challengesforum.org\/fr\/a-propos\/vision-mission\/#breadcrumb","itemListElement":[{"@type":"ListItem","position":1,"name":"Home","item":"https:\/\/challengesforum.org\/fr\/"},{"@type":"ListItem","position":2,"name":"\u00c0 propos","item":"https:\/\/challengesforum.org\/fr\/a-propos\/"},{"@type":"ListItem","position":3,"name":"Vision &#038; Mission"}]},{"@type":"WebSite","@id":"https:\/\/challengesforum.org\/#website","url":"https:\/\/challengesforum.org\/","name":"ChallengesForum","description":"International forum for the challenges of peace operations","potentialAction":[{"@type":"SearchAction","target":{"@type":"EntryPoint","urlTemplate":"https:\/\/challengesforum.org\/?s={search_term_string}"},"query-input":{"@type":"PropertyValueSpecification","valueRequired":true,"valueName":"search_term_string"}}],"inLanguage":"fr-FR"}]}},"_links":{"self":[{"href":"https:\/\/challengesforum.org\/fr\/wp-json\/wp\/v2\/pages\/4748","targetHints":{"allow":["GET"]}}],"collection":[{"href":"https:\/\/challengesforum.org\/fr\/wp-json\/wp\/v2\/pages"}],"about":[{"href":"https:\/\/challengesforum.org\/fr\/wp-json\/wp\/v2\/types\/page"}],"author":[{"embeddable":true,"href":"https:\/\/challengesforum.org\/fr\/wp-json\/wp\/v2\/users\/14"}],"replies":[{"embeddable":true,"href":"https:\/\/challengesforum.org\/fr\/wp-json\/wp\/v2\/comments?post=4748"}],"version-history":[{"count":2,"href":"https:\/\/challengesforum.org\/fr\/wp-json\/wp\/v2\/pages\/4748\/revisions"}],"predecessor-version":[{"id":11592,"href":"https:\/\/challengesforum.org\/fr\/wp-json\/wp\/v2\/pages\/4748\/revisions\/11592"}],"up":[{"embeddable":true,"href":"https:\/\/challengesforum.org\/fr\/wp-json\/wp\/v2\/pages\/4750"}],"wp:attachment":[{"href":"https:\/\/challengesforum.org\/fr\/wp-json\/wp\/v2\/media?parent=4748"}],"curies":[{"name":"wp","href":"https:\/\/api.w.org\/{rel}","templated":true}]}}