{"id":4750,"date":"2020-05-19T16:43:19","date_gmt":"2020-05-19T13:43:19","guid":{"rendered":"https:\/\/challengesforum.org\/?page_id=4750"},"modified":"2020-05-19T16:43:20","modified_gmt":"2020-05-19T13:43:20","slug":"a-propos","status":"publish","type":"page","link":"https:\/\/challengesforum.org\/fr\/a-propos\/","title":{"rendered":"\u00c0 propos"},"content":{"rendered":"\n<p>Le Forum Challenges est un r\u00e9seau innovant et inclusif qui incite \u00e0 la r\u00e9flexion et est ax\u00e9 sur la production de r\u00e9sultats. Le Forum vise le partage des connaissances et des bonnes pratiques et r\u00e9unit des acteurs cl\u00e9s autour de discussions sur les diff\u00e9rents aspects et approches des op\u00e9rations de paix et ce, lors d&#8217;\u00e9v\u00e9nements, d\u2019ateliers et \u00e0 travers la publication d\u2019articles de recherche.<\/p>\n\n\n\n<p>Nous offrons une plateforme de dialogue impartiale et informelle. Notre but est de contribuer \u00e0 un renforcement de la capacit\u00e9 internationale de planification, de gestion et d\u2019\u00e9valuation des op\u00e9rations de paix multilat\u00e9rales. \u00c0 cette fin, nous produisons des recommandations et des orientations politiques cibl\u00e9es \u00e0 destination des d\u00e9cideurs politiques, des professionnels et des experts.<\/p>\n\n\n\n<figure class=\"wp-block-image\"><img loading=\"lazy\" decoding=\"async\" width=\"1024\" height=\"1024\" src=\"https:\/\/fbaprodcontent.blob.core.windows.net\/challengesforum-prod\/2019\/06\/CAF19PICMAPSMALL-1024x1024.jpg\" alt=\"\" class=\"wp-image-2483\" srcset=\"https:\/\/fbaprodcontent.blob.core.windows.net\/challengesforum-prod\/2019\/06\/CAF19PICMAPSMALL-1024x1024.jpg 1024w, https:\/\/fbaprodcontent.blob.core.windows.net\/challengesforum-prod\/2019\/06\/CAF19PICMAPSMALL-150x150.jpg 150w, https:\/\/fbaprodcontent.blob.core.windows.net\/challengesforum-prod\/2019\/06\/CAF19PICMAPSMALL-300x300.jpg 300w, https:\/\/fbaprodcontent.blob.core.windows.net\/challengesforum-prod\/2019\/06\/CAF19PICMAPSMALL-768x768.jpg 768w, https:\/\/fbaprodcontent.blob.core.windows.net\/challengesforum-prod\/2019\/06\/CAF19PICMAPSMALL.jpg 1200w\" sizes=\"(max-width: 1024px) 100vw, 1024px\" \/><figcaption>Picture from Challenges Annual Forum 2019 in Montreal, Canada. Hosted by the Government of Canada, it brought together 130 participants from all over the globe representing the UN, AU, the Challenges Forum Partnership and expert institutions. Find out more about the resulting recommendations on how to improve effectiveness of peace operations <a href=\"https:\/\/challengesforum.org\/event\/challenges-annual-forum-2019-politics-peacabuilding-transition-and-leadership\/\">here<\/a>.<\/figcaption><\/figure>\n\n\n\n<p>Au coeur de notre approche se trouve la volont\u00e9 de combler le foss\u00e9 entre les niveaux politique et op\u00e9rationnel et de cr\u00e9er une compr\u00e9hension commune entre l\u2019ONU, les organisations r\u00e9gionales, les \u00c9tats membres, les pays fournisseurs de contingents et d\u2019effectifs de police et les pays h\u00f4tes.<\/p>\n\n\n\n<div class=\"ghostkit-button-wrapper ghostkit-button-wrapper-gap-md\">\n<a class=\"ghostkit-button ghostkit-button-md ghostkit-button-single-k0l52\" href=\"https:\/\/challengesforum.org\/about\/what-we-do\/\" data-ghostkit-styles=\".ghostkit-button-single-k0l52 { background-color: #0366d6; color: #ffffff; border-radius: 2px; }\"><span class=\"ghostkit-button-text\">For more on &#8220;What we do&#8221;<\/span><\/a>\n<\/div>\n","protected":false},"excerpt":{"rendered":"<p>Le Forum Challenges est un r\u00e9seau innovant et inclusif qui incite \u00e0 la r\u00e9flexion et est ax\u00e9 sur la production de r\u00e9sultats. Le Forum vise le partage des connaissances et&#8230; <span class=\"more-link\">Read more &raquo;<\/span><\/p>\n","protected":false},"author":14,"featured_media":0,"parent":0,"menu_order":1,"comment_status":"closed","ping_status":"closed","template":"","meta":{"_acf_changed":false,"ghostkit_customizer_options":"","ghostkit_custom_css":"","ghostkit_custom_js_head":"","ghostkit_custom_js_foot":"","ghostkit_typography":"","footnotes":""},"class_list":["post-4750","page","type-page","status-publish","hentry"],"acf":[],"yoast_head":"<!-- This site is optimized with the Yoast SEO plugin v26.8 - https:\/\/yoast.com\/product\/yoast-seo-wordpress\/ -->\n<title>\u00c0 propos - ChallengesForum<\/title>\n<meta name=\"robots\" content=\"index, follow, max-snippet:-1, max-image-preview:large, max-video-preview:-1\" \/>\n<link rel=\"canonical\" href=\"https:\/\/challengesforum.org\/fr\/a-propos\/\" \/>\n<meta property=\"og:locale\" content=\"fr_FR\" \/>\n<meta property=\"og:type\" content=\"article\" \/>\n<meta property=\"og:title\" content=\"\u00c0 propos - ChallengesForum\" \/>\n<meta property=\"og:description\" content=\"Le Forum Challenges est un r\u00e9seau innovant et inclusif qui incite \u00e0 la r\u00e9flexion et est ax\u00e9 sur la production de r\u00e9sultats. Le Forum vise le partage des connaissances et... Read more &raquo;\" \/>\n<meta property=\"og:url\" content=\"https:\/\/challengesforum.org\/fr\/a-propos\/\" \/>\n<meta property=\"og:site_name\" content=\"ChallengesForum\" \/>\n<meta property=\"article:publisher\" content=\"https:\/\/www.facebook.com\/challengesforum\/\" \/>\n<meta property=\"article:modified_time\" content=\"2020-05-19T13:43:20+00:00\" \/>\n<meta property=\"og:image\" content=\"https:\/\/challengesforum.org\/wp-content\/uploads\/2019\/06\/CAF19PICMAPSMALL-1024x1024.jpg\" \/>\n<meta name=\"twitter:card\" content=\"summary_large_image\" \/>\n<meta name=\"twitter:site\" content=\"@challengesforum\" \/>\n<meta name=\"twitter:label1\" content=\"Est. reading time\" \/>\n\t<meta name=\"twitter:data1\" content=\"1 minute\" \/>\n<script type=\"application\/ld+json\" class=\"yoast-schema-graph\">{\"@context\":\"https:\/\/schema.org\",\"@graph\":[{\"@type\":\"WebPage\",\"@id\":\"https:\/\/challengesforum.org\/fr\/a-propos\/\",\"url\":\"https:\/\/challengesforum.org\/fr\/a-propos\/\",\"name\":\"\u00c0 propos - ChallengesForum\",\"isPartOf\":{\"@id\":\"https:\/\/challengesforum.org\/#website\"},\"primaryImageOfPage\":{\"@id\":\"https:\/\/challengesforum.org\/fr\/a-propos\/#primaryimage\"},\"image\":{\"@id\":\"https:\/\/challengesforum.org\/fr\/a-propos\/#primaryimage\"},\"thumbnailUrl\":\"https:\/\/fbaprodcontent.blob.core.windows.net\/challengesforum-prod\/2019\/06\/CAF19PICMAPSMALL-1024x1024.jpg\",\"datePublished\":\"2020-05-19T13:43:19+00:00\",\"dateModified\":\"2020-05-19T13:43:20+00:00\",\"breadcrumb\":{\"@id\":\"https:\/\/challengesforum.org\/fr\/a-propos\/#breadcrumb\"},\"inLanguage\":\"fr-FR\",\"potentialAction\":[{\"@type\":\"ReadAction\",\"target\":[\"https:\/\/challengesforum.org\/fr\/a-propos\/\"]}]},{\"@type\":\"ImageObject\",\"inLanguage\":\"fr-FR\",\"@id\":\"https:\/\/challengesforum.org\/fr\/a-propos\/#primaryimage\",\"url\":\"https:\/\/fbaprodcontent.blob.core.windows.net\/challengesforum-prod\/2019\/06\/CAF19PICMAPSMALL-1024x1024.jpg\",\"contentUrl\":\"https:\/\/fbaprodcontent.blob.core.windows.net\/challengesforum-prod\/2019\/06\/CAF19PICMAPSMALL-1024x1024.jpg\"},{\"@type\":\"BreadcrumbList\",\"@id\":\"https:\/\/challengesforum.org\/fr\/a-propos\/#breadcrumb\",\"itemListElement\":[{\"@type\":\"ListItem\",\"position\":1,\"name\":\"Home\",\"item\":\"https:\/\/challengesforum.org\/fr\/\"},{\"@type\":\"ListItem\",\"position\":2,\"name\":\"\u00c0 propos\"}]},{\"@type\":\"WebSite\",\"@id\":\"https:\/\/challengesforum.org\/#website\",\"url\":\"https:\/\/challengesforum.org\/\",\"name\":\"ChallengesForum\",\"description\":\"International forum for the challenges of peace operations\",\"potentialAction\":[{\"@type\":\"SearchAction\",\"target\":{\"@type\":\"EntryPoint\",\"urlTemplate\":\"https:\/\/challengesforum.org\/?s={search_term_string}\"},\"query-input\":{\"@type\":\"PropertyValueSpecification\",\"valueRequired\":true,\"valueName\":\"search_term_string\"}}],\"inLanguage\":\"fr-FR\"}]}<\/script>\n<!-- \/ Yoast SEO plugin. -->","yoast_head_json":{"title":"\u00c0 propos - ChallengesForum","robots":{"index":"index","follow":"follow","max-snippet":"max-snippet:-1","max-image-preview":"max-image-preview:large","max-video-preview":"max-video-preview:-1"},"canonical":"https:\/\/challengesforum.org\/fr\/a-propos\/","og_locale":"fr_FR","og_type":"article","og_title":"\u00c0 propos - ChallengesForum","og_description":"Le Forum Challenges est un r\u00e9seau innovant et inclusif qui incite \u00e0 la r\u00e9flexion et est ax\u00e9 sur la production de r\u00e9sultats. Le Forum vise le partage des connaissances et... Read more &raquo;","og_url":"https:\/\/challengesforum.org\/fr\/a-propos\/","og_site_name":"ChallengesForum","article_publisher":"https:\/\/www.facebook.com\/challengesforum\/","article_modified_time":"2020-05-19T13:43:20+00:00","og_image":[{"url":"https:\/\/challengesforum.org\/wp-content\/uploads\/2019\/06\/CAF19PICMAPSMALL-1024x1024.jpg","type":"","width":"","height":""}],"twitter_card":"summary_large_image","twitter_site":"@challengesforum","twitter_misc":{"Est. reading time":"1 minute"},"schema":{"@context":"https:\/\/schema.org","@graph":[{"@type":"WebPage","@id":"https:\/\/challengesforum.org\/fr\/a-propos\/","url":"https:\/\/challengesforum.org\/fr\/a-propos\/","name":"\u00c0 propos - ChallengesForum","isPartOf":{"@id":"https:\/\/challengesforum.org\/#website"},"primaryImageOfPage":{"@id":"https:\/\/challengesforum.org\/fr\/a-propos\/#primaryimage"},"image":{"@id":"https:\/\/challengesforum.org\/fr\/a-propos\/#primaryimage"},"thumbnailUrl":"https:\/\/fbaprodcontent.blob.core.windows.net\/challengesforum-prod\/2019\/06\/CAF19PICMAPSMALL-1024x1024.jpg","datePublished":"2020-05-19T13:43:19+00:00","dateModified":"2020-05-19T13:43:20+00:00","breadcrumb":{"@id":"https:\/\/challengesforum.org\/fr\/a-propos\/#breadcrumb"},"inLanguage":"fr-FR","potentialAction":[{"@type":"ReadAction","target":["https:\/\/challengesforum.org\/fr\/a-propos\/"]}]},{"@type":"ImageObject","inLanguage":"fr-FR","@id":"https:\/\/challengesforum.org\/fr\/a-propos\/#primaryimage","url":"https:\/\/fbaprodcontent.blob.core.windows.net\/challengesforum-prod\/2019\/06\/CAF19PICMAPSMALL-1024x1024.jpg","contentUrl":"https:\/\/fbaprodcontent.blob.core.windows.net\/challengesforum-prod\/2019\/06\/CAF19PICMAPSMALL-1024x1024.jpg"},{"@type":"BreadcrumbList","@id":"https:\/\/challengesforum.org\/fr\/a-propos\/#breadcrumb","itemListElement":[{"@type":"ListItem","position":1,"name":"Home","item":"https:\/\/challengesforum.org\/fr\/"},{"@type":"ListItem","position":2,"name":"\u00c0 propos"}]},{"@type":"WebSite","@id":"https:\/\/challengesforum.org\/#website","url":"https:\/\/challengesforum.org\/","name":"ChallengesForum","description":"International forum for the challenges of peace operations","potentialAction":[{"@type":"SearchAction","target":{"@type":"EntryPoint","urlTemplate":"https:\/\/challengesforum.org\/?s={search_term_string}"},"query-input":{"@type":"PropertyValueSpecification","valueRequired":true,"valueName":"search_term_string"}}],"inLanguage":"fr-FR"}]}},"_links":{"self":[{"href":"https:\/\/challengesforum.org\/fr\/wp-json\/wp\/v2\/pages\/4750","targetHints":{"allow":["GET"]}}],"collection":[{"href":"https:\/\/challengesforum.org\/fr\/wp-json\/wp\/v2\/pages"}],"about":[{"href":"https:\/\/challengesforum.org\/fr\/wp-json\/wp\/v2\/types\/page"}],"author":[{"embeddable":true,"href":"https:\/\/challengesforum.org\/fr\/wp-json\/wp\/v2\/users\/14"}],"replies":[{"embeddable":true,"href":"https:\/\/challengesforum.org\/fr\/wp-json\/wp\/v2\/comments?post=4750"}],"version-history":[{"count":0,"href":"https:\/\/challengesforum.org\/fr\/wp-json\/wp\/v2\/pages\/4750\/revisions"}],"wp:attachment":[{"href":"https:\/\/challengesforum.org\/fr\/wp-json\/wp\/v2\/media?parent=4750"}],"curies":[{"name":"wp","href":"https:\/\/api.w.org\/{rel}","templated":true}]}}