{"id":4752,"date":"2020-05-19T16:52:03","date_gmt":"2020-05-19T13:52:03","guid":{"rendered":"https:\/\/challengesforum.org\/?page_id=4752"},"modified":"2024-05-29T11:24:02","modified_gmt":"2024-05-29T09:24:02","slug":"notre-travail","status":"publish","type":"page","link":"https:\/\/challengesforum.org\/fr\/a-propos\/notre-travail\/","title":{"rendered":"Notre travail"},"content":{"rendered":"\n<p>Bas\u00e9 sur la vision du Forum Challenges, notamment <em>la paix et une s\u00e9curit\u00e9 mondiale \u00e0 travers des partenariats multilat\u00e9raux solides et des op\u00e9rations de paix plus efficaces,<\/em> notre objectif est de faciliter la mise en r\u00e9seau et le dialogue, afin d\u2019influencer l\u2019agenda mondial des op\u00e9rations de paix.<\/p>\n\n\n\n<p>Dans le cadre de notre partenariat mondial, nous offrons aux membres un espace singulier dans lequel ils peuvent s\u2019\u00e9loigner de leurs positions nationales et s\u2019engager dans des questions li\u00e9es aux d\u00e9fis des op\u00e9rations de paix dans des contextes fragiles.<br><\/p>\n\n\n\n<h2 class=\"wp-block-heading\" id=\"approches-et-principes\"><strong><strong>Approches et principes<\/strong><\/strong><\/h2>\n\n\n\n<p><strong>Principes directeurs et approches du Forum Challenges:<\/strong><\/p>\n\n\n\n<ul class=\"wp-block-list\">\n<li>Cr\u00e9er un espace impartial et informel pour un dialogue approfondi et sinc\u00e8re, afin de partager les connaissances et les exp\u00e9riences, et g\u00e9n\u00e9rer des id\u00e9es novatrices destin\u00e9es \u00e0 optimiser les op\u00e9rations de paix.&nbsp;<\/li>\n\n\n\n<li>Contribuer au d\u00e9veloppement des op\u00e9rations de paix, tout en int\u00e9grant des perspectives transversales importantes telles que les risques de s\u00e9curit\u00e9 li\u00e9s au climat, le d\u00e9veloppement technique, la d\u00e9sinformation et la participation des jeunes.&nbsp;<\/li>\n\n\n\n<li>Contribuer \u00e0 la mise en place d\u2019op\u00e9rations de paix plus sensibles aux questions de genre, gr\u00e2ce au programme Femmes, Paix et S\u00e9curit\u00e9.&nbsp;<\/li>\n\n\n\n<li>\u00catre une plateforme mondiale inclusive avec une repr\u00e9sentation large et \u00e9quilibr\u00e9e, facilitant les passerelles entre les diff\u00e9rentes parties prenantes, dimensions et approches cl\u00e9s, tels que :\n<ul class=\"wp-block-list\">\n<li style=\"margin-left: 60px\">les composantes civiles, militaires et polici\u00e8res&nbsp;<\/li>\n\n\n\n<li style=\"margin-left: 60px\">les Nations Unies, les organisations r\u00e9gionales et les pays d\u2019accueil ;&nbsp;<\/li>\n\n\n\n<li style=\"margin-left: 60px\">th\u00e9orie &#8211; politique &#8211; pratique.&nbsp;<\/li>\n<\/ul>\n<\/li>\n<\/ul>\n\n\n\n<figure class=\"wp-block-image\"><img loading=\"lazy\" decoding=\"async\" width=\"1024\" height=\"683\" src=\"https:\/\/fbaprodcontent.blob.core.windows.net\/challengesforum-prod\/2019\/06\/Pic456983people_UN-1024x683.jpg\" alt=\"\" class=\"wp-image-2752\" srcset=\"https:\/\/fbaprodcontent.blob.core.windows.net\/challengesforum-prod\/2019\/06\/Pic456983people_UN-1024x683.jpg 1024w, https:\/\/fbaprodcontent.blob.core.windows.net\/challengesforum-prod\/2019\/06\/Pic456983people_UN-300x200.jpg 300w, https:\/\/fbaprodcontent.blob.core.windows.net\/challengesforum-prod\/2019\/06\/Pic456983people_UN-768x512.jpg 768w, https:\/\/fbaprodcontent.blob.core.windows.net\/challengesforum-prod\/2019\/06\/Pic456983people_UN.jpg 1200w\" sizes=\"(max-width: 1024px) 100vw, 1024px\" \/><figcaption class=\"wp-element-caption\">Photo by Albert Gonzalez Farran \/ UNAMID<\/figcaption><\/figure>\n\n\n\n<p><\/p>\n","protected":false},"excerpt":{"rendered":"<p>Bas\u00e9 sur la vision du Forum Challenges, notamment la paix et une s\u00e9curit\u00e9 mondiale \u00e0 travers des partenariats multilat\u00e9raux solides et des op\u00e9rations de paix plus efficaces, notre objectif est&#8230; <span class=\"more-link\">Read more &raquo;<\/span><\/p>\n","protected":false},"author":14,"featured_media":0,"parent":4750,"menu_order":0,"comment_status":"closed","ping_status":"closed","template":"","meta":{"_acf_changed":false,"ghostkit_customizer_options":"","ghostkit_custom_css":"","ghostkit_custom_js_head":"","ghostkit_custom_js_foot":"","ghostkit_typography":"","footnotes":""},"class_list":["post-4752","page","type-page","status-publish","hentry"],"acf":[],"yoast_head":"<!-- This site is optimized with the Yoast SEO plugin v26.8 - https:\/\/yoast.com\/product\/yoast-seo-wordpress\/ -->\n<title>Notre travail - ChallengesForum<\/title>\n<meta name=\"robots\" content=\"index, follow, max-snippet:-1, max-image-preview:large, max-video-preview:-1\" \/>\n<link rel=\"canonical\" href=\"https:\/\/challengesforum.org\/fr\/a-propos\/notre-travail\/\" \/>\n<meta property=\"og:locale\" content=\"fr_FR\" \/>\n<meta property=\"og:type\" content=\"article\" \/>\n<meta property=\"og:title\" content=\"Notre travail - ChallengesForum\" \/>\n<meta property=\"og:description\" content=\"Bas\u00e9 sur la vision du Forum Challenges, notamment la paix et une s\u00e9curit\u00e9 mondiale \u00e0 travers des partenariats multilat\u00e9raux solides et des op\u00e9rations de paix plus efficaces, notre objectif est... Read more &raquo;\" \/>\n<meta property=\"og:url\" content=\"https:\/\/challengesforum.org\/fr\/a-propos\/notre-travail\/\" \/>\n<meta property=\"og:site_name\" content=\"ChallengesForum\" \/>\n<meta property=\"article:publisher\" content=\"https:\/\/www.facebook.com\/challengesforum\/\" \/>\n<meta property=\"article:modified_time\" content=\"2024-05-29T09:24:02+00:00\" \/>\n<meta property=\"og:image\" content=\"https:\/\/challengesforum.org\/wp-content\/uploads\/2019\/06\/Pic456983people_UN-1024x683.jpg\" \/>\n<meta name=\"twitter:card\" content=\"summary_large_image\" \/>\n<meta name=\"twitter:site\" content=\"@challengesforum\" \/>\n<meta name=\"twitter:label1\" content=\"Est. reading time\" \/>\n\t<meta name=\"twitter:data1\" content=\"2 minutes\" \/>\n<script type=\"application\/ld+json\" class=\"yoast-schema-graph\">{\"@context\":\"https:\/\/schema.org\",\"@graph\":[{\"@type\":\"WebPage\",\"@id\":\"https:\/\/challengesforum.org\/fr\/a-propos\/notre-travail\/\",\"url\":\"https:\/\/challengesforum.org\/fr\/a-propos\/notre-travail\/\",\"name\":\"Notre travail - ChallengesForum\",\"isPartOf\":{\"@id\":\"https:\/\/challengesforum.org\/#website\"},\"primaryImageOfPage\":{\"@id\":\"https:\/\/challengesforum.org\/fr\/a-propos\/notre-travail\/#primaryimage\"},\"image\":{\"@id\":\"https:\/\/challengesforum.org\/fr\/a-propos\/notre-travail\/#primaryimage\"},\"thumbnailUrl\":\"https:\/\/fbaprodcontent.blob.core.windows.net\/challengesforum-prod\/2019\/06\/Pic456983people_UN-1024x683.jpg\",\"datePublished\":\"2020-05-19T13:52:03+00:00\",\"dateModified\":\"2024-05-29T09:24:02+00:00\",\"breadcrumb\":{\"@id\":\"https:\/\/challengesforum.org\/fr\/a-propos\/notre-travail\/#breadcrumb\"},\"inLanguage\":\"fr-FR\",\"potentialAction\":[{\"@type\":\"ReadAction\",\"target\":[\"https:\/\/challengesforum.org\/fr\/a-propos\/notre-travail\/\"]}]},{\"@type\":\"ImageObject\",\"inLanguage\":\"fr-FR\",\"@id\":\"https:\/\/challengesforum.org\/fr\/a-propos\/notre-travail\/#primaryimage\",\"url\":\"https:\/\/fbaprodcontent.blob.core.windows.net\/challengesforum-prod\/2019\/06\/Pic456983people_UN-1024x683.jpg\",\"contentUrl\":\"https:\/\/fbaprodcontent.blob.core.windows.net\/challengesforum-prod\/2019\/06\/Pic456983people_UN-1024x683.jpg\"},{\"@type\":\"BreadcrumbList\",\"@id\":\"https:\/\/challengesforum.org\/fr\/a-propos\/notre-travail\/#breadcrumb\",\"itemListElement\":[{\"@type\":\"ListItem\",\"position\":1,\"name\":\"Home\",\"item\":\"https:\/\/challengesforum.org\/fr\/\"},{\"@type\":\"ListItem\",\"position\":2,\"name\":\"\u00c0 propos\",\"item\":\"https:\/\/challengesforum.org\/fr\/a-propos\/\"},{\"@type\":\"ListItem\",\"position\":3,\"name\":\"Notre travail\"}]},{\"@type\":\"WebSite\",\"@id\":\"https:\/\/challengesforum.org\/#website\",\"url\":\"https:\/\/challengesforum.org\/\",\"name\":\"ChallengesForum\",\"description\":\"International forum for the challenges of peace operations\",\"potentialAction\":[{\"@type\":\"SearchAction\",\"target\":{\"@type\":\"EntryPoint\",\"urlTemplate\":\"https:\/\/challengesforum.org\/?s={search_term_string}\"},\"query-input\":{\"@type\":\"PropertyValueSpecification\",\"valueRequired\":true,\"valueName\":\"search_term_string\"}}],\"inLanguage\":\"fr-FR\"}]}<\/script>\n<!-- \/ Yoast SEO plugin. -->","yoast_head_json":{"title":"Notre travail - ChallengesForum","robots":{"index":"index","follow":"follow","max-snippet":"max-snippet:-1","max-image-preview":"max-image-preview:large","max-video-preview":"max-video-preview:-1"},"canonical":"https:\/\/challengesforum.org\/fr\/a-propos\/notre-travail\/","og_locale":"fr_FR","og_type":"article","og_title":"Notre travail - ChallengesForum","og_description":"Bas\u00e9 sur la vision du Forum Challenges, notamment la paix et une s\u00e9curit\u00e9 mondiale \u00e0 travers des partenariats multilat\u00e9raux solides et des op\u00e9rations de paix plus efficaces, notre objectif est... Read more &raquo;","og_url":"https:\/\/challengesforum.org\/fr\/a-propos\/notre-travail\/","og_site_name":"ChallengesForum","article_publisher":"https:\/\/www.facebook.com\/challengesforum\/","article_modified_time":"2024-05-29T09:24:02+00:00","og_image":[{"url":"https:\/\/challengesforum.org\/wp-content\/uploads\/2019\/06\/Pic456983people_UN-1024x683.jpg","type":"","width":"","height":""}],"twitter_card":"summary_large_image","twitter_site":"@challengesforum","twitter_misc":{"Est. reading time":"2 minutes"},"schema":{"@context":"https:\/\/schema.org","@graph":[{"@type":"WebPage","@id":"https:\/\/challengesforum.org\/fr\/a-propos\/notre-travail\/","url":"https:\/\/challengesforum.org\/fr\/a-propos\/notre-travail\/","name":"Notre travail - ChallengesForum","isPartOf":{"@id":"https:\/\/challengesforum.org\/#website"},"primaryImageOfPage":{"@id":"https:\/\/challengesforum.org\/fr\/a-propos\/notre-travail\/#primaryimage"},"image":{"@id":"https:\/\/challengesforum.org\/fr\/a-propos\/notre-travail\/#primaryimage"},"thumbnailUrl":"https:\/\/fbaprodcontent.blob.core.windows.net\/challengesforum-prod\/2019\/06\/Pic456983people_UN-1024x683.jpg","datePublished":"2020-05-19T13:52:03+00:00","dateModified":"2024-05-29T09:24:02+00:00","breadcrumb":{"@id":"https:\/\/challengesforum.org\/fr\/a-propos\/notre-travail\/#breadcrumb"},"inLanguage":"fr-FR","potentialAction":[{"@type":"ReadAction","target":["https:\/\/challengesforum.org\/fr\/a-propos\/notre-travail\/"]}]},{"@type":"ImageObject","inLanguage":"fr-FR","@id":"https:\/\/challengesforum.org\/fr\/a-propos\/notre-travail\/#primaryimage","url":"https:\/\/fbaprodcontent.blob.core.windows.net\/challengesforum-prod\/2019\/06\/Pic456983people_UN-1024x683.jpg","contentUrl":"https:\/\/fbaprodcontent.blob.core.windows.net\/challengesforum-prod\/2019\/06\/Pic456983people_UN-1024x683.jpg"},{"@type":"BreadcrumbList","@id":"https:\/\/challengesforum.org\/fr\/a-propos\/notre-travail\/#breadcrumb","itemListElement":[{"@type":"ListItem","position":1,"name":"Home","item":"https:\/\/challengesforum.org\/fr\/"},{"@type":"ListItem","position":2,"name":"\u00c0 propos","item":"https:\/\/challengesforum.org\/fr\/a-propos\/"},{"@type":"ListItem","position":3,"name":"Notre travail"}]},{"@type":"WebSite","@id":"https:\/\/challengesforum.org\/#website","url":"https:\/\/challengesforum.org\/","name":"ChallengesForum","description":"International forum for the challenges of peace operations","potentialAction":[{"@type":"SearchAction","target":{"@type":"EntryPoint","urlTemplate":"https:\/\/challengesforum.org\/?s={search_term_string}"},"query-input":{"@type":"PropertyValueSpecification","valueRequired":true,"valueName":"search_term_string"}}],"inLanguage":"fr-FR"}]}},"_links":{"self":[{"href":"https:\/\/challengesforum.org\/fr\/wp-json\/wp\/v2\/pages\/4752","targetHints":{"allow":["GET"]}}],"collection":[{"href":"https:\/\/challengesforum.org\/fr\/wp-json\/wp\/v2\/pages"}],"about":[{"href":"https:\/\/challengesforum.org\/fr\/wp-json\/wp\/v2\/types\/page"}],"author":[{"embeddable":true,"href":"https:\/\/challengesforum.org\/fr\/wp-json\/wp\/v2\/users\/14"}],"replies":[{"embeddable":true,"href":"https:\/\/challengesforum.org\/fr\/wp-json\/wp\/v2\/comments?post=4752"}],"version-history":[{"count":7,"href":"https:\/\/challengesforum.org\/fr\/wp-json\/wp\/v2\/pages\/4752\/revisions"}],"predecessor-version":[{"id":11629,"href":"https:\/\/challengesforum.org\/fr\/wp-json\/wp\/v2\/pages\/4752\/revisions\/11629"}],"up":[{"embeddable":true,"href":"https:\/\/challengesforum.org\/fr\/wp-json\/wp\/v2\/pages\/4750"}],"wp:attachment":[{"href":"https:\/\/challengesforum.org\/fr\/wp-json\/wp\/v2\/media?parent=4752"}],"curies":[{"name":"wp","href":"https:\/\/api.w.org\/{rel}","templated":true}]}}