{"id":4754,"date":"2020-05-19T16:53:57","date_gmt":"2020-05-19T13:53:57","guid":{"rendered":"https:\/\/challengesforum.org\/?page_id=4754"},"modified":"2024-04-05T11:32:03","modified_gmt":"2024-04-05T09:32:03","slug":"gouvernance","status":"publish","type":"page","link":"https:\/\/challengesforum.org\/fr\/a-propos\/gouvernance\/","title":{"rendered":"Gouvernance"},"content":{"rendered":"\n<p>L\u2019Assembl\u00e9e des Partenaires est l\u2019organe d\u00e9cisionnel du Forum Challenges. Il vise premi\u00e8rement \u00e0 d\u00e9finir les objectifs principaux et \u00e0 long terme du Partenariat et, secondement, \u00e0 \u00e9valuer les r\u00e9sultats et aboutissements du Forum Challenges. L\u2019Assembl\u00e9e des Partenaires est constitu\u00e9e de repr\u00e9sentants des organisations partenaires du Forum Challenges.<\/p>\n\n\n\n<figure class=\"wp-block-gallery has-nested-images columns-default is-cropped wp-block-gallery-1 is-layout-flex wp-block-gallery-is-layout-flex\">\n<figure class=\"wp-block-image size-large\"><img loading=\"lazy\" decoding=\"async\" width=\"1024\" height=\"330\" data-id=\"10628\" src=\"https:\/\/fbaprodcontent.blob.core.windows.net\/challengesforum-prod\/2023\/08\/APSISpartnermeeting-1024x330.jpg\" alt=\"\" class=\"wp-image-10628\" srcset=\"https:\/\/fbaprodcontent.blob.core.windows.net\/challengesforum-prod\/2023\/08\/APSISpartnermeeting-1024x330.jpg 1024w, https:\/\/fbaprodcontent.blob.core.windows.net\/challengesforum-prod\/2023\/08\/APSISpartnermeeting-300x97.jpg 300w, https:\/\/fbaprodcontent.blob.core.windows.net\/challengesforum-prod\/2023\/08\/APSISpartnermeeting-768x248.jpg 768w, https:\/\/fbaprodcontent.blob.core.windows.net\/challengesforum-prod\/2023\/08\/APSISpartnermeeting-1536x496.jpg 1536w, https:\/\/fbaprodcontent.blob.core.windows.net\/challengesforum-prod\/2023\/08\/APSISpartnermeeting-1568x506.jpg 1568w, https:\/\/fbaprodcontent.blob.core.windows.net\/challengesforum-prod\/2023\/08\/APSISpartnermeeting.jpg 1804w\" sizes=\"(max-width: 1024px) 100vw, 1024px\" \/><\/figure>\n<\/figure>\n\n\n\n<p><br>Le Pr\u00e9sident de l\u2019Assembl\u00e9e des Partenaires est le directeur g\u00e9n\u00e9ral de l\u2019Acad\u00e9mie Folke Bernadotte. L\u2019Assembl\u00e9e des Partenaires se r\u00e9unit une fois par an afin d\u2019\u00e9valuer le progr\u00e8s de la mise en oeuvre de la strat\u00e9gie \u00e0 long terme du Forum Challenges, d\u2019op\u00e9rer un suivi du plan op\u00e9rationnel annuel et d\u2019adopter le plan suivant. Depuis 2003, le Secr\u00e9tariat International du Forum Challenges (SIFC) est accueilli par l\u2019Acad\u00e9mie Folke Bernadotte (Folke Bernadotte Academy &#8211; FBA).<\/p>\n\n\n\n<p><strong>SIFC<\/strong><\/p>\n\n\n\n<p>Mandat\u00e9 par l\u2019Assembl\u00e9e des Partenaires, le Secr\u00e9tariat International du Forum Challenges (SIFC) est l\u2019organe ex\u00e9cutif du Forum Challenges. Le SIFC dirige, planifie et coordonne le travail quotidien du Partenariat du Forum Challenges. Il est \u00e9galement en charge de l\u2019\u00e9laboration de l\u2019agenda du Forum Challenges, de la formulation de propositions et de l\u2019appui au Partenariat dans l\u2019atteinte des objectifs strat\u00e9giques adopt\u00e9s par l\u2019Assembl\u00e9e des Partenaires. Le directeur dirige le travail du SIFC et rel\u00e8ve de l\u2019Assembl\u00e9e des Partenaires.<\/p>\n\n\n\n<p><strong>CCOP<\/strong><\/p>\n\n\n\n<p>Le Comit\u00e9 Consultatif des Organisations Partenaires (POAC) est l\u2019organe consultatif du Partenariat pour le SIFC. Il est dirig\u00e9 par le directeur du SIFC.<\/p>\n\n\n\n<p><strong>Parrain<\/strong><\/p>\n\n\n<div class=\"wp-block-image\">\n<figure class=\"alignleft is-resized\"><img loading=\"lazy\" decoding=\"async\" src=\"https:\/\/fbaprodcontent.blob.core.windows.net\/challengesforum-prod\/2019\/06\/guehenno-jean-marie-mr-small.png\" alt=\"\" class=\"wp-image-2522\" width=\"142\" height=\"163\" srcset=\"https:\/\/fbaprodcontent.blob.core.windows.net\/challengesforum-prod\/2019\/06\/guehenno-jean-marie-mr-small.png 284w, https:\/\/fbaprodcontent.blob.core.windows.net\/challengesforum-prod\/2019\/06\/guehenno-jean-marie-mr-small-262x300.png 262w\" sizes=\"(max-width: 142px) 100vw, 142px\" \/><figcaption class=\"wp-element-caption\">Challenges Forum Patron Mr Jean-Marie Gu\u00e9henno<\/figcaption><\/figure>\n<\/div>\n\n\n<p>Le parrain du Forum Challenges est Mr Jean-Marie Gu\u00e9henno, ancien Secr\u00e9taire g\u00e9n\u00e9ral adjoint aux op\u00e9rations de maintien de la paix des Nations Unies. Son r\u00f4le est de partager sa longue exp\u00e9rience et son expertise unique en mati\u00e8re d\u2019op\u00e9rations de paix avec le Partenariat du Forum Challenges et de conseiller le directeur du Secr\u00e9tariat International sur des questions strat\u00e9giques et op\u00e9rationnelles qui int\u00e9ressent le Forum Challenges.<\/p>\n\n\n\n<figure class=\"wp-block-image size-large\"><img loading=\"lazy\" decoding=\"async\" width=\"1024\" height=\"576\" src=\"https:\/\/fbaprodcontent.blob.core.windows.net\/challengesforum-prod\/2020\/06\/20200528-Governance-Organigram-Challenges-Forum-1-1024x576.jpg\" alt=\"\" class=\"wp-image-4884\" srcset=\"https:\/\/fbaprodcontent.blob.core.windows.net\/challengesforum-prod\/2020\/06\/20200528-Governance-Organigram-Challenges-Forum-1-1024x576.jpg 1024w, https:\/\/fbaprodcontent.blob.core.windows.net\/challengesforum-prod\/2020\/06\/20200528-Governance-Organigram-Challenges-Forum-1-300x169.jpg 300w, https:\/\/fbaprodcontent.blob.core.windows.net\/challengesforum-prod\/2020\/06\/20200528-Governance-Organigram-Challenges-Forum-1-768x432.jpg 768w, https:\/\/fbaprodcontent.blob.core.windows.net\/challengesforum-prod\/2020\/06\/20200528-Governance-Organigram-Challenges-Forum-1.jpg 1200w\" sizes=\"(max-width: 1024px) 100vw, 1024px\" \/><figcaption class=\"wp-element-caption\">Governance structure of the Challenges Forum Partnership<\/figcaption><\/figure>\n\n\n\n<p>Les statuts du Forum Challenges sont d\u00e9finis par le Cadre du Partenariat adopt\u00e9 par l\u2019Assembl\u00e9e des Partenaires en 2012.<\/p>\n\n\n\n<div class=\"wp-block-file\"><a id=\"wp-block-file--media-7aade056-358a-4c00-bccf-60e9679e28ed\" href=\"https:\/\/fbaprodcontent.blob.core.windows.net\/challengesforum-prod\/2019\/06\/Partnership-Framework_11Feb2012.pdf\">Challenges Forum Partnership Framework 2012<\/a><a href=\"https:\/\/fbaprodcontent.blob.core.windows.net\/challengesforum-prod\/2019\/06\/Partnership-Framework_11Feb2012.pdf\" class=\"wp-block-file__button wp-element-button\" download aria-describedby=\"wp-block-file--media-7aade056-358a-4c00-bccf-60e9679e28ed\">Download<\/a><\/div>\n","protected":false},"excerpt":{"rendered":"<p>L\u2019Assembl\u00e9e des Partenaires est l\u2019organe d\u00e9cisionnel du Forum Challenges. Il vise premi\u00e8rement \u00e0 d\u00e9finir les objectifs principaux et \u00e0 long terme du Partenariat et, secondement, \u00e0 \u00e9valuer les r\u00e9sultats et&#8230; <span class=\"more-link\">Read more &raquo;<\/span><\/p>\n","protected":false},"author":14,"featured_media":0,"parent":4750,"menu_order":0,"comment_status":"closed","ping_status":"closed","template":"","meta":{"_acf_changed":false,"ghostkit_customizer_options":"","ghostkit_custom_css":"","ghostkit_custom_js_head":"","ghostkit_custom_js_foot":"","ghostkit_typography":"","footnotes":""},"class_list":["post-4754","page","type-page","status-publish","hentry"],"acf":[],"yoast_head":"<!-- This site is optimized with the Yoast SEO plugin v26.8 - https:\/\/yoast.com\/product\/yoast-seo-wordpress\/ -->\n<title>Gouvernance - ChallengesForum<\/title>\n<meta name=\"robots\" content=\"index, follow, max-snippet:-1, max-image-preview:large, max-video-preview:-1\" \/>\n<link rel=\"canonical\" href=\"https:\/\/challengesforum.org\/fr\/a-propos\/gouvernance\/\" \/>\n<meta property=\"og:locale\" content=\"fr_FR\" \/>\n<meta property=\"og:type\" content=\"article\" \/>\n<meta property=\"og:title\" content=\"Gouvernance - ChallengesForum\" \/>\n<meta property=\"og:description\" content=\"L\u2019Assembl\u00e9e des Partenaires est l\u2019organe d\u00e9cisionnel du Forum Challenges. Il vise premi\u00e8rement \u00e0 d\u00e9finir les objectifs principaux et \u00e0 long terme du Partenariat et, secondement, \u00e0 \u00e9valuer les r\u00e9sultats et... Read more &raquo;\" \/>\n<meta property=\"og:url\" content=\"https:\/\/challengesforum.org\/fr\/a-propos\/gouvernance\/\" \/>\n<meta property=\"og:site_name\" content=\"ChallengesForum\" \/>\n<meta property=\"article:publisher\" content=\"https:\/\/www.facebook.com\/challengesforum\/\" \/>\n<meta property=\"article:modified_time\" content=\"2024-04-05T09:32:03+00:00\" \/>\n<meta property=\"og:image\" content=\"https:\/\/challengesforum.org\/wp-content\/uploads\/2023\/08\/APSISpartnermeeting-1024x330.jpg\" \/>\n<meta name=\"twitter:card\" content=\"summary_large_image\" \/>\n<meta name=\"twitter:site\" content=\"@challengesforum\" \/>\n<meta name=\"twitter:label1\" content=\"Est. reading time\" \/>\n\t<meta name=\"twitter:data1\" content=\"3 minutes\" \/>\n<script type=\"application\/ld+json\" class=\"yoast-schema-graph\">{\"@context\":\"https:\/\/schema.org\",\"@graph\":[{\"@type\":\"WebPage\",\"@id\":\"https:\/\/challengesforum.org\/fr\/a-propos\/gouvernance\/\",\"url\":\"https:\/\/challengesforum.org\/fr\/a-propos\/gouvernance\/\",\"name\":\"Gouvernance - ChallengesForum\",\"isPartOf\":{\"@id\":\"https:\/\/challengesforum.org\/#website\"},\"primaryImageOfPage\":{\"@id\":\"https:\/\/challengesforum.org\/fr\/a-propos\/gouvernance\/#primaryimage\"},\"image\":{\"@id\":\"https:\/\/challengesforum.org\/fr\/a-propos\/gouvernance\/#primaryimage\"},\"thumbnailUrl\":\"https:\/\/fbaprodcontent.blob.core.windows.net\/challengesforum-prod\/2023\/08\/APSISpartnermeeting-1024x330.jpg\",\"datePublished\":\"2020-05-19T13:53:57+00:00\",\"dateModified\":\"2024-04-05T09:32:03+00:00\",\"breadcrumb\":{\"@id\":\"https:\/\/challengesforum.org\/fr\/a-propos\/gouvernance\/#breadcrumb\"},\"inLanguage\":\"fr-FR\",\"potentialAction\":[{\"@type\":\"ReadAction\",\"target\":[\"https:\/\/challengesforum.org\/fr\/a-propos\/gouvernance\/\"]}]},{\"@type\":\"ImageObject\",\"inLanguage\":\"fr-FR\",\"@id\":\"https:\/\/challengesforum.org\/fr\/a-propos\/gouvernance\/#primaryimage\",\"url\":\"https:\/\/fbaprodcontent.blob.core.windows.net\/challengesforum-prod\/2023\/08\/APSISpartnermeeting-1024x330.jpg\",\"contentUrl\":\"https:\/\/fbaprodcontent.blob.core.windows.net\/challengesforum-prod\/2023\/08\/APSISpartnermeeting-1024x330.jpg\"},{\"@type\":\"BreadcrumbList\",\"@id\":\"https:\/\/challengesforum.org\/fr\/a-propos\/gouvernance\/#breadcrumb\",\"itemListElement\":[{\"@type\":\"ListItem\",\"position\":1,\"name\":\"Home\",\"item\":\"https:\/\/challengesforum.org\/fr\/\"},{\"@type\":\"ListItem\",\"position\":2,\"name\":\"\u00c0 propos\",\"item\":\"https:\/\/challengesforum.org\/fr\/a-propos\/\"},{\"@type\":\"ListItem\",\"position\":3,\"name\":\"Gouvernance\"}]},{\"@type\":\"WebSite\",\"@id\":\"https:\/\/challengesforum.org\/#website\",\"url\":\"https:\/\/challengesforum.org\/\",\"name\":\"ChallengesForum\",\"description\":\"International forum for the challenges of peace operations\",\"potentialAction\":[{\"@type\":\"SearchAction\",\"target\":{\"@type\":\"EntryPoint\",\"urlTemplate\":\"https:\/\/challengesforum.org\/?s={search_term_string}\"},\"query-input\":{\"@type\":\"PropertyValueSpecification\",\"valueRequired\":true,\"valueName\":\"search_term_string\"}}],\"inLanguage\":\"fr-FR\"}]}<\/script>\n<!-- \/ Yoast SEO plugin. -->","yoast_head_json":{"title":"Gouvernance - ChallengesForum","robots":{"index":"index","follow":"follow","max-snippet":"max-snippet:-1","max-image-preview":"max-image-preview:large","max-video-preview":"max-video-preview:-1"},"canonical":"https:\/\/challengesforum.org\/fr\/a-propos\/gouvernance\/","og_locale":"fr_FR","og_type":"article","og_title":"Gouvernance - ChallengesForum","og_description":"L\u2019Assembl\u00e9e des Partenaires est l\u2019organe d\u00e9cisionnel du Forum Challenges. Il vise premi\u00e8rement \u00e0 d\u00e9finir les objectifs principaux et \u00e0 long terme du Partenariat et, secondement, \u00e0 \u00e9valuer les r\u00e9sultats et... Read more &raquo;","og_url":"https:\/\/challengesforum.org\/fr\/a-propos\/gouvernance\/","og_site_name":"ChallengesForum","article_publisher":"https:\/\/www.facebook.com\/challengesforum\/","article_modified_time":"2024-04-05T09:32:03+00:00","og_image":[{"url":"https:\/\/challengesforum.org\/wp-content\/uploads\/2023\/08\/APSISpartnermeeting-1024x330.jpg","type":"","width":"","height":""}],"twitter_card":"summary_large_image","twitter_site":"@challengesforum","twitter_misc":{"Est. reading time":"3 minutes"},"schema":{"@context":"https:\/\/schema.org","@graph":[{"@type":"WebPage","@id":"https:\/\/challengesforum.org\/fr\/a-propos\/gouvernance\/","url":"https:\/\/challengesforum.org\/fr\/a-propos\/gouvernance\/","name":"Gouvernance - ChallengesForum","isPartOf":{"@id":"https:\/\/challengesforum.org\/#website"},"primaryImageOfPage":{"@id":"https:\/\/challengesforum.org\/fr\/a-propos\/gouvernance\/#primaryimage"},"image":{"@id":"https:\/\/challengesforum.org\/fr\/a-propos\/gouvernance\/#primaryimage"},"thumbnailUrl":"https:\/\/fbaprodcontent.blob.core.windows.net\/challengesforum-prod\/2023\/08\/APSISpartnermeeting-1024x330.jpg","datePublished":"2020-05-19T13:53:57+00:00","dateModified":"2024-04-05T09:32:03+00:00","breadcrumb":{"@id":"https:\/\/challengesforum.org\/fr\/a-propos\/gouvernance\/#breadcrumb"},"inLanguage":"fr-FR","potentialAction":[{"@type":"ReadAction","target":["https:\/\/challengesforum.org\/fr\/a-propos\/gouvernance\/"]}]},{"@type":"ImageObject","inLanguage":"fr-FR","@id":"https:\/\/challengesforum.org\/fr\/a-propos\/gouvernance\/#primaryimage","url":"https:\/\/fbaprodcontent.blob.core.windows.net\/challengesforum-prod\/2023\/08\/APSISpartnermeeting-1024x330.jpg","contentUrl":"https:\/\/fbaprodcontent.blob.core.windows.net\/challengesforum-prod\/2023\/08\/APSISpartnermeeting-1024x330.jpg"},{"@type":"BreadcrumbList","@id":"https:\/\/challengesforum.org\/fr\/a-propos\/gouvernance\/#breadcrumb","itemListElement":[{"@type":"ListItem","position":1,"name":"Home","item":"https:\/\/challengesforum.org\/fr\/"},{"@type":"ListItem","position":2,"name":"\u00c0 propos","item":"https:\/\/challengesforum.org\/fr\/a-propos\/"},{"@type":"ListItem","position":3,"name":"Gouvernance"}]},{"@type":"WebSite","@id":"https:\/\/challengesforum.org\/#website","url":"https:\/\/challengesforum.org\/","name":"ChallengesForum","description":"International forum for the challenges of peace operations","potentialAction":[{"@type":"SearchAction","target":{"@type":"EntryPoint","urlTemplate":"https:\/\/challengesforum.org\/?s={search_term_string}"},"query-input":{"@type":"PropertyValueSpecification","valueRequired":true,"valueName":"search_term_string"}}],"inLanguage":"fr-FR"}]}},"_links":{"self":[{"href":"https:\/\/challengesforum.org\/fr\/wp-json\/wp\/v2\/pages\/4754","targetHints":{"allow":["GET"]}}],"collection":[{"href":"https:\/\/challengesforum.org\/fr\/wp-json\/wp\/v2\/pages"}],"about":[{"href":"https:\/\/challengesforum.org\/fr\/wp-json\/wp\/v2\/types\/page"}],"author":[{"embeddable":true,"href":"https:\/\/challengesforum.org\/fr\/wp-json\/wp\/v2\/users\/14"}],"replies":[{"embeddable":true,"href":"https:\/\/challengesforum.org\/fr\/wp-json\/wp\/v2\/comments?post=4754"}],"version-history":[{"count":4,"href":"https:\/\/challengesforum.org\/fr\/wp-json\/wp\/v2\/pages\/4754\/revisions"}],"predecessor-version":[{"id":11446,"href":"https:\/\/challengesforum.org\/fr\/wp-json\/wp\/v2\/pages\/4754\/revisions\/11446"}],"up":[{"embeddable":true,"href":"https:\/\/challengesforum.org\/fr\/wp-json\/wp\/v2\/pages\/4750"}],"wp:attachment":[{"href":"https:\/\/challengesforum.org\/fr\/wp-json\/wp\/v2\/media?parent=4754"}],"curies":[{"name":"wp","href":"https:\/\/api.w.org\/{rel}","templated":true}]}}