{"id":4756,"date":"2020-05-19T16:54:55","date_gmt":"2020-05-19T13:54:55","guid":{"rendered":"https:\/\/challengesforum.org\/?page_id=4756"},"modified":"2020-05-19T16:54:56","modified_gmt":"2020-05-19T13:54:56","slug":"evenements-et-seminaires","status":"publish","type":"page","link":"https:\/\/challengesforum.org\/fr\/a-propos\/evenements-et-seminaires\/","title":{"rendered":"\u00c9v\u00e9nements et s\u00e9minaires"},"content":{"rendered":"\n<p>Le Forum Challenges organise annuellement une s\u00e9rie d\u2019\u00e9v\u00e9nements, d\u2019ateliers et de s\u00e9minaires innovants.<\/p>\n\n\n\n<p>Le Forum Annuel est l&#8217;\u00e9v\u00e9nement phare du Forum Challenges. Il est une plateforme permettant de lancer de nouvelles initiatives de pointe dans le domaine des r\u00e9formes politiques relatives aux op\u00e9rations de paix tant sur le plan strat\u00e9gique qu\u2019op\u00e9rationnel. Le forum invite pr\u00e8s de 150 acteurs majeurs, experts et repr\u00e9sentants publics actifs dans le domaine des op\u00e9rations de paix. Une pl\u00e9thore de r\u00e9gions g\u00e9ographiques et de domaines th\u00e9matiques sont repr\u00e9sent\u00e9s. La repr\u00e9sentation paritaire entre sexes est \u00e9galement atteinte.<\/p>\n\n\n\n<p>Le Forum Annuel est, \u00e0 tour de r\u00f4le, accueilli par une organisation partenaire du Forum Challenges.<\/p>\n\n\n\n<p>Les ateliers et s\u00e9minaires sont tenus de mani\u00e8re r\u00e9guli\u00e8re tout au long de l\u2019ann\u00e9e. L\u2019objectif est de rassembler les partenaires du Forum Challenges afin qu\u2019ils puissent d\u00e9lib\u00e9rer sur des questions sp\u00e9cifiques et sur des projets en lien \u00e9troit avec le terrain. De plus, les \u00e9v\u00e9nements permettent de pr\u00e9senter et de discuter des r\u00e9sultats obtenus dans le cadre des recherches actuellement men\u00e9es, les d\u00e9bats politiques et la pratique, ainsi que d\u2019impliquer les acteurs pertinents dans les discussions li\u00e9es aux questions urgentes et \u00e0 venir dans le domaine des op\u00e9rations de paix.<\/p>\n","protected":false},"excerpt":{"rendered":"<p>Le Forum Challenges organise annuellement une s\u00e9rie d\u2019\u00e9v\u00e9nements, d\u2019ateliers et de s\u00e9minaires innovants. Le Forum Annuel est l&#8217;\u00e9v\u00e9nement phare du Forum Challenges. Il est une plateforme permettant de lancer de&#8230; <span class=\"more-link\">Read more &raquo;<\/span><\/p>\n","protected":false},"author":14,"featured_media":0,"parent":4750,"menu_order":0,"comment_status":"closed","ping_status":"closed","template":"","meta":{"_acf_changed":false,"ghostkit_customizer_options":"","ghostkit_custom_css":"","ghostkit_custom_js_head":"","ghostkit_custom_js_foot":"","ghostkit_typography":"","footnotes":""},"class_list":["post-4756","page","type-page","status-publish","hentry"],"acf":[],"yoast_head":"<!-- This site is optimized with the Yoast SEO plugin v26.8 - https:\/\/yoast.com\/product\/yoast-seo-wordpress\/ -->\n<title>\u00c9v\u00e9nements et s\u00e9minaires - ChallengesForum<\/title>\n<meta name=\"robots\" content=\"index, follow, max-snippet:-1, max-image-preview:large, max-video-preview:-1\" \/>\n<link rel=\"canonical\" href=\"https:\/\/challengesforum.org\/fr\/a-propos\/evenements-et-seminaires\/\" \/>\n<meta property=\"og:locale\" content=\"fr_FR\" \/>\n<meta property=\"og:type\" content=\"article\" \/>\n<meta property=\"og:title\" content=\"\u00c9v\u00e9nements et s\u00e9minaires - ChallengesForum\" \/>\n<meta property=\"og:description\" content=\"Le Forum Challenges organise annuellement une s\u00e9rie d\u2019\u00e9v\u00e9nements, d\u2019ateliers et de s\u00e9minaires innovants. Le Forum Annuel est l&#8217;\u00e9v\u00e9nement phare du Forum Challenges. Il est une plateforme permettant de lancer de... Read more &raquo;\" \/>\n<meta property=\"og:url\" content=\"https:\/\/challengesforum.org\/fr\/a-propos\/evenements-et-seminaires\/\" \/>\n<meta property=\"og:site_name\" content=\"ChallengesForum\" \/>\n<meta property=\"article:publisher\" content=\"https:\/\/www.facebook.com\/challengesforum\/\" \/>\n<meta property=\"article:modified_time\" content=\"2020-05-19T13:54:56+00:00\" \/>\n<meta name=\"twitter:card\" content=\"summary_large_image\" \/>\n<meta name=\"twitter:site\" content=\"@challengesforum\" \/>\n<meta name=\"twitter:label1\" content=\"Est. reading time\" \/>\n\t<meta name=\"twitter:data1\" content=\"1 minute\" \/>\n<script type=\"application\/ld+json\" class=\"yoast-schema-graph\">{\"@context\":\"https:\/\/schema.org\",\"@graph\":[{\"@type\":\"WebPage\",\"@id\":\"https:\/\/challengesforum.org\/fr\/a-propos\/evenements-et-seminaires\/\",\"url\":\"https:\/\/challengesforum.org\/fr\/a-propos\/evenements-et-seminaires\/\",\"name\":\"\u00c9v\u00e9nements et s\u00e9minaires - ChallengesForum\",\"isPartOf\":{\"@id\":\"https:\/\/challengesforum.org\/#website\"},\"datePublished\":\"2020-05-19T13:54:55+00:00\",\"dateModified\":\"2020-05-19T13:54:56+00:00\",\"breadcrumb\":{\"@id\":\"https:\/\/challengesforum.org\/fr\/a-propos\/evenements-et-seminaires\/#breadcrumb\"},\"inLanguage\":\"fr-FR\",\"potentialAction\":[{\"@type\":\"ReadAction\",\"target\":[\"https:\/\/challengesforum.org\/fr\/a-propos\/evenements-et-seminaires\/\"]}]},{\"@type\":\"BreadcrumbList\",\"@id\":\"https:\/\/challengesforum.org\/fr\/a-propos\/evenements-et-seminaires\/#breadcrumb\",\"itemListElement\":[{\"@type\":\"ListItem\",\"position\":1,\"name\":\"Home\",\"item\":\"https:\/\/challengesforum.org\/fr\/\"},{\"@type\":\"ListItem\",\"position\":2,\"name\":\"\u00c0 propos\",\"item\":\"https:\/\/challengesforum.org\/fr\/a-propos\/\"},{\"@type\":\"ListItem\",\"position\":3,\"name\":\"\u00c9v\u00e9nements et s\u00e9minaires\"}]},{\"@type\":\"WebSite\",\"@id\":\"https:\/\/challengesforum.org\/#website\",\"url\":\"https:\/\/challengesforum.org\/\",\"name\":\"ChallengesForum\",\"description\":\"International forum for the challenges of peace operations\",\"potentialAction\":[{\"@type\":\"SearchAction\",\"target\":{\"@type\":\"EntryPoint\",\"urlTemplate\":\"https:\/\/challengesforum.org\/?s={search_term_string}\"},\"query-input\":{\"@type\":\"PropertyValueSpecification\",\"valueRequired\":true,\"valueName\":\"search_term_string\"}}],\"inLanguage\":\"fr-FR\"}]}<\/script>\n<!-- \/ Yoast SEO plugin. -->","yoast_head_json":{"title":"\u00c9v\u00e9nements et s\u00e9minaires - ChallengesForum","robots":{"index":"index","follow":"follow","max-snippet":"max-snippet:-1","max-image-preview":"max-image-preview:large","max-video-preview":"max-video-preview:-1"},"canonical":"https:\/\/challengesforum.org\/fr\/a-propos\/evenements-et-seminaires\/","og_locale":"fr_FR","og_type":"article","og_title":"\u00c9v\u00e9nements et s\u00e9minaires - ChallengesForum","og_description":"Le Forum Challenges organise annuellement une s\u00e9rie d\u2019\u00e9v\u00e9nements, d\u2019ateliers et de s\u00e9minaires innovants. Le Forum Annuel est l&#8217;\u00e9v\u00e9nement phare du Forum Challenges. Il est une plateforme permettant de lancer de... Read more &raquo;","og_url":"https:\/\/challengesforum.org\/fr\/a-propos\/evenements-et-seminaires\/","og_site_name":"ChallengesForum","article_publisher":"https:\/\/www.facebook.com\/challengesforum\/","article_modified_time":"2020-05-19T13:54:56+00:00","twitter_card":"summary_large_image","twitter_site":"@challengesforum","twitter_misc":{"Est. reading time":"1 minute"},"schema":{"@context":"https:\/\/schema.org","@graph":[{"@type":"WebPage","@id":"https:\/\/challengesforum.org\/fr\/a-propos\/evenements-et-seminaires\/","url":"https:\/\/challengesforum.org\/fr\/a-propos\/evenements-et-seminaires\/","name":"\u00c9v\u00e9nements et s\u00e9minaires - ChallengesForum","isPartOf":{"@id":"https:\/\/challengesforum.org\/#website"},"datePublished":"2020-05-19T13:54:55+00:00","dateModified":"2020-05-19T13:54:56+00:00","breadcrumb":{"@id":"https:\/\/challengesforum.org\/fr\/a-propos\/evenements-et-seminaires\/#breadcrumb"},"inLanguage":"fr-FR","potentialAction":[{"@type":"ReadAction","target":["https:\/\/challengesforum.org\/fr\/a-propos\/evenements-et-seminaires\/"]}]},{"@type":"BreadcrumbList","@id":"https:\/\/challengesforum.org\/fr\/a-propos\/evenements-et-seminaires\/#breadcrumb","itemListElement":[{"@type":"ListItem","position":1,"name":"Home","item":"https:\/\/challengesforum.org\/fr\/"},{"@type":"ListItem","position":2,"name":"\u00c0 propos","item":"https:\/\/challengesforum.org\/fr\/a-propos\/"},{"@type":"ListItem","position":3,"name":"\u00c9v\u00e9nements et s\u00e9minaires"}]},{"@type":"WebSite","@id":"https:\/\/challengesforum.org\/#website","url":"https:\/\/challengesforum.org\/","name":"ChallengesForum","description":"International forum for the challenges of peace operations","potentialAction":[{"@type":"SearchAction","target":{"@type":"EntryPoint","urlTemplate":"https:\/\/challengesforum.org\/?s={search_term_string}"},"query-input":{"@type":"PropertyValueSpecification","valueRequired":true,"valueName":"search_term_string"}}],"inLanguage":"fr-FR"}]}},"_links":{"self":[{"href":"https:\/\/challengesforum.org\/fr\/wp-json\/wp\/v2\/pages\/4756","targetHints":{"allow":["GET"]}}],"collection":[{"href":"https:\/\/challengesforum.org\/fr\/wp-json\/wp\/v2\/pages"}],"about":[{"href":"https:\/\/challengesforum.org\/fr\/wp-json\/wp\/v2\/types\/page"}],"author":[{"embeddable":true,"href":"https:\/\/challengesforum.org\/fr\/wp-json\/wp\/v2\/users\/14"}],"replies":[{"embeddable":true,"href":"https:\/\/challengesforum.org\/fr\/wp-json\/wp\/v2\/comments?post=4756"}],"version-history":[{"count":0,"href":"https:\/\/challengesforum.org\/fr\/wp-json\/wp\/v2\/pages\/4756\/revisions"}],"up":[{"embeddable":true,"href":"https:\/\/challengesforum.org\/fr\/wp-json\/wp\/v2\/pages\/4750"}],"wp:attachment":[{"href":"https:\/\/challengesforum.org\/fr\/wp-json\/wp\/v2\/media?parent=4756"}],"curies":[{"name":"wp","href":"https:\/\/api.w.org\/{rel}","templated":true}]}}