{"id":4758,"date":"2020-05-19T16:55:40","date_gmt":"2020-05-19T13:55:40","guid":{"rendered":"https:\/\/challengesforum.org\/?page_id=4758"},"modified":"2024-03-19T15:20:11","modified_gmt":"2024-03-19T14:20:11","slug":"partenaires","status":"publish","type":"page","link":"https:\/\/challengesforum.org\/fr\/a-propos\/partenaires\/","title":{"rendered":"Partenaires"},"content":{"rendered":"\n<p>Le Forum Challenges est un partenariat mondial constitu\u00e9 de 50 organisations et d\u00e9partements du secteur des op\u00e9rations de paix r\u00e9partis dans 24 pays. Les membres sont issus des grands pays bailleurs de fonds et fournisseurs de contingents et d\u2019effectifs de police aux op\u00e9rations de paix et incluent les 5 membres permanents du Conseil de s\u00e9curit\u00e9 des Nations Unies.<\/p>\n\n\n\n<p>Ils constituent un partenariat vari\u00e9 d\u2019agences gouvernementales, de centres de formation au maintien de la paix, de <em>think tanks<\/em> et d\u2019instituts de recherche du monde entier et offre ainsi un espace de dialogue impartial et informel. Afin de refl\u00e9ter les composantes centrales et cl\u00e9s du maintien de la paix multidimensionnel, le partenariat inclut des militaires, des forces de police, des acteurs de la soci\u00e9t\u00e9 civile ainsi que des pays h\u00f4tes et des pays contributeurs de contingents et d\u2019effectifs de police.<\/p>\n\n\n\n<p>En somme, nous offrons un espace unique permettant \u00e0 nos membres de se distancier des positions nationales et de s\u2019impliquer quant aux d\u00e9fis pos\u00e9s par les op\u00e9rations de paix dans des contextes fragiles. Nous aspirons \u00e0 continuellement renforcer notre partenariat en recherchant une repr\u00e9sentation g\u00e9ographique toujours plus \u00e9quilibr\u00e9e.<\/p>\n\n\n\n<h3 class=\"wp-block-heading\" id=\"read-more-about-our-partners\"><br><a href=\"https:\/\/challengesforum.org\/partners\/\">Read more about our partners<\/a><\/h3>\n","protected":false},"excerpt":{"rendered":"<p>Le Forum Challenges est un partenariat mondial constitu\u00e9 de 50 organisations et d\u00e9partements du secteur des op\u00e9rations de paix r\u00e9partis dans 24 pays. Les membres sont issus des grands pays&#8230; <span class=\"more-link\">Read more &raquo;<\/span><\/p>\n","protected":false},"author":14,"featured_media":0,"parent":4750,"menu_order":-3,"comment_status":"closed","ping_status":"closed","template":"","meta":{"_acf_changed":false,"ghostkit_customizer_options":"","ghostkit_custom_css":"","ghostkit_custom_js_head":"","ghostkit_custom_js_foot":"","ghostkit_typography":"","footnotes":""},"class_list":["post-4758","page","type-page","status-publish","hentry"],"acf":[],"yoast_head":"<!-- This site is optimized with the Yoast SEO plugin v26.8 - https:\/\/yoast.com\/product\/yoast-seo-wordpress\/ -->\n<title>Partenaires - ChallengesForum<\/title>\n<meta name=\"robots\" content=\"index, follow, max-snippet:-1, max-image-preview:large, max-video-preview:-1\" \/>\n<link rel=\"canonical\" href=\"https:\/\/challengesforum.org\/fr\/a-propos\/partenaires\/\" \/>\n<meta property=\"og:locale\" content=\"fr_FR\" \/>\n<meta property=\"og:type\" content=\"article\" \/>\n<meta property=\"og:title\" content=\"Partenaires - ChallengesForum\" \/>\n<meta property=\"og:description\" content=\"Le Forum Challenges est un partenariat mondial constitu\u00e9 de 50 organisations et d\u00e9partements du secteur des op\u00e9rations de paix r\u00e9partis dans 24 pays. Les membres sont issus des grands pays... Read more &raquo;\" \/>\n<meta property=\"og:url\" content=\"https:\/\/challengesforum.org\/fr\/a-propos\/partenaires\/\" \/>\n<meta property=\"og:site_name\" content=\"ChallengesForum\" \/>\n<meta property=\"article:publisher\" content=\"https:\/\/www.facebook.com\/challengesforum\/\" \/>\n<meta property=\"article:modified_time\" content=\"2024-03-19T14:20:11+00:00\" \/>\n<meta name=\"twitter:card\" content=\"summary_large_image\" \/>\n<meta name=\"twitter:site\" content=\"@challengesforum\" \/>\n<meta name=\"twitter:label1\" content=\"Est. reading time\" \/>\n\t<meta name=\"twitter:data1\" content=\"1 minute\" \/>\n<script type=\"application\/ld+json\" class=\"yoast-schema-graph\">{\"@context\":\"https:\/\/schema.org\",\"@graph\":[{\"@type\":\"WebPage\",\"@id\":\"https:\/\/challengesforum.org\/fr\/a-propos\/partenaires\/\",\"url\":\"https:\/\/challengesforum.org\/fr\/a-propos\/partenaires\/\",\"name\":\"Partenaires - ChallengesForum\",\"isPartOf\":{\"@id\":\"https:\/\/challengesforum.org\/#website\"},\"datePublished\":\"2020-05-19T13:55:40+00:00\",\"dateModified\":\"2024-03-19T14:20:11+00:00\",\"breadcrumb\":{\"@id\":\"https:\/\/challengesforum.org\/fr\/a-propos\/partenaires\/#breadcrumb\"},\"inLanguage\":\"fr-FR\",\"potentialAction\":[{\"@type\":\"ReadAction\",\"target\":[\"https:\/\/challengesforum.org\/fr\/a-propos\/partenaires\/\"]}]},{\"@type\":\"BreadcrumbList\",\"@id\":\"https:\/\/challengesforum.org\/fr\/a-propos\/partenaires\/#breadcrumb\",\"itemListElement\":[{\"@type\":\"ListItem\",\"position\":1,\"name\":\"Home\",\"item\":\"https:\/\/challengesforum.org\/fr\/\"},{\"@type\":\"ListItem\",\"position\":2,\"name\":\"\u00c0 propos\",\"item\":\"https:\/\/challengesforum.org\/fr\/a-propos\/\"},{\"@type\":\"ListItem\",\"position\":3,\"name\":\"Partenaires\"}]},{\"@type\":\"WebSite\",\"@id\":\"https:\/\/challengesforum.org\/#website\",\"url\":\"https:\/\/challengesforum.org\/\",\"name\":\"ChallengesForum\",\"description\":\"International forum for the challenges of peace operations\",\"potentialAction\":[{\"@type\":\"SearchAction\",\"target\":{\"@type\":\"EntryPoint\",\"urlTemplate\":\"https:\/\/challengesforum.org\/?s={search_term_string}\"},\"query-input\":{\"@type\":\"PropertyValueSpecification\",\"valueRequired\":true,\"valueName\":\"search_term_string\"}}],\"inLanguage\":\"fr-FR\"}]}<\/script>\n<!-- \/ Yoast SEO plugin. -->","yoast_head_json":{"title":"Partenaires - ChallengesForum","robots":{"index":"index","follow":"follow","max-snippet":"max-snippet:-1","max-image-preview":"max-image-preview:large","max-video-preview":"max-video-preview:-1"},"canonical":"https:\/\/challengesforum.org\/fr\/a-propos\/partenaires\/","og_locale":"fr_FR","og_type":"article","og_title":"Partenaires - ChallengesForum","og_description":"Le Forum Challenges est un partenariat mondial constitu\u00e9 de 50 organisations et d\u00e9partements du secteur des op\u00e9rations de paix r\u00e9partis dans 24 pays. Les membres sont issus des grands pays... Read more &raquo;","og_url":"https:\/\/challengesforum.org\/fr\/a-propos\/partenaires\/","og_site_name":"ChallengesForum","article_publisher":"https:\/\/www.facebook.com\/challengesforum\/","article_modified_time":"2024-03-19T14:20:11+00:00","twitter_card":"summary_large_image","twitter_site":"@challengesforum","twitter_misc":{"Est. reading time":"1 minute"},"schema":{"@context":"https:\/\/schema.org","@graph":[{"@type":"WebPage","@id":"https:\/\/challengesforum.org\/fr\/a-propos\/partenaires\/","url":"https:\/\/challengesforum.org\/fr\/a-propos\/partenaires\/","name":"Partenaires - ChallengesForum","isPartOf":{"@id":"https:\/\/challengesforum.org\/#website"},"datePublished":"2020-05-19T13:55:40+00:00","dateModified":"2024-03-19T14:20:11+00:00","breadcrumb":{"@id":"https:\/\/challengesforum.org\/fr\/a-propos\/partenaires\/#breadcrumb"},"inLanguage":"fr-FR","potentialAction":[{"@type":"ReadAction","target":["https:\/\/challengesforum.org\/fr\/a-propos\/partenaires\/"]}]},{"@type":"BreadcrumbList","@id":"https:\/\/challengesforum.org\/fr\/a-propos\/partenaires\/#breadcrumb","itemListElement":[{"@type":"ListItem","position":1,"name":"Home","item":"https:\/\/challengesforum.org\/fr\/"},{"@type":"ListItem","position":2,"name":"\u00c0 propos","item":"https:\/\/challengesforum.org\/fr\/a-propos\/"},{"@type":"ListItem","position":3,"name":"Partenaires"}]},{"@type":"WebSite","@id":"https:\/\/challengesforum.org\/#website","url":"https:\/\/challengesforum.org\/","name":"ChallengesForum","description":"International forum for the challenges of peace operations","potentialAction":[{"@type":"SearchAction","target":{"@type":"EntryPoint","urlTemplate":"https:\/\/challengesforum.org\/?s={search_term_string}"},"query-input":{"@type":"PropertyValueSpecification","valueRequired":true,"valueName":"search_term_string"}}],"inLanguage":"fr-FR"}]}},"_links":{"self":[{"href":"https:\/\/challengesforum.org\/fr\/wp-json\/wp\/v2\/pages\/4758","targetHints":{"allow":["GET"]}}],"collection":[{"href":"https:\/\/challengesforum.org\/fr\/wp-json\/wp\/v2\/pages"}],"about":[{"href":"https:\/\/challengesforum.org\/fr\/wp-json\/wp\/v2\/types\/page"}],"author":[{"embeddable":true,"href":"https:\/\/challengesforum.org\/fr\/wp-json\/wp\/v2\/users\/14"}],"replies":[{"embeddable":true,"href":"https:\/\/challengesforum.org\/fr\/wp-json\/wp\/v2\/comments?post=4758"}],"version-history":[{"count":1,"href":"https:\/\/challengesforum.org\/fr\/wp-json\/wp\/v2\/pages\/4758\/revisions"}],"predecessor-version":[{"id":11409,"href":"https:\/\/challengesforum.org\/fr\/wp-json\/wp\/v2\/pages\/4758\/revisions\/11409"}],"up":[{"embeddable":true,"href":"https:\/\/challengesforum.org\/fr\/wp-json\/wp\/v2\/pages\/4750"}],"wp:attachment":[{"href":"https:\/\/challengesforum.org\/fr\/wp-json\/wp\/v2\/media?parent=4758"}],"curies":[{"name":"wp","href":"https:\/\/api.w.org\/{rel}","templated":true}]}}