{"id":4760,"date":"2020-05-19T16:57:21","date_gmt":"2020-05-19T13:57:21","guid":{"rendered":"https:\/\/challengesforum.org\/?page_id=4760"},"modified":"2020-05-19T16:57:22","modified_gmt":"2020-05-19T13:57:22","slug":"le-secretariat-international-du-forum-challenges","status":"publish","type":"page","link":"https:\/\/challengesforum.org\/fr\/a-propos\/le-secretariat-international-du-forum-challenges\/","title":{"rendered":"Le Secr\u00e9tariat International du Forum Challenges"},"content":{"rendered":"\n<p>Le Secr\u00e9tariat International du Forum Challenges (SIFC) est l\u2019organe ex\u00e9cutif du Forum Challenges et agit au nom de l&#8217;enti\u00e8ret\u00e9 du Partenariat du Forum Challenges. Depuis 2003, le SIFC est accueilli par l\u2019Acad\u00e9mie Folke Bernadotte &#8211; l\u2019agence su\u00e9doise pour la paix et la s\u00e9curit\u00e9- situ\u00e9e \u00e0 Stockholm, en Su\u00e8de. Le Secr\u00e9tariat International du Forum Challenges (SIFC) dirige, planifie et coordonne le travail quotidien du Partenariat du Forum Challenges. Le SIFC est en charge de l\u2019\u00e9laboration de l\u2019agenda du Forum Challenges, de la formulation de propositions et de l\u2019appui au Partenariat dans l\u2019atteinte des objectifs strat\u00e9giques adopt\u00e9s par l\u2019Assembl\u00e9e des partenaires. Le directeur dirige le travail du SIFC et rel\u00e8ve de l\u2019Assembl\u00e9e des partenaires.<\/p>\n","protected":false},"excerpt":{"rendered":"<p>Le Secr\u00e9tariat International du Forum Challenges (SIFC) est l\u2019organe ex\u00e9cutif du Forum Challenges et agit au nom de l&#8217;enti\u00e8ret\u00e9 du Partenariat du Forum Challenges. Depuis 2003, le SIFC est accueilli&#8230; <span class=\"more-link\">Read more &raquo;<\/span><\/p>\n","protected":false},"author":14,"featured_media":0,"parent":4750,"menu_order":2,"comment_status":"closed","ping_status":"closed","template":"","meta":{"_acf_changed":false,"ghostkit_customizer_options":"","ghostkit_custom_css":"","ghostkit_custom_js_head":"","ghostkit_custom_js_foot":"","ghostkit_typography":"","footnotes":""},"class_list":["post-4760","page","type-page","status-publish","hentry"],"acf":[],"yoast_head":"<!-- This site is optimized with the Yoast SEO plugin v26.8 - https:\/\/yoast.com\/product\/yoast-seo-wordpress\/ -->\n<title>Le Secr\u00e9tariat International du Forum Challenges - ChallengesForum<\/title>\n<meta name=\"robots\" content=\"index, follow, max-snippet:-1, max-image-preview:large, max-video-preview:-1\" \/>\n<link rel=\"canonical\" href=\"https:\/\/challengesforum.org\/fr\/a-propos\/le-secretariat-international-du-forum-challenges\/\" \/>\n<meta property=\"og:locale\" content=\"fr_FR\" \/>\n<meta property=\"og:type\" content=\"article\" \/>\n<meta property=\"og:title\" content=\"Le Secr\u00e9tariat International du Forum Challenges - ChallengesForum\" \/>\n<meta property=\"og:description\" content=\"Le Secr\u00e9tariat International du Forum Challenges (SIFC) est l\u2019organe ex\u00e9cutif du Forum Challenges et agit au nom de l&#8217;enti\u00e8ret\u00e9 du Partenariat du Forum Challenges. Depuis 2003, le SIFC est accueilli... Read more &raquo;\" \/>\n<meta property=\"og:url\" content=\"https:\/\/challengesforum.org\/fr\/a-propos\/le-secretariat-international-du-forum-challenges\/\" \/>\n<meta property=\"og:site_name\" content=\"ChallengesForum\" \/>\n<meta property=\"article:publisher\" content=\"https:\/\/www.facebook.com\/challengesforum\/\" \/>\n<meta property=\"article:modified_time\" content=\"2020-05-19T13:57:22+00:00\" \/>\n<meta name=\"twitter:card\" content=\"summary_large_image\" \/>\n<meta name=\"twitter:site\" content=\"@challengesforum\" \/>\n<meta name=\"twitter:label1\" content=\"Est. reading time\" \/>\n\t<meta name=\"twitter:data1\" content=\"1 minute\" \/>\n<script type=\"application\/ld+json\" class=\"yoast-schema-graph\">{\"@context\":\"https:\/\/schema.org\",\"@graph\":[{\"@type\":\"WebPage\",\"@id\":\"https:\/\/challengesforum.org\/fr\/a-propos\/le-secretariat-international-du-forum-challenges\/\",\"url\":\"https:\/\/challengesforum.org\/fr\/a-propos\/le-secretariat-international-du-forum-challenges\/\",\"name\":\"Le Secr\u00e9tariat International du Forum Challenges - ChallengesForum\",\"isPartOf\":{\"@id\":\"https:\/\/challengesforum.org\/#website\"},\"datePublished\":\"2020-05-19T13:57:21+00:00\",\"dateModified\":\"2020-05-19T13:57:22+00:00\",\"breadcrumb\":{\"@id\":\"https:\/\/challengesforum.org\/fr\/a-propos\/le-secretariat-international-du-forum-challenges\/#breadcrumb\"},\"inLanguage\":\"fr-FR\",\"potentialAction\":[{\"@type\":\"ReadAction\",\"target\":[\"https:\/\/challengesforum.org\/fr\/a-propos\/le-secretariat-international-du-forum-challenges\/\"]}]},{\"@type\":\"BreadcrumbList\",\"@id\":\"https:\/\/challengesforum.org\/fr\/a-propos\/le-secretariat-international-du-forum-challenges\/#breadcrumb\",\"itemListElement\":[{\"@type\":\"ListItem\",\"position\":1,\"name\":\"Home\",\"item\":\"https:\/\/challengesforum.org\/fr\/\"},{\"@type\":\"ListItem\",\"position\":2,\"name\":\"\u00c0 propos\",\"item\":\"https:\/\/challengesforum.org\/fr\/a-propos\/\"},{\"@type\":\"ListItem\",\"position\":3,\"name\":\"Le Secr\u00e9tariat International du Forum Challenges\"}]},{\"@type\":\"WebSite\",\"@id\":\"https:\/\/challengesforum.org\/#website\",\"url\":\"https:\/\/challengesforum.org\/\",\"name\":\"ChallengesForum\",\"description\":\"International forum for the challenges of peace operations\",\"potentialAction\":[{\"@type\":\"SearchAction\",\"target\":{\"@type\":\"EntryPoint\",\"urlTemplate\":\"https:\/\/challengesforum.org\/?s={search_term_string}\"},\"query-input\":{\"@type\":\"PropertyValueSpecification\",\"valueRequired\":true,\"valueName\":\"search_term_string\"}}],\"inLanguage\":\"fr-FR\"}]}<\/script>\n<!-- \/ Yoast SEO plugin. -->","yoast_head_json":{"title":"Le Secr\u00e9tariat International du Forum Challenges - ChallengesForum","robots":{"index":"index","follow":"follow","max-snippet":"max-snippet:-1","max-image-preview":"max-image-preview:large","max-video-preview":"max-video-preview:-1"},"canonical":"https:\/\/challengesforum.org\/fr\/a-propos\/le-secretariat-international-du-forum-challenges\/","og_locale":"fr_FR","og_type":"article","og_title":"Le Secr\u00e9tariat International du Forum Challenges - ChallengesForum","og_description":"Le Secr\u00e9tariat International du Forum Challenges (SIFC) est l\u2019organe ex\u00e9cutif du Forum Challenges et agit au nom de l&#8217;enti\u00e8ret\u00e9 du Partenariat du Forum Challenges. Depuis 2003, le SIFC est accueilli... Read more &raquo;","og_url":"https:\/\/challengesforum.org\/fr\/a-propos\/le-secretariat-international-du-forum-challenges\/","og_site_name":"ChallengesForum","article_publisher":"https:\/\/www.facebook.com\/challengesforum\/","article_modified_time":"2020-05-19T13:57:22+00:00","twitter_card":"summary_large_image","twitter_site":"@challengesforum","twitter_misc":{"Est. reading time":"1 minute"},"schema":{"@context":"https:\/\/schema.org","@graph":[{"@type":"WebPage","@id":"https:\/\/challengesforum.org\/fr\/a-propos\/le-secretariat-international-du-forum-challenges\/","url":"https:\/\/challengesforum.org\/fr\/a-propos\/le-secretariat-international-du-forum-challenges\/","name":"Le Secr\u00e9tariat International du Forum Challenges - ChallengesForum","isPartOf":{"@id":"https:\/\/challengesforum.org\/#website"},"datePublished":"2020-05-19T13:57:21+00:00","dateModified":"2020-05-19T13:57:22+00:00","breadcrumb":{"@id":"https:\/\/challengesforum.org\/fr\/a-propos\/le-secretariat-international-du-forum-challenges\/#breadcrumb"},"inLanguage":"fr-FR","potentialAction":[{"@type":"ReadAction","target":["https:\/\/challengesforum.org\/fr\/a-propos\/le-secretariat-international-du-forum-challenges\/"]}]},{"@type":"BreadcrumbList","@id":"https:\/\/challengesforum.org\/fr\/a-propos\/le-secretariat-international-du-forum-challenges\/#breadcrumb","itemListElement":[{"@type":"ListItem","position":1,"name":"Home","item":"https:\/\/challengesforum.org\/fr\/"},{"@type":"ListItem","position":2,"name":"\u00c0 propos","item":"https:\/\/challengesforum.org\/fr\/a-propos\/"},{"@type":"ListItem","position":3,"name":"Le Secr\u00e9tariat International du Forum Challenges"}]},{"@type":"WebSite","@id":"https:\/\/challengesforum.org\/#website","url":"https:\/\/challengesforum.org\/","name":"ChallengesForum","description":"International forum for the challenges of peace operations","potentialAction":[{"@type":"SearchAction","target":{"@type":"EntryPoint","urlTemplate":"https:\/\/challengesforum.org\/?s={search_term_string}"},"query-input":{"@type":"PropertyValueSpecification","valueRequired":true,"valueName":"search_term_string"}}],"inLanguage":"fr-FR"}]}},"_links":{"self":[{"href":"https:\/\/challengesforum.org\/fr\/wp-json\/wp\/v2\/pages\/4760","targetHints":{"allow":["GET"]}}],"collection":[{"href":"https:\/\/challengesforum.org\/fr\/wp-json\/wp\/v2\/pages"}],"about":[{"href":"https:\/\/challengesforum.org\/fr\/wp-json\/wp\/v2\/types\/page"}],"author":[{"embeddable":true,"href":"https:\/\/challengesforum.org\/fr\/wp-json\/wp\/v2\/users\/14"}],"replies":[{"embeddable":true,"href":"https:\/\/challengesforum.org\/fr\/wp-json\/wp\/v2\/comments?post=4760"}],"version-history":[{"count":0,"href":"https:\/\/challengesforum.org\/fr\/wp-json\/wp\/v2\/pages\/4760\/revisions"}],"up":[{"embeddable":true,"href":"https:\/\/challengesforum.org\/fr\/wp-json\/wp\/v2\/pages\/4750"}],"wp:attachment":[{"href":"https:\/\/challengesforum.org\/fr\/wp-json\/wp\/v2\/media?parent=4760"}],"curies":[{"name":"wp","href":"https:\/\/api.w.org\/{rel}","templated":true}]}}